{"id":1626,"date":"2023-04-27T11:41:29","date_gmt":"2023-04-27T03:41:29","guid":{"rendered":"https:\/\/fsportsnet.com\/?post_type=product&#038;p=1626"},"modified":"2023-04-27T16:32:55","modified_gmt":"2023-04-27T08:32:55","slug":"foldable-football-training-rebounder-net-with-thickened-tube-and-rope","status":"publish","type":"product","link":"https:\/\/fsportsnet.com\/fr\/product\/foldable-football-training-rebounder-net-with-thickened-tube-and-rope\/","title":{"rendered":"Filet de rebondissement pliable pour l'entra\u00eenement au football avec tube \u00e9pais et corde"},"content":{"rendered":"<div id=\"featurebullets_feature_div\" class=\"celwidget\" data-feature-name=\"featurebullets\" data-csa-c-type=\"widget\" data-csa-c-content-id=\"featurebullets\" data-csa-c-slot-id=\"featurebullets_feature_div\" data-csa-c-asin=\"B00VUMGYLQ\" data-csa-c-is-in-initial-active-row=\"false\" data-csa-c-id=\"r02nsd-ek31ro-15bazj-k71de6\" data-cel-widget=\"featurebullets_feature_div\">\n<div id=\"feature-bullets\" class=\"a-section a-spacing-medium a-spacing-top-small\">\n<ul class=\"a-unordered-list a-vertical a-spacing-mini\">\n<li>1. Taille totale du rebondisseur - 2.5ftx2.5ft, 3ft x 3ft<br \/>\n2. filet de rebond : filet de polyester 7ply 1.75\u201d.<br \/>\n3. cadre du rebondisseur : \u00f825.4x 1.0mm acier peint par poudrage noir brillant<\/li>\n<\/ul>\n<h1 class=\"a-size-base-plus a-text-bold\">A propos de cet article<\/h1>\n<ul class=\"a-unordered-list a-vertical a-spacing-mini\">\n<li><span class=\"a-list-item\">Nouvellement mis \u00e0 jour ! Cadre en fer plus \u00e9pais et filet plus \u00e9pais pour s'assurer que cet article ne tombe pas en morceaux apr\u00e8s de lourds coups de pied \/ coups de poing. Peut \u00eatre utilis\u00e9 pour le football, le baseball, le basket-ball, il est tr\u00e8s robuste et durable.<\/span><\/li>\n<li><span class=\"a-list-item\">Parfait pour am\u00e9liorer les comp\u00e9tences multiples - Il contribue aux exercices de r\u00e9action, \u00e0 une r\u00e9activit\u00e9 rapide et serr\u00e9e, et est id\u00e9al pour la pratique en solo.<\/span><\/li>\n<li><span class=\"a-list-item\">OUTIL D'ENTRA\u00ceNEMENT PROFESSIONNEL - Le Rebounder est dot\u00e9 d'un filet de rebond \u00e0 haute tension. Con\u00e7u pour les joueurs qui s'entra\u00eenent ensemble ou en solo, il permet d'am\u00e9liorer la pr\u00e9cision et l'habilet\u00e9 dans tous les aspects du jeu.<\/span><\/li>\n<li><span class=\"a-list-item\">PANNEAU AJUSTABLE MULTI-ANGLES INNOVANT - Cr\u00e9ez un environnement d'entra\u00eenement plus r\u00e9aliste que n'importe quel autre rebondisseur sur le march\u00e9.<\/span><\/li>\n<li><span class=\"a-list-item\">\u3010Pour les enfants et les adolescents\u3011C'est un excellent cadeau pour les enfants. Le filet de rebond peut \u00eatre utilis\u00e9 par un grand nombre d'enfants. La taille du filet est de 2.5ftx2.5ft ou 3ft x 3ft.<\/span><\/li>\n<\/ul>\n<\/div>\n<\/div>","protected":false},"excerpt":{"rendered":"<ul class=\"a-unordered-list a-vertical\">\n<li>Description du produit<br \/>\nTaille id\u00e9ale pour l'int\u00e9rieur ou l'ext\u00e9rieur et pratique \u00e0 emporter \u00e0 la plage ou au parc. Le cadre et les composants sont les m\u00eames que ceux du Professional. L'option portable pour l'int\u00e9rieur et l'ext\u00e9rieur pour les sportifs en d\u00e9veloppement et les sportifs s\u00e9rieux a plus de zone de rebond.<br \/>\nTaille r\u00e9duite pratique pour une utilisation en int\u00e9rieur ou en ext\u00e9rieur - emmenez-le \u00e0 la plage ou au parc pour vous amuser. Un mod\u00e8le parfait pour que les enfants commencent \u00e0 s'amuser tout au long de leur vie.<br \/>\nREBONDISSEUR DURABLE : Le rebondisseur est \u00e9quip\u00e9 d'un filet de rebond \u00e0 haute tension et d'un cadre en acier robuste, con\u00e7u pour \u00eatre utilis\u00e9 par les \u00e9coles, les coll\u00e8ges et les camps de football.<\/li>\n<\/ul>","protected":false},"featured_media":1636,"template":"","meta":{"_gspb_post_css":""},"product_brand":[],"product_cat":[32],"product_tag":[],"class_list":{"0":"post-1626","1":"product","2":"type-product","3":"status-publish","4":"has-post-thumbnail","6":"product_cat-rebounder","8":"first","9":"instock","10":"shipping-taxable","11":"product-type-simple"},"_links":{"self":[{"href":"https:\/\/fsportsnet.com\/fr\/wp-json\/wp\/v2\/product\/1626","targetHints":{"allow":["GET"]}}],"collection":[{"href":"https:\/\/fsportsnet.com\/fr\/wp-json\/wp\/v2\/product"}],"about":[{"href":"https:\/\/fsportsnet.com\/fr\/wp-json\/wp\/v2\/types\/product"}],"wp:featuredmedia":[{"embeddable":true,"href":"https:\/\/fsportsnet.com\/fr\/wp-json\/wp\/v2\/media\/1636"}],"wp:attachment":[{"href":"https:\/\/fsportsnet.com\/fr\/wp-json\/wp\/v2\/media?parent=1626"}],"wp:term":[{"taxonomy":"product_brand","embeddable":true,"href":"https:\/\/fsportsnet.com\/fr\/wp-json\/wp\/v2\/product_brand?post=1626"},{"taxonomy":"product_cat","embeddable":true,"href":"https:\/\/fsportsnet.com\/fr\/wp-json\/wp\/v2\/product_cat?post=1626"},{"taxonomy":"product_tag","embeddable":true,"href":"https:\/\/fsportsnet.com\/fr\/wp-json\/wp\/v2\/product_tag?post=1626"}],"curies":[{"name":"wp","href":"https:\/\/api.w.org\/{rel}","templated":true}]}}