{"id":1651,"date":"2023-04-27T21:36:26","date_gmt":"2023-04-27T13:36:26","guid":{"rendered":"https:\/\/fsportsnet.com\/?post_type=product&#038;p=1651"},"modified":"2023-04-27T21:44:17","modified_gmt":"2023-04-27T13:44:17","slug":"sports-baseball-rebounders-pitchback-nest-pitch-return-trainer","status":"publish","type":"product","link":"https:\/\/fsportsnet.com\/fr\/product\/sports-baseball-rebounders-pitchback-nest-pitch-return-trainer\/","title":{"rendered":"Sports Baseball Rebounders Pitchback Nest Pitch Return Trainer"},"content":{"rendered":"<h4 class=\"a-size-base-plus a-text-bold\">A propos de cet article<\/h4>\n<ul class=\"a-unordered-list a-vertical a-spacing-mini\">\n<li><span class=\"a-list-item\">FILET TOUS TEMPS : Ni les pluies du printemps ni la chaleur de l'\u00e9t\u00e9 ne d\u00e9chireront le filet durable de cet entra\u00eeneur de baseball. Entra\u00eenez-vous \u00e0 retourner au baseball plus facilement et avec plus de pr\u00e9cision gr\u00e2ce \u00e0 un filet qui dure.<\/span><\/li>\n<li><span class=\"a-list-item\">DESIGN COURBE UNIQUE : Aidez votre enfant \u00e0 pratiquer les techniques de terrain sans avoir besoin de quelqu'un d'autre pour frapper les pop-ups ou les balles au sol. Aidez les enfants \u00e0 apprendre rapidement les bonnes techniques de terrain tout en leur donnant la libert\u00e9 de passer des heures \u00e0 l'ext\u00e9rieur avec cet entra\u00eeneur de baseball.<\/span><\/li>\n<li><span class=\"a-list-item\">ANGLES R\u00c9GLABLES : Les pieds courb\u00e9s et r\u00e9glables permettent d'obtenir des angles de retour maximaux pour am\u00e9liorer les performances \u00e0 l'entra\u00eenement et sur le terrain. Pourquoi investir des centaines d'euros dans une machine \u00e0 lancer quand vous pouvez obtenir plus de valeur avec l'entra\u00eeneur de retour Franklin.<\/span><\/li>\n<li><span class=\"a-list-item\">CADRE EN ACIER DURABLE : Bien que ce filet d'entra\u00eenement de baseball soit con\u00e7u pour tous les types de temps, vous pouvez plier le cadre en acier durable pour le ranger facilement lorsqu'il n'est pas utilis\u00e9. Profitez de plusieurs ann\u00e9es d'entra\u00eenement fiable avec ce filet de lancer.<\/span><\/li>\n<li><span class=\"a-list-item\">PRATIQUE DES TECHNIQUES DE CHAMP : Les enfants comme les adultes appr\u00e9cieront l'utilisation de ce filet flyback robuste, solide et fiable. En plus de son cadre en acier, il est livr\u00e9 avec des piquets pour une plus grande stabilit\u00e9, lancer apr\u00e8s lancer.<\/span><\/li>\n<\/ul>","protected":false},"excerpt":{"rendered":"<ul class=\"a-unordered-list a-vertical\">\n<li>\n<h4 class=\"default\">Description du produit<\/h4>\n<div id=\"productDescription\" class=\"a-section a-spacing-small\">\n<p>Parfait pour l'entra\u00eenement au terrain, ce filet d'entra\u00eenement au baseball permet aux enfants et aux adultes de s'attaquer \u00e0 des balles frapp\u00e9es, \u00e0 des balles au sol et \u00e0 tout ce qui se trouve entre les deux, sous tous les angles possibles. Qu'il s'agisse d'entra\u00eenement au baseball ou au softball, aucun autre entra\u00eeneur de baseball n'offre un filet de lancer aussi fiable et un cadre en acier pour une fiabilit\u00e9 maximale et une utilisation robuste, jour apr\u00e8s jour.<\/p>\n<p>D\u00e9sormais, les enfants peuvent s'entra\u00eener avec un lanceur de balles de baseball qui leur permet d'am\u00e9liorer leurs comp\u00e9tences de mani\u00e8re ind\u00e9pendante. Ce filet rebondisseur de baseball tout temps offre un entra\u00eenement sur le terrain plus efficace qu'un lanceur, tout en permettant une pratique et une am\u00e9lioration constantes. Disponible en deux tailles, 68 x 48 et 68 x 44, ce retourneur de balles de baseball peut facilement \u00eatre install\u00e9 dans une arri\u00e8re-cour, sur un patio ou dans n'importe quel espace ouvert.<\/p>\n<p>Am\u00e9liorez vos comp\u00e9tences en mati\u00e8re d'attrape avec un filet de baseball qui permet de s'entra\u00eener au lancer-retour. Ne perdez pas de temps avec un filet d'entra\u00eenement de qualit\u00e9 inf\u00e9rieure qui se d\u00e9forme ou se d\u00e9chire. Voyez pourquoi l'entra\u00eeneur de retour Franklin offre la meilleure valeur et la plus haute qualit\u00e9 !<\/p>\n<\/div>\n<\/li>\n<\/ul>","protected":false},"featured_media":1635,"template":"","meta":{"_gspb_post_css":""},"product_brand":[],"product_cat":[32],"product_tag":[],"class_list":{"0":"post-1651","1":"product","2":"type-product","3":"status-publish","4":"has-post-thumbnail","6":"product_cat-rebounder","8":"first","9":"instock","10":"shipping-taxable","11":"product-type-simple"},"_links":{"self":[{"href":"https:\/\/fsportsnet.com\/fr\/wp-json\/wp\/v2\/product\/1651","targetHints":{"allow":["GET"]}}],"collection":[{"href":"https:\/\/fsportsnet.com\/fr\/wp-json\/wp\/v2\/product"}],"about":[{"href":"https:\/\/fsportsnet.com\/fr\/wp-json\/wp\/v2\/types\/product"}],"wp:featuredmedia":[{"embeddable":true,"href":"https:\/\/fsportsnet.com\/fr\/wp-json\/wp\/v2\/media\/1635"}],"wp:attachment":[{"href":"https:\/\/fsportsnet.com\/fr\/wp-json\/wp\/v2\/media?parent=1651"}],"wp:term":[{"taxonomy":"product_brand","embeddable":true,"href":"https:\/\/fsportsnet.com\/fr\/wp-json\/wp\/v2\/product_brand?post=1651"},{"taxonomy":"product_cat","embeddable":true,"href":"https:\/\/fsportsnet.com\/fr\/wp-json\/wp\/v2\/product_cat?post=1651"},{"taxonomy":"product_tag","embeddable":true,"href":"https:\/\/fsportsnet.com\/fr\/wp-json\/wp\/v2\/product_tag?post=1651"}],"curies":[{"name":"wp","href":"https:\/\/api.w.org\/{rel}","templated":true}]}}