{"id":1652,"date":"2023-04-27T21:44:28","date_gmt":"2023-04-27T13:44:28","guid":{"rendered":"https:\/\/fsportsnet.com\/?post_type=product&#038;p=1652"},"modified":"2023-04-27T21:52:23","modified_gmt":"2023-04-27T13:52:23","slug":"infinity-pitchback-screen-rebound-net-for-baseball-softball-training","status":"publish","type":"product","link":"https:\/\/fsportsnet.com\/fr\/product\/infinity-pitchback-screen-rebound-net-for-baseball-softball-training\/","title":{"rendered":"Infinity Pitchback Screen Rebound Net pour l'entra\u00eenement de baseball et de softball"},"content":{"rendered":"<div id=\"featurebullets_feature_div\" class=\"celwidget\" data-feature-name=\"featurebullets\" data-csa-c-type=\"widget\" data-csa-c-content-id=\"featurebullets\" data-csa-c-slot-id=\"featurebullets_feature_div\" data-csa-c-asin=\"B00K4XH0EM\" data-csa-c-is-in-initial-active-row=\"false\" data-csa-c-id=\"76qs42-vg6emc-jbfs85-a0hjc1\" data-cel-widget=\"featurebullets_feature_div\">\n<div id=\"feature-bullets\" class=\"a-section a-spacing-medium a-spacing-top-small\">\n<h4 class=\"a-size-base-plus a-text-bold\">A propos de cet article<\/h4>\n<ul class=\"a-unordered-list a-vertical a-spacing-mini\">\n<li><span class=\"a-list-item\">AUCUN AJUSTEMENT N\u00c9CESSAIRE : Con\u00e7u avec une courbe unique, l'\u00e9cran Infinity Pitchback rebondit sur les balles \u00e0 un nombre infini d'angles sans ajustement. Restez concentr\u00e9 et entra\u00eenez-vous plus longtemps au lieu de vous arr\u00eater pour changer l'orientation du filet.<\/span><\/li>\n<li><span class=\"a-list-item\">L'OUTIL D'ENTRA\u00ceNEMENT ULTIME : Utilisez l'\u00e9cran Infinity Pitchback Screen pour une vari\u00e9t\u00e9 d'objectifs d'entra\u00eenement. Entra\u00eenez-vous \u00e0 lancer tout autour de la plaque gr\u00e2ce au contour de la zone de frappe r\u00e9glable. Effectuez des balles improvis\u00e9es, des balles au sol et des frappes en ligne, seul ou avec vos co\u00e9quipiers.<\/span><\/li>\n<li><span class=\"a-list-item\">AUGMENTATION DE L'AGILIT\u00c9 : La direction du rebond change en fonction de l'endroit o\u00f9 la balle entre en contact, ce qui fait de cet \u00e9cran pitchback un outil id\u00e9al pour les exercices d'entra\u00eenement. Augmente l'agilit\u00e9 des joueurs en r\u00e9agissant aux balles lanc\u00e9es \u00e0 des angles bizarres et inattendus.<\/span><\/li>\n<li><span class=\"a-list-item\">CADRE EN ACIER DURABLE : Le cadre de 54 x 36 pouces (4,5 x 3 pieds) est fait de tubes d'acier de 1 pouce de diam\u00e8tre, avec un rev\u00eatement en poudre pour une finition plus dure et plus r\u00e9sistante qui dure pendant des saisons d'utilisation.<\/span><\/li>\n<li><span class=\"a-list-item\">FILET R\u00c9SISTANT AUX INTEMP\u00c9RIES : Le filet en poly\u00e9thyl\u00e8ne (PE) 30 plis r\u00e9sistant aux intemp\u00e9ries est fix\u00e9 par 28 ressorts en acier, ce qui lui permet de faire rebondir les ballons avec brio et de durer des saisons, m\u00eame dans des conditions m\u00e9t\u00e9orologiques difficiles.<\/span><\/li>\n<\/ul>\n<\/div>\n<\/div>\n<div id=\"provenanceCertifications_feature_div\" class=\"celwidget\" data-feature-name=\"provenanceCertifications\" data-csa-c-type=\"widget\" data-csa-c-content-id=\"provenanceCertifications\" data-csa-c-slot-id=\"provenanceCertifications_feature_div\" data-csa-c-asin=\"B00K4XH0EM\" data-csa-c-is-in-initial-active-row=\"false\" data-csa-c-id=\"9ycc5i-pj91ze-7iqs3v-3s236e\" data-cel-widget=\"provenanceCertifications_feature_div\"><\/div>\n<div id=\"serviceCapabilities_feature_div\" class=\"celwidget\" data-feature-name=\"serviceCapabilities\" data-csa-c-type=\"widget\" data-csa-c-content-id=\"serviceCapabilities\" data-csa-c-slot-id=\"serviceCapabilities_feature_div\" data-csa-c-asin=\"B00K4XH0EM\" data-csa-c-is-in-initial-active-row=\"false\" data-csa-c-id=\"q37kwg-bbuz9n-xifnc5-5dab9k\" data-cel-widget=\"serviceCapabilities_feature_div\"><\/div>","protected":false},"excerpt":{"rendered":"<ul class=\"a-unordered-list a-vertical\">\n<li>\n<h4 class=\"default\">Description du produit<\/h4>\n<div id=\"productDescription\" class=\"a-section a-spacing-small\">\n<p>Parfait pour l'entra\u00eenement au terrain, ce filet d'entra\u00eenement au baseball permet aux enfants et aux adultes de s'attaquer \u00e0 des balles frapp\u00e9es, \u00e0 des balles au sol et \u00e0 tout ce qui se trouve entre les deux, sous tous les angles possibles. Qu'il s'agisse d'entra\u00eenement au baseball ou au softball, aucun autre entra\u00eeneur de baseball n'offre un filet de lancer aussi fiable et un cadre en acier pour une fiabilit\u00e9 maximale et une utilisation robuste, jour apr\u00e8s jour.<\/p>\n<h3 class=\"a-spacing-mini\">Angles de rebond infinis sans r\u00e9glage<\/h3>\n<p>La forme unique de l'\u00e9cran Infinity Rebound Screen permet de renvoyer les balles au sol, les frappes en ligne et les pop-fly sans aucun ajustement. Lancez la balle en haut de l'\u00e9cran pour les balles au sol, au centre pour les frappes en ligne et en bas pour les pop-fly.<\/p>\n<\/div>\n<\/li>\n<\/ul>","protected":false},"featured_media":1639,"template":"","meta":{"_gspb_post_css":""},"product_brand":[],"product_cat":[32],"product_tag":[],"class_list":{"0":"post-1652","1":"product","2":"type-product","3":"status-publish","4":"has-post-thumbnail","6":"product_cat-rebounder","8":"first","9":"instock","10":"shipping-taxable","11":"product-type-simple"},"_links":{"self":[{"href":"https:\/\/fsportsnet.com\/fr\/wp-json\/wp\/v2\/product\/1652","targetHints":{"allow":["GET"]}}],"collection":[{"href":"https:\/\/fsportsnet.com\/fr\/wp-json\/wp\/v2\/product"}],"about":[{"href":"https:\/\/fsportsnet.com\/fr\/wp-json\/wp\/v2\/types\/product"}],"wp:featuredmedia":[{"embeddable":true,"href":"https:\/\/fsportsnet.com\/fr\/wp-json\/wp\/v2\/media\/1639"}],"wp:attachment":[{"href":"https:\/\/fsportsnet.com\/fr\/wp-json\/wp\/v2\/media?parent=1652"}],"wp:term":[{"taxonomy":"product_brand","embeddable":true,"href":"https:\/\/fsportsnet.com\/fr\/wp-json\/wp\/v2\/product_brand?post=1652"},{"taxonomy":"product_cat","embeddable":true,"href":"https:\/\/fsportsnet.com\/fr\/wp-json\/wp\/v2\/product_cat?post=1652"},{"taxonomy":"product_tag","embeddable":true,"href":"https:\/\/fsportsnet.com\/fr\/wp-json\/wp\/v2\/product_tag?post=1652"}],"curies":[{"name":"wp","href":"https:\/\/api.w.org\/{rel}","templated":true}]}}