{"id":1666,"date":"2023-04-29T13:48:26","date_gmt":"2023-04-29T05:48:26","guid":{"rendered":"https:\/\/fsportsnet.com\/?post_type=product&#038;p=1666"},"modified":"2023-04-29T13:48:57","modified_gmt":"2023-04-29T05:48:57","slug":"switch-ball-game-set-with-2-launch-mesh-nets-and-2-balls","status":"publish","type":"product","link":"https:\/\/fsportsnet.com\/fr\/product\/switch-ball-game-set-with-2-launch-mesh-nets-and-2-balls\/","title":{"rendered":"Jeu de balle Switch avec 2 filets en maille de lancement et 2 balles"},"content":{"rendered":"<h4 class=\"a-size-base-plus a-text-bold\">A propos de cet article<\/h4>\n<ul class=\"a-unordered-list a-vertical a-spacing-mini\">\n<li class=\"a-spacing-mini\"><span class=\"a-list-item\">Jouet amusant : jeu de flingues mono pour les enfants, les adolescents, les familles et parfait pour l'int\u00e9rieur et l'ext\u00e9rieur, l'arri\u00e8re-cour, la plage et le jeu de tailgate ou les salles de r\u00e9cr\u00e9ation.<\/span><\/li>\n<li class=\"a-spacing-mini\"><span class=\"a-list-item\">GRAND D\u00c9VELOPPEMENT : ce jeu de lancer de balle est un excellent moyen de d\u00e9velopper la coordination main-\u0153il, il renforce les muscles des mains et des bras et il est unique et amusant \u00e0 jouer.<\/span><\/li>\n<li class=\"a-spacing-mini\"><span class=\"a-list-item\">LES JEUX D'EXT\u00c9RIEUR MAINTENENT LES ENFANTS EN ACTIVIT\u00c9 : ils aident les enfants \u00e0 devenir plus actifs et plus sociables : non seulement les enfants am\u00e9liorent leurs comp\u00e9tences interpersonnelles, mais ils apprennent aussi des le\u00e7ons pr\u00e9cieuses sur l'esprit d'\u00e9quipe et la comp\u00e9tition saine : un enfant peut apprendre que c'est la comp\u00e9tition saine plut\u00f4t que la victoire qui est la plus importante.<\/span><\/li>\n<li class=\"a-spacing-mini\"><span class=\"a-list-item\">JEUX POUR ENFANTS : ils peuvent aider \u00e0 canaliser positivement les \u00e9nergies physiques et mentales d'un enfant. Les jeux pour enfants peuvent \u00e9galement aider un enfant \u00e0 am\u00e9liorer ses capacit\u00e9s de concentration et lui enseigner l'importance de l'ach\u00e8vement d'une t\u00e2che : ils peuvent ainsi am\u00e9liorer sa propre estime de soi.<\/span><\/li>\n<li class=\"a-spacing-mini\"><span class=\"a-list-item\">CONTENU : 2 filets de lancement, 1 balle de tennis, 1 balle de pickle<\/span><\/li>\n<li>Chaque joueur dispose d'un filet et d'un seul ballon. Vous commencez par passer la balle \u00e0 l'autre joueur en donnant une pichenette sur le filet et en propulsant la balle dans les airs en direction de l'autre joueur, qui l'attrapera dans son filet ou la fera ricocher sur son propre filet et vous la renverra. Vous pouvez jouer en comp\u00e9tition ou en \u00e9quipe et essayer d'obtenir un nouveau meilleur score.Gar\u00e7on jouant \u00e0 Mono Fling Switch Ball \u00e0 la plage sous le soleil d'\u00e9t\u00e9 avec des amis.<br \/>\nNouveau jeu - Nouvelles comp\u00e9tences !<br \/>\nC'est un excellent jeu si vous cherchez quelque chose de tout \u00e0 fait nouveau comme jouet d'ext\u00e9rieur. Il y a une petite courbe d'apprentissage au d\u00e9but, mais apr\u00e8s environ 10 minutes, vous verrez que c'est assez intuitif et extr\u00eamement amusant ! Les jeux de balle normaux o\u00f9 l'on se passe simplement quelque chose dans les deux sens peuvent \u00eatre trop faciles et, apr\u00e8s 10 minutes, devenir vraiment ennuyeux et tra\u00eenants. Cependant, Switch Ball est g\u00e9nial parce qu'il ne s'agit pas seulement d'une balle. Le timing, la coordination \u0153il-main et la motricit\u00e9 fine sont vraiment n\u00e9cessaires pour jouer \u00e0 ce jeu !<\/p>\n<p>Switch Ball Comprend, deux balles, 2 filets<br \/>\nL'ensemble comprend<br \/>\nSwitch Ball Mono Fling, comprend une balle de tennis, une balle de pickle, deux filets pour 2 joueurs et une mallette de transport pour tout emporter partout.<\/p>\n<p>Jouez pratiquement n'importe o\u00f9, \u00e0 la plage, au parc, dans votre jardin et bien plus encore !<\/p>\n<p>Fille jouant \u00e0 la balle Switch Ball au parc, au bord de l'eau, s'amusant avec ses amies.<br \/>\nLancer un nouvel engouement<br \/>\nLa Mono Fling Switch Ball est toute nouvelle sur le march\u00e9 et a suscit\u00e9 beaucoup d'enthousiasme au cours des mois qui ont suivi la cr\u00e9ation de ce produit unique en son genre ! Ne perdez pas votre temps et essayez notre tout nouveau set !<\/li>\n<\/ul>","protected":false},"excerpt":{"rendered":"<p>Switch Ball est un tout nouveau jeu de balle, semblable aux jeux de badminton, de tennis et de padel en un seul jeu !<\/p>","protected":false},"featured_media":1669,"template":"","meta":{"_gspb_post_css":""},"product_brand":[],"product_cat":[35,40],"product_tag":[],"class_list":{"0":"post-1666","1":"product","2":"type-product","3":"status-publish","4":"has-post-thumbnail","6":"product_cat-multi-sports-net","7":"product_cat-outdoor-net","9":"first","10":"instock","11":"shipping-taxable","12":"product-type-simple"},"_links":{"self":[{"href":"https:\/\/fsportsnet.com\/fr\/wp-json\/wp\/v2\/product\/1666","targetHints":{"allow":["GET"]}}],"collection":[{"href":"https:\/\/fsportsnet.com\/fr\/wp-json\/wp\/v2\/product"}],"about":[{"href":"https:\/\/fsportsnet.com\/fr\/wp-json\/wp\/v2\/types\/product"}],"wp:featuredmedia":[{"embeddable":true,"href":"https:\/\/fsportsnet.com\/fr\/wp-json\/wp\/v2\/media\/1669"}],"wp:attachment":[{"href":"https:\/\/fsportsnet.com\/fr\/wp-json\/wp\/v2\/media?parent=1666"}],"wp:term":[{"taxonomy":"product_brand","embeddable":true,"href":"https:\/\/fsportsnet.com\/fr\/wp-json\/wp\/v2\/product_brand?post=1666"},{"taxonomy":"product_cat","embeddable":true,"href":"https:\/\/fsportsnet.com\/fr\/wp-json\/wp\/v2\/product_cat?post=1666"},{"taxonomy":"product_tag","embeddable":true,"href":"https:\/\/fsportsnet.com\/fr\/wp-json\/wp\/v2\/product_tag?post=1666"}],"curies":[{"name":"wp","href":"https:\/\/api.w.org\/{rel}","templated":true}]}}