{"id":45591,"date":"2025-03-01T07:45:53","date_gmt":"2025-03-01T07:45:53","guid":{"rendered":"https:\/\/fsportsnet.com\/?post_type=product&#038;p=45591"},"modified":"2025-03-01T07:50:00","modified_gmt":"2025-03-01T07:50:00","slug":"softball-baseball-batting-cage-netting-heavy-duty-pe-pitching-batting-net-one-piece-square-practice-portable-pitching-cage-net-w-bag-net-only","status":"publish","type":"product","link":"https:\/\/fsportsnet.com\/fr\/product\/softball-baseball-batting-cage-netting-heavy-duty-pe-pitching-batting-net-one-piece-square-practice-portable-pitching-cage-net-w-bag-net-only\/","title":{"rendered":"Softball Baseball Batting Cage Netting Heavy Duty PE Pitching Batting Net ,One-piece Square Practice Portable Pitching Cage Net w\/Bag (Net Only)"},"content":{"rendered":"<p>A propos de cet article<br \/>\nCage de frappe durable et de grande taille : ce filet de cage de frappe de haute qualit\u00e9 est un excellent choix pour l'\u00e9quipement d'entra\u00eenement de baseball et de softball. Mesurant 35x10x10FT, elle est parfaite pour tous les amateurs de sport, les pr\u00e9parateurs physiques et les entra\u00eeneurs professionnels, offrant un terrain d'entra\u00eenement exclusif. Sa conception enti\u00e8rement ferm\u00e9e permet d'\u00e9viter que les balles ne s'envolent au loin pendant l'entra\u00eenement. Convient pour une utilisation en int\u00e9rieur et en ext\u00e9rieur. Remarque : les poteaux et le cadre ne sont pas inclus.<br \/>\nFilet \u00e0 conception int\u00e9gr\u00e9e : Sp\u00e9cialement con\u00e7u pour les cages de baseball, ce filet d'une seule pi\u00e8ce remplace les cages de baseball carr\u00e9es. Sa conception enti\u00e8rement ferm\u00e9e vous \u00e9vite d'avoir \u00e0 chercher des balles perdues, ce qui le rend id\u00e9al pour l'entra\u00eenement des batteurs et des lanceurs, et permet d'am\u00e9liorer consid\u00e9rablement les capacit\u00e9s des batteurs et des lanceurs.<br \/>\nMaille de haute qualit\u00e9 : Fabriqu\u00e9 en PE, ce filet de cage de frappe poss\u00e8de une excellente r\u00e9sistance aux intemp\u00e9ries et peut \u00eatre utilis\u00e9 dans toutes les conditions. Il r\u00e9siste \u00e0 l'usure et \u00e0 la corrosion, au vent et \u00e0 la pluie, et pr\u00e9vient efficacement les dommages caus\u00e9s par le soleil. Fabriqu\u00e9 \u00e0 partir de mailles nou\u00e9es \u00e0 30 brins, il est tr\u00e8s durable, ce qui lui assure une plus longue dur\u00e9e de vie. Les mailles sont \u00e9paisses et r\u00e9sistantes \u00e0 la d\u00e9chirure, ce qui permet de r\u00e9sister efficacement \u00e0 l'impact des balles frapp\u00e9es.<br \/>\nConception humanis\u00e9e : La nouvelle porte de la cage s'ouvre et se ferme \u00e0 l'aide de crochets et de boucles, ce qui facilite l'entr\u00e9e et la sortie des athl\u00e8tes sur le terrain d'entra\u00eenement. Cette conception am\u00e9liore votre exp\u00e9rience d'entra\u00eenement, et le filet de la cage de frappe convient aux athl\u00e8tes de tous \u00e2ges.<br \/>\nFacile \u00e0 installer : Cet \u00e9quipement de cage d'entra\u00eenement pour le baseball et le softball peut \u00eatre install\u00e9 avec succ\u00e8s par deux personnes seulement, gr\u00e2ce \u00e0 sa structure simple et \u00e0 ses instructions claires. Facile \u00e0 installer en une seule fois. Livr\u00e9e avec un sac de rangement, elle est facile \u00e0 d\u00e9placer et id\u00e9ale pour \u00eatre transport\u00e9e sur les terrains de sport int\u00e9rieurs ou ext\u00e9rieurs.<\/p>","protected":false},"excerpt":{"rendered":"<p>Des possibilit\u00e9s de formation illimit\u00e9es<br \/>\nD\u00e9couvrez la polyvalence de la cage de frappe pour le baseball et le softball. Compatible avec une large gamme de balles, y compris les balles de baseball, les balles de golf, les balles de tennis et les volants de badminton, ce filet r\u00e9pond \u00e0 tous vos besoins d'entra\u00eenement. Que vous vous entra\u00eeniez \u00e0 l'int\u00e9rieur ou \u00e0 l'ext\u00e9rieur, ce filet vous couvre. Dites adieu aux limites et lib\u00e9rez tout votre potentiel gr\u00e2ce \u00e0 cet outil d'entra\u00eenement exceptionnel.<\/p>","protected":false},"featured_media":45598,"template":"","meta":{"_gspb_post_css":""},"product_brand":[],"product_cat":[25],"product_tag":[28],"class_list":{"0":"post-45591","1":"product","2":"type-product","3":"status-publish","4":"has-post-thumbnail","6":"product_cat-baseball-net","7":"product_tag-baseball-net","9":"first","10":"instock","11":"shipping-taxable","12":"product-type-simple"},"_links":{"self":[{"href":"https:\/\/fsportsnet.com\/fr\/wp-json\/wp\/v2\/product\/45591","targetHints":{"allow":["GET"]}}],"collection":[{"href":"https:\/\/fsportsnet.com\/fr\/wp-json\/wp\/v2\/product"}],"about":[{"href":"https:\/\/fsportsnet.com\/fr\/wp-json\/wp\/v2\/types\/product"}],"wp:featuredmedia":[{"embeddable":true,"href":"https:\/\/fsportsnet.com\/fr\/wp-json\/wp\/v2\/media\/45598"}],"wp:attachment":[{"href":"https:\/\/fsportsnet.com\/fr\/wp-json\/wp\/v2\/media?parent=45591"}],"wp:term":[{"taxonomy":"product_brand","embeddable":true,"href":"https:\/\/fsportsnet.com\/fr\/wp-json\/wp\/v2\/product_brand?post=45591"},{"taxonomy":"product_cat","embeddable":true,"href":"https:\/\/fsportsnet.com\/fr\/wp-json\/wp\/v2\/product_cat?post=45591"},{"taxonomy":"product_tag","embeddable":true,"href":"https:\/\/fsportsnet.com\/fr\/wp-json\/wp\/v2\/product_tag?post=45591"}],"curies":[{"name":"wp","href":"https:\/\/api.w.org\/{rel}","templated":true}]}}