{"id":45616,"date":"2025-09-11T16:39:38","date_gmt":"2025-09-11T16:39:38","guid":{"rendered":"https:\/\/fsportsnet.com\/?post_type=product&#038;p=45616"},"modified":"2025-10-07T08:42:07","modified_gmt":"2025-10-07T08:42:07","slug":"45616","status":"publish","type":"product","link":"https:\/\/fsportsnet.com\/fr\/product\/45616\/","title":{"rendered":"Cage de golf Fangsheng avec \u00e9cran HD"},"content":{"rendered":"<p>Cage d'entra\u00eenement pour le golf, 10x7ft, cadre en acier lourd avec 2 barri\u00e8res lat\u00e9rales en filet, pour l'entra\u00eenement au drive, au chipping et au swing dans l'arri\u00e8re-cour, pour l'int\u00e9rieur et l'ext\u00e9rieur.<\/p>","protected":false},"excerpt":{"rendered":"<p>Fangsheng Golf Cage Practice Hitting Net, 10x7ft Heavy Steel Frame with 2 Net Side Barriers, for Backyard Driving Chipping Swing Training, Home Range for Indoor&amp; Outdoor.<\/p>","protected":false},"featured_media":45619,"template":"","meta":{"_gspb_post_css":""},"product_brand":[],"product_cat":[26],"product_tag":[],"class_list":{"0":"post-45616","1":"product","2":"type-product","3":"status-publish","4":"has-post-thumbnail","6":"product_cat-golf-net","8":"first","9":"instock","10":"shipping-taxable","11":"product-type-simple"},"_links":{"self":[{"href":"https:\/\/fsportsnet.com\/fr\/wp-json\/wp\/v2\/product\/45616","targetHints":{"allow":["GET"]}}],"collection":[{"href":"https:\/\/fsportsnet.com\/fr\/wp-json\/wp\/v2\/product"}],"about":[{"href":"https:\/\/fsportsnet.com\/fr\/wp-json\/wp\/v2\/types\/product"}],"wp:featuredmedia":[{"embeddable":true,"href":"https:\/\/fsportsnet.com\/fr\/wp-json\/wp\/v2\/media\/45619"}],"wp:attachment":[{"href":"https:\/\/fsportsnet.com\/fr\/wp-json\/wp\/v2\/media?parent=45616"}],"wp:term":[{"taxonomy":"product_brand","embeddable":true,"href":"https:\/\/fsportsnet.com\/fr\/wp-json\/wp\/v2\/product_brand?post=45616"},{"taxonomy":"product_cat","embeddable":true,"href":"https:\/\/fsportsnet.com\/fr\/wp-json\/wp\/v2\/product_cat?post=45616"},{"taxonomy":"product_tag","embeddable":true,"href":"https:\/\/fsportsnet.com\/fr\/wp-json\/wp\/v2\/product_tag?post=45616"}],"curies":[{"name":"wp","href":"https:\/\/api.w.org\/{rel}","templated":true}]}}