{"id":45626,"date":"2025-09-11T17:00:58","date_gmt":"2025-09-11T17:00:58","guid":{"rendered":"https:\/\/fsportsnet.com\/?post_type=product&#038;p=45626"},"modified":"2025-10-07T08:41:47","modified_gmt":"2025-10-07T08:41:47","slug":"10-x-8-ft-golf-practice-hitting-net","status":"publish","type":"product","link":"https:\/\/fsportsnet.com\/fr\/product\/10-x-8-ft-golf-practice-hitting-net\/","title":{"rendered":"Fangsheng 10 x 8 ft Golf Practice Hitting Net"},"content":{"rendered":"<p>PN : GN016<br \/>\nCAGE DE GOLF : Entra\u00eenez-vous en toute confiance avec de vraies balles de golf ; la cage est \u00e9quip\u00e9e de filets int\u00e9gr\u00e9s de chaque c\u00f4t\u00e9 et d'un filet de protection sur le dessus ; elle est dot\u00e9e d'un \u00e9cran antichoc en polyester tiss\u00e9 de haute densit\u00e9 \u00e0 utiliser avec les simulateurs de golf et les projecteurs (non inclus).<br \/>\n\u00c9CRAN SIM : comprend un \u00e9cran de 88 x 80 pouces en polyester tiss\u00e9 haute densit\u00e9 pour fournir une toile de fond durable pour le projecteur ; moniteur de lancement et projecteur non inclus.<br \/>\nCONSTRUCTION PREMIUM : Construit pour supporter toutes les vitesses de swing ; Fabriqu\u00e9 en fibre de verre solide avec un filet ultra-durable et un \u00e9cran d'impact renforc\u00e9 ; La base du cadre en acier doubl\u00e9 de mousse minimise les rebonds et emp\u00eache les balles de glisser en dessous.<br \/>\nCAGE SUP\u00c9RIEURE : Permet de s'entra\u00eener avec des clubs de grande hauteur comme les wedges, les chips et m\u00eame les flops. Prot\u00e8ge votre plafond pendant l'entra\u00eenement en salle.<br \/>\nGRANDE TAILLE : 10\u2032 x 8\u2032 x 5,5\u2032 pour les golfeurs de tous niveaux, droitiers ou gauchers ; assemblage en 5 minutes environ et \u00e9tui de transport pour le rangement ; taille recommand\u00e9e pour la pi\u00e8ce : plafond de 9 pieds de haut avec suffisamment d'espace pour la distance de frappe souhait\u00e9e.<\/p>","protected":false},"excerpt":{"rendered":"<p>Golf Range Cage 10 x 8 ft Golf Practice Hitting Net - Choisissez entre Graphiques imprim\u00e9s Impact Screen, Blank Simulator Screen, ou Classic Net<\/p>","protected":false},"featured_media":45629,"template":"","meta":{"_gspb_post_css":""},"product_brand":[],"product_cat":[26],"product_tag":[],"class_list":{"0":"post-45626","1":"product","2":"type-product","3":"status-publish","4":"has-post-thumbnail","6":"product_cat-golf-net","8":"first","9":"instock","10":"shipping-taxable","11":"product-type-simple"},"_links":{"self":[{"href":"https:\/\/fsportsnet.com\/fr\/wp-json\/wp\/v2\/product\/45626","targetHints":{"allow":["GET"]}}],"collection":[{"href":"https:\/\/fsportsnet.com\/fr\/wp-json\/wp\/v2\/product"}],"about":[{"href":"https:\/\/fsportsnet.com\/fr\/wp-json\/wp\/v2\/types\/product"}],"wp:featuredmedia":[{"embeddable":true,"href":"https:\/\/fsportsnet.com\/fr\/wp-json\/wp\/v2\/media\/45629"}],"wp:attachment":[{"href":"https:\/\/fsportsnet.com\/fr\/wp-json\/wp\/v2\/media?parent=45626"}],"wp:term":[{"taxonomy":"product_brand","embeddable":true,"href":"https:\/\/fsportsnet.com\/fr\/wp-json\/wp\/v2\/product_brand?post=45626"},{"taxonomy":"product_cat","embeddable":true,"href":"https:\/\/fsportsnet.com\/fr\/wp-json\/wp\/v2\/product_cat?post=45626"},{"taxonomy":"product_tag","embeddable":true,"href":"https:\/\/fsportsnet.com\/fr\/wp-json\/wp\/v2\/product_tag?post=45626"}],"curies":[{"name":"wp","href":"https:\/\/api.w.org\/{rel}","templated":true}]}}