{"id":571,"date":"2023-04-05T22:24:56","date_gmt":"2023-04-05T14:24:56","guid":{"rendered":"https:\/\/fsportsnet.com\/?post_type=product&#038;p=571"},"modified":"2023-04-25T11:38:30","modified_gmt":"2023-04-25T03:38:30","slug":"7x7-factory-wholesale-high-quality-portable-pitching-hitting-baseball-net","status":"publish","type":"product","link":"https:\/\/fsportsnet.com\/fr\/product\/7x7-factory-wholesale-high-quality-portable-pitching-hitting-baseball-net\/","title":{"rendered":"7\u2032 X 7\u2032 Filet de Baseball Softball Deluxe Tee Ball Caddy"},"content":{"rendered":"<p>1. Taille totale : 7 x 7\u2032<br \/>\n2. Cadre : Tube en fer de 1\u2033 dia 1.0mm d'\u00e9paisseur peint en noir<br \/>\n3. Poteau : \u03a612.7mm fibre de verre noire solide<br \/>\n4. Filet : Filet sans n\u0153uds en polyester noir 7 plis 1.75\u2033 avec reliure en tissu 420D<br \/>\n5. Mat\u00e9riau de la valise : Tissu oxford 600D<br \/>\n6. Emballage : Chaque ensemble dans un carton K=K, 114\u00d714.8\u00d714.8cm<br \/>\n7. G.W6.2kg, N.W 5.5kg<br \/>\n8. Emballage : 1 x filet, 4 x tubes m\u00e9talliques, 4 x piquets, 1 x sac de transport, 4 x piquets en forme de U, 1 x instructions A4<\/p>\n<p>\u3010TOUT EN UN POUR LES ENTRA\u00ceNEURS\u3011 7\u2019x7\u2032 Filet de pratique de baseball Softball + Tee Deluxe (4.20 lbs) + Ball Caddy + 3 Pack Baseballs + Strike Zone Emball\u00e9 ensemble pour les entra\u00eeneurs, la zone de frappe d\u00e9sign\u00e9e rend plus facile \u00e0 frapper, parfait pour les d\u00e9butants ainsi que les professionnels \u00e0 pratiquer ; Ce filet de pratique de baseball et de softball est id\u00e9al pour la formation de la famille et est adapt\u00e9 pour l'\u00e9quipe ou la formation en solo, fournira tout ce dont vous avez besoin pour la configuration de la formation soit \u00e0 l'ext\u00e9rieur, arri\u00e8re-cour, cour, pelouse ou n'importe o\u00f9.<br \/>\n\u3010EASY SETUP AND ULTRA PORTABLE \u3011 Le DLX NET 7\u2019x7\u2019 se monte en moins de 2 minutes. Il comprend des piquets en acier pour plus de stabilit\u00e9. Et notre filet de baseball s'assemble rapidement et peut \u00eatre emball\u00e9 dans un sac de transport pour un stockage et un placement faciles, l\u00e9ger pour un portage et un transport faciles.<br \/>\n\u3010DELUXE TEE \u3011 Id\u00e9al pour toute s\u00e9ance de travail de tee au b\u00e2ton. Le tee de baseball est ajustable en hauteur de 13.8\u201d \u00e0 37.4\u201d pour diff\u00e9rents besoins.\u3010BALL CADDY\u3011 Fermeture \u00e0 glissi\u00e8re am\u00e9lior\u00e9e et conception portable, s'installe en quelques secondes, sans outils, enti\u00e8rement pliable. Le caddy \u00e0 balles sur tr\u00e9pied stable peut contenir jusqu'\u00e0 50 balles de baseball ou 30 balles molles, soit autant qu'un seau de 5 gallons. Hauteur de 42\u201d, plus besoin de se pencher pour attraper une balle.<\/p>","protected":false},"excerpt":{"rendered":"<p>7\u2019x7\u2032 Filet de pratique de baseball Softball + Tee Deluxe (4.20 lbs) + Ball Caddy + 3 Pack Baseballs + Strike Zone Emball\u00e9 ensemble pour les entra\u00eeneurs, la zone de frappe d\u00e9sign\u00e9e rend plus facile \u00e0 frapper, parfait pour les d\u00e9butants ainsi que les professionnels \u00e0 pratiquer ; Ce filet de pratique de baseball et de softball est id\u00e9al pour l'entra\u00eenement familial et convient \u00e0 l'entra\u00eenement en \u00e9quipe ou en solo, fournira tout ce dont vous avez besoin pour l'installation de l'entra\u00eenement soit \u00e0 l'ext\u00e9rieur, arri\u00e8re-cour, cour, pelouse ou n'importe o\u00f9.<\/p>","protected":false},"featured_media":1430,"template":"","meta":{"_gspb_post_css":""},"product_brand":[],"product_cat":[25],"product_tag":[28],"class_list":{"0":"post-571","1":"product","2":"type-product","3":"status-publish","4":"has-post-thumbnail","6":"product_cat-baseball-net","7":"product_tag-baseball-net","9":"first","10":"instock","11":"shipping-taxable","12":"product-type-simple"},"_links":{"self":[{"href":"https:\/\/fsportsnet.com\/fr\/wp-json\/wp\/v2\/product\/571","targetHints":{"allow":["GET"]}}],"collection":[{"href":"https:\/\/fsportsnet.com\/fr\/wp-json\/wp\/v2\/product"}],"about":[{"href":"https:\/\/fsportsnet.com\/fr\/wp-json\/wp\/v2\/types\/product"}],"wp:featuredmedia":[{"embeddable":true,"href":"https:\/\/fsportsnet.com\/fr\/wp-json\/wp\/v2\/media\/1430"}],"wp:attachment":[{"href":"https:\/\/fsportsnet.com\/fr\/wp-json\/wp\/v2\/media?parent=571"}],"wp:term":[{"taxonomy":"product_brand","embeddable":true,"href":"https:\/\/fsportsnet.com\/fr\/wp-json\/wp\/v2\/product_brand?post=571"},{"taxonomy":"product_cat","embeddable":true,"href":"https:\/\/fsportsnet.com\/fr\/wp-json\/wp\/v2\/product_cat?post=571"},{"taxonomy":"product_tag","embeddable":true,"href":"https:\/\/fsportsnet.com\/fr\/wp-json\/wp\/v2\/product_tag?post=571"}],"curies":[{"name":"wp","href":"https:\/\/api.w.org\/{rel}","templated":true}]}}