{"id":728,"date":"2023-04-06T12:00:49","date_gmt":"2023-04-06T04:00:49","guid":{"rendered":"https:\/\/fsportsnet.com\/?post_type=product&#038;p=728"},"modified":"2023-04-08T21:36:26","modified_gmt":"2023-04-08T13:36:26","slug":"fsports-football-trainer-throwing-net-ft-001","status":"publish","type":"product","link":"https:\/\/fsportsnet.com\/fr\/product\/fsports-football-trainer-throwing-net-ft-001\/","title":{"rendered":"Fsports Football Trainer Throwing Net FT-001"},"content":{"rendered":"<ul class=\"a-unordered-list a-vertical a-spacing-mini\">\n<li><span class=\"a-list-item\">L'AIDE ULTIME \u00c0 L'ENTRA\u00ceNEMENT : Filet d'entra\u00eenement parfait pour les joueurs de football de tous niveaux pour les exercices de snap, de lancer, de passe courte, de passe longue et plus encore !<\/span><\/li>\n<li><span class=\"a-list-item\">FILET DE LANCER : Filet d'entra\u00eenement QB de 6 pieds x 6 pieds avec 3 poches de cibles simulant des zones de r\u00e9ception de premier ordre.<\/span><\/li>\n<li><span class=\"a-list-item\">AM\u00c9LIORER LA PR\u00c9CISION : d\u00e9veloppe les comp\u00e9tences du quart-arri\u00e8re et des joueurs pour qu'ils atteignent leur cible avec leurs passes afin d'am\u00e9liorer les pourcentages d'ach\u00e8vement dans le jeu.<\/span><\/li>\n<li><span class=\"a-list-item\">INSTALLATION RAPIDE : Cadre pliable renforc\u00e9 avec filet en polyester haute densit\u00e9 et mallette de transport portable. Id\u00e9al pour les joueurs de football, les entra\u00eeneurs et les camps.<\/span><\/li>\n<\/ul>","protected":false},"excerpt":{"rendered":"<p id=\"title\" class=\"a-size-large a-spacing-none\"><span id=\"productTitle\" class=\"a-size-large product-title-word-break\">Choisissez entre des filets de 8 pi x 8 pi ou de 6 pi x 6 pi - Am\u00e9liorez la pr\u00e9cision du lancer de QB - Comprend un cadre d'arc pliable et une mallette de transport portable.<\/span><\/p>","protected":false},"featured_media":703,"template":"","meta":{"_gspb_post_css":""},"product_brand":[],"product_cat":[30],"product_tag":[],"class_list":{"0":"post-728","1":"product","2":"type-product","3":"status-publish","4":"has-post-thumbnail","6":"product_cat-football-goal","8":"first","9":"instock","10":"shipping-taxable","11":"product-type-simple"},"_links":{"self":[{"href":"https:\/\/fsportsnet.com\/fr\/wp-json\/wp\/v2\/product\/728","targetHints":{"allow":["GET"]}}],"collection":[{"href":"https:\/\/fsportsnet.com\/fr\/wp-json\/wp\/v2\/product"}],"about":[{"href":"https:\/\/fsportsnet.com\/fr\/wp-json\/wp\/v2\/types\/product"}],"wp:featuredmedia":[{"embeddable":true,"href":"https:\/\/fsportsnet.com\/fr\/wp-json\/wp\/v2\/media\/703"}],"wp:attachment":[{"href":"https:\/\/fsportsnet.com\/fr\/wp-json\/wp\/v2\/media?parent=728"}],"wp:term":[{"taxonomy":"product_brand","embeddable":true,"href":"https:\/\/fsportsnet.com\/fr\/wp-json\/wp\/v2\/product_brand?post=728"},{"taxonomy":"product_cat","embeddable":true,"href":"https:\/\/fsportsnet.com\/fr\/wp-json\/wp\/v2\/product_cat?post=728"},{"taxonomy":"product_tag","embeddable":true,"href":"https:\/\/fsportsnet.com\/fr\/wp-json\/wp\/v2\/product_tag?post=728"}],"curies":[{"name":"wp","href":"https:\/\/api.w.org\/{rel}","templated":true}]}}