{"id":732,"date":"2023-04-06T12:04:15","date_gmt":"2023-04-06T04:04:15","guid":{"rendered":"https:\/\/fsportsnet.com\/?post_type=product&#038;p=732"},"modified":"2023-04-06T12:04:15","modified_gmt":"2023-04-06T04:04:15","slug":"disc-golf-net-football-net-ft-006","status":"publish","type":"product","link":"https:\/\/fsportsnet.com\/fr\/product\/disc-golf-net-football-net-ft-006\/","title":{"rendered":"Filet de Disc Golf Filet de Football FT-006"},"content":{"rendered":"<p>1. Taille totale : 7 x 7ft<br \/>\n2. Cadre : \u03a625.4mm dia 1.0mm thick black paint iron pipe<br \/>\n3. Poteau : \u03a62.7mm fibre de verre noire<br \/>\n4. Filet : Filet sans n\u0153uds en polyester noir 5 plis 1.75\u2033 avec reliure en tissu 420D<br \/>\n5. Sac de transport\/sac \u00e0 sable : tissu oxford 600D<br \/>\n6. Comprend 1 jeu de cadre, 1 jeu de filet, 1 jeu de cible, 9 num\u00e9ros de cible.<\/p>","protected":false},"excerpt":{"rendered":"<h5 id=\"title\" class=\"a-size-large a-spacing-none\"><span id=\"productTitle\" class=\"a-size-large product-title-word-break\">\u00a0Filet portable de Disc Golf et de Football, 7ft x 7ft sans n\u0153uds pour am\u00e9liorer la pr\u00e9cision du lancer du QB avec 9 poches de cibles, avec sac de transport.\u00a0<\/span><\/h5>","protected":false},"featured_media":688,"template":"","meta":{"_gspb_post_css":""},"product_brand":[],"product_cat":[30],"product_tag":[],"class_list":{"0":"post-732","1":"product","2":"type-product","3":"status-publish","4":"has-post-thumbnail","6":"product_cat-football-goal","8":"first","9":"instock","10":"shipping-taxable","11":"product-type-simple"},"_links":{"self":[{"href":"https:\/\/fsportsnet.com\/fr\/wp-json\/wp\/v2\/product\/732","targetHints":{"allow":["GET"]}}],"collection":[{"href":"https:\/\/fsportsnet.com\/fr\/wp-json\/wp\/v2\/product"}],"about":[{"href":"https:\/\/fsportsnet.com\/fr\/wp-json\/wp\/v2\/types\/product"}],"wp:featuredmedia":[{"embeddable":true,"href":"https:\/\/fsportsnet.com\/fr\/wp-json\/wp\/v2\/media\/688"}],"wp:attachment":[{"href":"https:\/\/fsportsnet.com\/fr\/wp-json\/wp\/v2\/media?parent=732"}],"wp:term":[{"taxonomy":"product_brand","embeddable":true,"href":"https:\/\/fsportsnet.com\/fr\/wp-json\/wp\/v2\/product_brand?post=732"},{"taxonomy":"product_cat","embeddable":true,"href":"https:\/\/fsportsnet.com\/fr\/wp-json\/wp\/v2\/product_cat?post=732"},{"taxonomy":"product_tag","embeddable":true,"href":"https:\/\/fsportsnet.com\/fr\/wp-json\/wp\/v2\/product_tag?post=732"}],"curies":[{"name":"wp","href":"https:\/\/api.w.org\/{rel}","templated":true}]}}