{"id":748,"date":"2023-04-06T15:55:48","date_gmt":"2023-04-06T07:55:48","guid":{"rendered":"https:\/\/fsportsnet.com\/?post_type=product&#038;p=748"},"modified":"2023-04-06T15:58:23","modified_gmt":"2023-04-06T07:58:23","slug":"innovations-portable-football-training-net-ft-009","status":"publish","type":"product","link":"https:\/\/fsportsnet.com\/fr\/product\/innovations-portable-football-training-net-ft-009\/","title":{"rendered":"Innovations Filet d'entra\u00eenement portable pour le football FT-009"},"content":{"rendered":"<p>1. Taille totale : 7x7ft<br \/>\n2. Cadre : \u03a625.4 dia 1.0mm d'\u00e9paisseur tuyau en fer peint en noir<br \/>\n3. Poteau : \u03a612.7mm fibre de verre noire<br \/>\n4. Filet : Filet sans n\u0153uds en polyester noir 5 plis 1.75\u2033 avec reliure en tissu 420D<br \/>\n5. Sac de transport\/sac \u00e0 sable : tissu oxford 420D<br \/>\n6. Emballage : Chaque ensemble dans un carton K=K, 114\u00d714.8\u00d714.8cm<\/p>","protected":false},"excerpt":{"rendered":"<ul class=\"a-unordered-list a-vertical a-spacing-mini\">\n<li><span class=\"a-list-item\">Le filet mesure 6,9\u2019L x 6,9\u2019L x 2,5\u2019H et est livr\u00e9 avec un sac de transport.<\/span><\/li>\n<li><span class=\"a-list-item\">Le cadre est en acier durable et les bielles sont en fibre de verre.<\/span><\/li>\n<li><span class=\"a-list-item\">Comprend 5 cibles de passage int\u00e9gr\u00e9es pour am\u00e9liorer la pr\u00e9cision<\/span><\/li>\n<li><span class=\"a-list-item\">Le filet est un filet 5 couches durable qui est fait pour durer.<\/span><\/li>\n<li><span class=\"a-list-item\">Par Fsports Innovations<\/span><\/li>\n<\/ul>","protected":false},"featured_media":717,"template":"","meta":{"_gspb_post_css":""},"product_brand":[],"product_cat":[30],"product_tag":[],"class_list":{"0":"post-748","1":"product","2":"type-product","3":"status-publish","4":"has-post-thumbnail","6":"product_cat-football-goal","8":"first","9":"instock","10":"shipping-taxable","11":"product-type-simple"},"_links":{"self":[{"href":"https:\/\/fsportsnet.com\/fr\/wp-json\/wp\/v2\/product\/748","targetHints":{"allow":["GET"]}}],"collection":[{"href":"https:\/\/fsportsnet.com\/fr\/wp-json\/wp\/v2\/product"}],"about":[{"href":"https:\/\/fsportsnet.com\/fr\/wp-json\/wp\/v2\/types\/product"}],"wp:featuredmedia":[{"embeddable":true,"href":"https:\/\/fsportsnet.com\/fr\/wp-json\/wp\/v2\/media\/717"}],"wp:attachment":[{"href":"https:\/\/fsportsnet.com\/fr\/wp-json\/wp\/v2\/media?parent=748"}],"wp:term":[{"taxonomy":"product_brand","embeddable":true,"href":"https:\/\/fsportsnet.com\/fr\/wp-json\/wp\/v2\/product_brand?post=748"},{"taxonomy":"product_cat","embeddable":true,"href":"https:\/\/fsportsnet.com\/fr\/wp-json\/wp\/v2\/product_cat?post=748"},{"taxonomy":"product_tag","embeddable":true,"href":"https:\/\/fsportsnet.com\/fr\/wp-json\/wp\/v2\/product_tag?post=748"}],"curies":[{"name":"wp","href":"https:\/\/api.w.org\/{rel}","templated":true}]}}