{"id":751,"date":"2023-04-06T16:02:19","date_gmt":"2023-04-06T08:02:19","guid":{"rendered":"https:\/\/fsportsnet.com\/?post_type=product&#038;p=751"},"modified":"2023-04-06T16:11:09","modified_gmt":"2023-04-06T08:11:09","slug":"football-kicking-cage-football-net-ft-010","status":"publish","type":"product","link":"https:\/\/fsportsnet.com\/fr\/product\/football-kicking-cage-football-net-ft-010\/","title":{"rendered":"Filet de football pour cage de frappe FT-010"},"content":{"rendered":"<p>1. Taille totale : 7 x 4ft<br \/>\n2. Cadre : \u03a61\u2033 dia 1.2mm d'\u00e9paisseur tuyau en fer peint en noir.<br \/>\n3. Poteau : \u03a612.7mm fibre de verre noire solide<br \/>\n4. Filet : Filet sans n\u0153uds en polyester noir 7 plis 1.75\u2033 avec reliure en tissu 420D<br \/>\n5. Sac de transport\/sac \u00e0 sable : tissu oxford 600D<br \/>\n6. Emballage : Chaque ensemble dans un carton K=K, 114\u00d714,8\u00d714,8cm, poids brut 6,8kg, poids net 5,8kg.<\/p>","protected":false},"excerpt":{"rendered":"<p id=\"title\" class=\"a-size-large a-spacing-none\"><span id=\"productTitle\" class=\"a-size-large product-title-word-break\">Cage de football, filet de football, filet de lancer de football, filet de cible de football, \u00e9quipement d'entra\u00eenement de football pour l'arri\u00e8re-cour, disponible pour tous les sports (taille optionnelle)<\/span><\/p>","protected":false},"featured_media":723,"template":"","meta":{"_gspb_post_css":""},"product_brand":[],"product_cat":[30],"product_tag":[],"class_list":{"0":"post-751","1":"product","2":"type-product","3":"status-publish","4":"has-post-thumbnail","6":"product_cat-football-goal","8":"first","9":"instock","10":"shipping-taxable","11":"product-type-simple"},"_links":{"self":[{"href":"https:\/\/fsportsnet.com\/fr\/wp-json\/wp\/v2\/product\/751","targetHints":{"allow":["GET"]}}],"collection":[{"href":"https:\/\/fsportsnet.com\/fr\/wp-json\/wp\/v2\/product"}],"about":[{"href":"https:\/\/fsportsnet.com\/fr\/wp-json\/wp\/v2\/types\/product"}],"wp:featuredmedia":[{"embeddable":true,"href":"https:\/\/fsportsnet.com\/fr\/wp-json\/wp\/v2\/media\/723"}],"wp:attachment":[{"href":"https:\/\/fsportsnet.com\/fr\/wp-json\/wp\/v2\/media?parent=751"}],"wp:term":[{"taxonomy":"product_brand","embeddable":true,"href":"https:\/\/fsportsnet.com\/fr\/wp-json\/wp\/v2\/product_brand?post=751"},{"taxonomy":"product_cat","embeddable":true,"href":"https:\/\/fsportsnet.com\/fr\/wp-json\/wp\/v2\/product_cat?post=751"},{"taxonomy":"product_tag","embeddable":true,"href":"https:\/\/fsportsnet.com\/fr\/wp-json\/wp\/v2\/product_tag?post=751"}],"curies":[{"name":"wp","href":"https:\/\/api.w.org\/{rel}","templated":true}]}}