{"id":761,"date":"2023-04-06T16:43:36","date_gmt":"2023-04-06T08:43:36","guid":{"rendered":"https:\/\/fsportsnet.com\/?post_type=product&#038;p=761"},"modified":"2023-04-06T16:49:32","modified_gmt":"2023-04-06T08:49:32","slug":"baseball-softball-pitching-batting-training-net-bs-005","status":"publish","type":"product","link":"https:\/\/fsportsnet.com\/fr\/product\/baseball-softball-pitching-batting-training-net-bs-005\/","title":{"rendered":"Filet d'entra\u00eenement pour le baseball et le softball BS-005"},"content":{"rendered":"<p>1. Taille totale : 7 x 7\u2032<br \/>\n2. Cadre : Tube en fer de 1\u2033 dia 1.0mm d'\u00e9paisseur peint en noir<br \/>\n3. Poteau : \u03a612.7mm fibre de verre noire solide<br \/>\n4. Filet : Filet sans n\u0153uds en polyester noir 7 plis 1.75\u2033 avec reliure en tissu 420D<br \/>\n5. Mat\u00e9riau de la valise : 600D PU avec tissu oxford PVC<br \/>\n6. Emballage : Chaque ensemble dans un carton K=K, 114\u00d714.8\u00d714.8cm, G.W6kg, N.W 5.5kg.<\/p>","protected":false},"excerpt":{"rendered":"<p>Installation facile : le NET 7\u2019x7\u2019 s'installe en moins de 2 minutes. Inclut des piquets en acier pour plus de stabilit\u00e9. Notre filet de baseball s'assemble rapidement et peut \u00eatre emball\u00e9 dans un sac de transport pour un stockage et un placement faciles, l\u00e9ger pour un transport facile.<\/p>","protected":false},"featured_media":764,"template":"","meta":{"_gspb_post_css":""},"product_brand":[],"product_cat":[25],"product_tag":[],"class_list":{"0":"post-761","1":"product","2":"type-product","3":"status-publish","4":"has-post-thumbnail","6":"product_cat-baseball-net","8":"first","9":"instock","10":"shipping-taxable","11":"product-type-simple"},"_links":{"self":[{"href":"https:\/\/fsportsnet.com\/fr\/wp-json\/wp\/v2\/product\/761","targetHints":{"allow":["GET"]}}],"collection":[{"href":"https:\/\/fsportsnet.com\/fr\/wp-json\/wp\/v2\/product"}],"about":[{"href":"https:\/\/fsportsnet.com\/fr\/wp-json\/wp\/v2\/types\/product"}],"wp:featuredmedia":[{"embeddable":true,"href":"https:\/\/fsportsnet.com\/fr\/wp-json\/wp\/v2\/media\/764"}],"wp:attachment":[{"href":"https:\/\/fsportsnet.com\/fr\/wp-json\/wp\/v2\/media?parent=761"}],"wp:term":[{"taxonomy":"product_brand","embeddable":true,"href":"https:\/\/fsportsnet.com\/fr\/wp-json\/wp\/v2\/product_brand?post=761"},{"taxonomy":"product_cat","embeddable":true,"href":"https:\/\/fsportsnet.com\/fr\/wp-json\/wp\/v2\/product_cat?post=761"},{"taxonomy":"product_tag","embeddable":true,"href":"https:\/\/fsportsnet.com\/fr\/wp-json\/wp\/v2\/product_tag?post=761"}],"curies":[{"name":"wp","href":"https:\/\/api.w.org\/{rel}","templated":true}]}}