{"id":784,"date":"2023-04-06T21:03:44","date_gmt":"2023-04-06T13:03:44","guid":{"rendered":"https:\/\/fsportsnet.com\/?post_type=product&#038;p=784"},"modified":"2023-04-07T11:57:09","modified_gmt":"2023-04-07T03:57:09","slug":"784","status":"publish","type":"product","link":"https:\/\/fsportsnet.com\/fr\/product\/784\/","title":{"rendered":"Filet d'entra\u00eenement pour le baseball et le softball"},"content":{"rendered":"<p id=\"title\" class=\"a-size-large a-spacing-none\"><span id=\"productTitle\" class=\"a-size-large product-title-word-break\">Filet d'entra\u00eenement pour le baseball et le softball 5\u00d75ft, 7x7ft Portable Hitting Batting Training Net with Target Zone Bundle, Weighted Training Balls and Carry Bag<\/span><\/p>\n<p>1. Taille totale : 7 x 7\u2032<br \/>\n2. Cadre : Tube en fer de 1\u2033 dia 1.0mm d'\u00e9paisseur peint en noir<br \/>\n3. Poteau : \u03a612.7mm fibre de verre noire solide<br \/>\n4. Filet : Filet sans n\u0153uds en polyester noir 7 plis 1.75\u2033 avec reliure en tissu 420D<br \/>\n5. Mat\u00e9riau de la valise : 600D PU avec tissu oxford PVC<br \/>\n6. Emballage : Chaque ensemble dans un carton K=K, 114\u00d714.8\u00d714.8cm, G.W6kg, N.W 5.5kg.<br \/>\n7. Emballage : 1 x filet, 4 x tubes m\u00e9talliques, 4 x piquets, 1 x sac de transport, 4 x piquets en forme de U, 1 x instructions A4<\/p>\n<ul class=\"a-unordered-list a-vertical a-spacing-mini\">\n<li><span class=\"a-list-item\">DURABILIT\u00c9 PROUV\u00c9E : 2 filets doublement \u00e9pais, cadre lourd et robuste. L'\u00e9paisseur accrue ajoute de la rigidit\u00e9 et du poids pour une plus grande stabilit\u00e9 lors de la frappe dans le filet.<\/span><\/li>\n<li><span class=\"a-list-item\">ARR\u00caTEZ DE CHASSER LES BALLES DANS LE JARDIN : Notre conception unique et pliable rend le filet facile \u00e0 installer. Vous pouvez donc commencer \u00e0 vous entra\u00eener en quelques minutes et perdre moins de temps \u00e0 courir apr\u00e8s les balles.<\/span><\/li>\n<li><span class=\"a-list-item\">PARFAIT POUR LE D\u00c9VELOPPEMENT DES COMP\u00c9TENCES DE BATTING ET DE LANCER : Notre filet 7 plis super solide sans n\u0153uds et l'\u00e9paisseur accrue du cadre ajoutent de la rigidit\u00e9 et du poids pour une plus grande stabilit\u00e9 lors des frappes et des lancers dans le filet.<\/span><\/li>\n<li><span class=\"a-list-item\">FOLDS DOWN and EASY TO TRANSPORT : Le filet et le cadre, robustes et stables mais l\u00e9gers, se replient dans le sac de transport inclus pour faciliter le transport et le stockage.<\/span><\/li>\n<\/ul>","protected":false},"excerpt":{"rendered":"<p>BS-006<\/p>\n<p>L\u00e9ger, portable, zone de frappe visible \u00e0 3 niveaux, dimensions de 7\u2032 pieds par 7\u2032 pieds de haut.<\/p>","protected":false},"featured_media":768,"template":"","meta":{"_gspb_post_css":""},"product_brand":[],"product_cat":[25],"product_tag":[],"class_list":{"0":"post-784","1":"product","2":"type-product","3":"status-publish","4":"has-post-thumbnail","6":"product_cat-baseball-net","8":"first","9":"instock","10":"shipping-taxable","11":"product-type-simple"},"_links":{"self":[{"href":"https:\/\/fsportsnet.com\/fr\/wp-json\/wp\/v2\/product\/784","targetHints":{"allow":["GET"]}}],"collection":[{"href":"https:\/\/fsportsnet.com\/fr\/wp-json\/wp\/v2\/product"}],"about":[{"href":"https:\/\/fsportsnet.com\/fr\/wp-json\/wp\/v2\/types\/product"}],"wp:featuredmedia":[{"embeddable":true,"href":"https:\/\/fsportsnet.com\/fr\/wp-json\/wp\/v2\/media\/768"}],"wp:attachment":[{"href":"https:\/\/fsportsnet.com\/fr\/wp-json\/wp\/v2\/media?parent=784"}],"wp:term":[{"taxonomy":"product_brand","embeddable":true,"href":"https:\/\/fsportsnet.com\/fr\/wp-json\/wp\/v2\/product_brand?post=784"},{"taxonomy":"product_cat","embeddable":true,"href":"https:\/\/fsportsnet.com\/fr\/wp-json\/wp\/v2\/product_cat?post=784"},{"taxonomy":"product_tag","embeddable":true,"href":"https:\/\/fsportsnet.com\/fr\/wp-json\/wp\/v2\/product_tag?post=784"}],"curies":[{"name":"wp","href":"https:\/\/api.w.org\/{rel}","templated":true}]}}