{"id":861,"date":"2023-04-10T11:03:46","date_gmt":"2023-04-10T03:03:46","guid":{"rendered":"https:\/\/fsportsnet.com\/?post_type=product&#038;p=861"},"modified":"2023-04-10T11:46:09","modified_gmt":"2023-04-10T03:46:09","slug":"baseball-hitting-net-a-type-softball-goal-baseball-practice-net","status":"publish","type":"product","link":"https:\/\/fsportsnet.com\/fr\/product\/baseball-hitting-net-a-type-softball-goal-baseball-practice-net\/","title":{"rendered":"Filet de frappe de baseball Type A But de Softball Filet d'entra\u00eenement de baseball"},"content":{"rendered":"<p>1. Taille : 7 ft A type<br \/>\n2. Filet sans n\u0153uds en polyester : 7 plis 1.75\u2033.<br \/>\n3. Tube en acier : \u03a625.4mm<br \/>\n4. \u00c9paisseur : 1,0 mm<br \/>\n5. Fibre de verre : \u03a612.7mm<br \/>\n6. Tissu de liaison : 420D<\/p>\n<ul class=\"a-unordered-list a-vertical a-spacing-mini\">\n<li><span class=\"a-list-item\">7 FT X 7 FT A SCREEN : L'\u00e9cran de lancer de baseball et de softball fournit une barri\u00e8re de s\u00e9curit\u00e9 qui prot\u00e8ge les lanceurs des coups de pied de ligne de retour pendant l'entra\u00eenement \u00e0 la batte ; une aide \u00e0 l'entra\u00eenement indispensable pour les entra\u00eeneurs et les joueurs de tous les niveaux de comp\u00e9tence.<\/span><\/li>\n<li><span class=\"a-list-item\">CONSTRUCTION PREMIUM : comprend un cadre renforc\u00e9 de type arc avec un filet en polyester haute densit\u00e9 pour une protection maximale.<\/span><\/li>\n<li><span class=\"a-list-item\">CONCEPTION PORTABLE : l'\u00e9cran ne p\u00e8se que 11 livres et comprend une mallette de transport pour faciliter le stockage et les d\u00e9placements.<\/span><\/li>\n<li><span class=\"a-list-item\">INSTALLATION POLYVALENTE : s'adapte aux joueurs droitiers et gauchers ; peut \u00e9galement \u00eatre utilis\u00e9 avec un lanceur (1,5 pied d'espace libre requis).<\/span><\/li>\n<li><span class=\"a-list-item\">ASSEMBLAGE RAPIDE : l'\u00e9cran entier s'assemble en 3 minutes (aucun outil n'est n\u00e9cessaire) ; facile \u00e0 transporter sur le terrain avec un montage et un d\u00e9montage rapides.<\/span><\/li>\n<\/ul>\n<p>&nbsp;<\/p>","protected":false},"excerpt":{"rendered":"<p>Filet de frappe de baseball portable pliable de haute qualit\u00e9 (7FT) Filet d'entra\u00eenement de softball (Softball Goal Baseball Practice Net) 1. Taille : 7 ft A type<br \/>\n2. Filet sans n\u0153uds en polyester : 7 plis 1.75\u2033.<br \/>\n3. Tube en acier : \u03a625.4mm<br \/>\n4. \u00c9paisseur : 1,0 mm<br \/>\n5. Fibre de verre : \u03a612.7mm<br \/>\n6. Tissu de liaison : 420D<\/p>","protected":false},"featured_media":776,"template":"","meta":{"_gspb_post_css":""},"product_brand":[],"product_cat":[25],"product_tag":[],"class_list":{"0":"post-861","1":"product","2":"type-product","3":"status-publish","4":"has-post-thumbnail","6":"product_cat-baseball-net","8":"first","9":"instock","10":"shipping-taxable","11":"product-type-simple"},"_links":{"self":[{"href":"https:\/\/fsportsnet.com\/fr\/wp-json\/wp\/v2\/product\/861","targetHints":{"allow":["GET"]}}],"collection":[{"href":"https:\/\/fsportsnet.com\/fr\/wp-json\/wp\/v2\/product"}],"about":[{"href":"https:\/\/fsportsnet.com\/fr\/wp-json\/wp\/v2\/types\/product"}],"wp:featuredmedia":[{"embeddable":true,"href":"https:\/\/fsportsnet.com\/fr\/wp-json\/wp\/v2\/media\/776"}],"wp:attachment":[{"href":"https:\/\/fsportsnet.com\/fr\/wp-json\/wp\/v2\/media?parent=861"}],"wp:term":[{"taxonomy":"product_brand","embeddable":true,"href":"https:\/\/fsportsnet.com\/fr\/wp-json\/wp\/v2\/product_brand?post=861"},{"taxonomy":"product_cat","embeddable":true,"href":"https:\/\/fsportsnet.com\/fr\/wp-json\/wp\/v2\/product_cat?post=861"},{"taxonomy":"product_tag","embeddable":true,"href":"https:\/\/fsportsnet.com\/fr\/wp-json\/wp\/v2\/product_tag?post=861"}],"curies":[{"name":"wp","href":"https:\/\/api.w.org\/{rel}","templated":true}]}}