{"id":866,"date":"2023-04-10T11:52:30","date_gmt":"2023-04-10T03:52:30","guid":{"rendered":"https:\/\/fsportsnet.com\/?post_type=product&#038;p=866"},"modified":"2023-04-10T11:52:31","modified_gmt":"2023-04-10T03:52:31","slug":"12-ft-x-9-ft-sports-barrier-net-baseball-practice-hitting-net","status":"publish","type":"product","link":"https:\/\/fsportsnet.com\/fr\/product\/12-ft-x-9-ft-sports-barrier-net-baseball-practice-hitting-net\/","title":{"rendered":"12 ft x 9 ft Sports Barrier Net Baseball Practice Hitting Net"},"content":{"rendered":"<ul>\n<li><span class=\"a-list-item\">12\u2019x9\u2032 BARRIER NET ; Cet \u00e9cran de protection portable instantan\u00e9 ou backstop est id\u00e9al pour tous les sports ; Le grand cadre en forme d'arc maintient le filet en place et fournit une grande surface de frappe ou de protection ; Parfait pour le baseball, la crosse, le basket-ball, le soccer, le hockey sur gazon, le softball, le hockey sur gazon.<\/span><\/li>\n<\/ul>\n<ul class=\"a-unordered-list a-vertical a-spacing-mini\">\n<li><span class=\"a-list-item\">INSTALLATION RAPIDE ET FACILE \/ ULTRA PORTABLE ; Le filet s'installe en moins de 3 minutes ; Aucun outil n'est n\u00e9cessaire ; Piquets de sol inclus pour plus de stabilit\u00e9 ; Les filets peuvent r\u00e9sister aux coups et aux tirs les plus durs ; Les filets de protection pliables s'assemblent rapidement et facilement pour une installation sans stress ; L\u00e9ger pour une portabilit\u00e9 facile et un d\u00e9placement sur le terrain vers diff\u00e9rentes zones pendant les s\u00e9ances d'entra\u00eenement ; Se d\u00e9compose pour se ranger dans un sac de transport pour un stockage \u00e0 long terme facile et une portabilit\u00e9 dans presque n'importe quel v\u00e9hicule.<\/span><\/li>\n<li><span class=\"a-list-item\">DURABLE ; Notre filet est con\u00e7u pour supporter les coups, les lancers et les tirs les plus durs ; Le cadre en acier et les poteaux flexibles en fibre de verre fournissent une base stable pour notre filet en polyester sans n\u0153uds avec rev\u00eatement en PU.<\/span><\/li>\n<li><span class=\"a-list-item\">S'ENTRA\u00ceNER N'IMPORTE O\u00d9 \/ N'IMPORTE QUAND ; Id\u00e9al pour l'ext\u00e9rieur et l'int\u00e9rieur ; Parfait pour prot\u00e9ger les spectateurs et les joueurs, pour le travail sur le tee, les exercices de frappe, de lancer, de batte, de terrain ; Peut \u00eatre utilis\u00e9 comme backstop portable pour n'importe quel sport \u00e0 l'int\u00e9rieur ou \u00e0 l'ext\u00e9rieur ; Parfait pour les s\u00e9ances d'entra\u00eenement ou les m\u00eal\u00e9es ; Parfait pour l'arri\u00e8re-cour, le garage ou le terrain ; Fonctionne pour l'entra\u00eenement en solo ou en \u00e9quipe.<\/span><\/li>\n<li><span class=\"a-list-item\">INCLUS : filet, cadre, piquets de sol et sac de transport en toile.<\/span><\/li>\n<\/ul>","protected":false},"excerpt":{"rendered":"<p><span id=\"productTitle\" class=\"a-size-large product-title-word-break\">12 ft x 9 ft Sports Barrier Net | 108 SqFt of Protection | Safety Backstop | Portable EZ Setup Barricade for Baseball, Lacrosse, Basketball, Soccer, Field Hockey, Softball<\/span><\/p>","protected":false},"featured_media":779,"template":"","meta":{"_gspb_post_css":""},"product_brand":[],"product_cat":[25],"product_tag":[],"class_list":{"0":"post-866","1":"product","2":"type-product","3":"status-publish","4":"has-post-thumbnail","6":"product_cat-baseball-net","8":"first","9":"instock","10":"shipping-taxable","11":"product-type-simple"},"_links":{"self":[{"href":"https:\/\/fsportsnet.com\/fr\/wp-json\/wp\/v2\/product\/866","targetHints":{"allow":["GET"]}}],"collection":[{"href":"https:\/\/fsportsnet.com\/fr\/wp-json\/wp\/v2\/product"}],"about":[{"href":"https:\/\/fsportsnet.com\/fr\/wp-json\/wp\/v2\/types\/product"}],"wp:featuredmedia":[{"embeddable":true,"href":"https:\/\/fsportsnet.com\/fr\/wp-json\/wp\/v2\/media\/779"}],"wp:attachment":[{"href":"https:\/\/fsportsnet.com\/fr\/wp-json\/wp\/v2\/media?parent=866"}],"wp:term":[{"taxonomy":"product_brand","embeddable":true,"href":"https:\/\/fsportsnet.com\/fr\/wp-json\/wp\/v2\/product_brand?post=866"},{"taxonomy":"product_cat","embeddable":true,"href":"https:\/\/fsportsnet.com\/fr\/wp-json\/wp\/v2\/product_cat?post=866"},{"taxonomy":"product_tag","embeddable":true,"href":"https:\/\/fsportsnet.com\/fr\/wp-json\/wp\/v2\/product_tag?post=866"}],"curies":[{"name":"wp","href":"https:\/\/api.w.org\/{rel}","templated":true}]}}