{"id":870,"date":"2023-04-10T11:59:40","date_gmt":"2023-04-10T03:59:40","guid":{"rendered":"https:\/\/fsportsnet.com\/?post_type=product&#038;p=870"},"modified":"2023-04-10T13:39:19","modified_gmt":"2023-04-10T05:39:19","slug":"baseball-softball-pitching-screen-pitcher-protection-net-l-screen-or-i-screen","status":"publish","type":"product","link":"https:\/\/fsportsnet.com\/fr\/product\/baseball-softball-pitching-screen-pitcher-protection-net-l-screen-or-i-screen\/","title":{"rendered":"Filet de protection pour lanceur Baseball &amp; Softball Filet de protection pour lanceur Ecran L ou Ecran I"},"content":{"rendered":"<div id=\"featurebullets_feature_div\" class=\"celwidget\" data-feature-name=\"featurebullets\" data-csa-c-type=\"widget\" data-csa-c-content-id=\"featurebullets\" data-csa-c-slot-id=\"featurebullets_feature_div\" data-csa-c-asin=\"B07CNT6PST\" data-csa-c-is-in-initial-active-row=\"false\" data-csa-c-id=\"yq3rio-99vc9q-mcnje0-kdyxde\" data-cel-widget=\"featurebullets_feature_div\">\n<div id=\"feature-bullets\" class=\"a-section a-spacing-medium a-spacing-top-small\">\n<ul class=\"a-unordered-list a-vertical a-spacing-mini\">\n<li>Filet de protection pour lanceur Baseball &amp; Softball Filet de protection pour lanceur Ecran L ou Ecran I<\/li>\n<li><span class=\"a-list-item\">S'ENTRA\u00ceNER ET JOUER EN TOUTE S\u00c9CURIT\u00c9 : Le filet est principalement con\u00e7u pour prot\u00e9ger les lanceurs contre les coups de pied de ligne qui reviennent.<\/span><\/li>\n<li><span class=\"a-list-item\">TAILLE PARFAITE : 4 pieds de large x 7 pieds de haut - assez grand pour prot\u00e9ger la cruche, mais assez petit pour rester \u00e0 l'\u00e9cart.<\/span><\/li>\n<li><span class=\"a-list-item\">CONSTRUCTION PREMIUM : Cadre renforc\u00e9 avec filet en polyester haute densit\u00e9.<\/span><\/li>\n<\/ul>\n<\/div>\n<\/div>\n<ul>\n<li data-feature-name=\"provenanceCertifications\" data-csa-c-type=\"widget\" data-csa-c-content-id=\"provenanceCertifications\" data-csa-c-slot-id=\"provenanceCertifications_feature_div\" data-csa-c-asin=\"B07CNT6PST\" data-csa-c-is-in-initial-active-row=\"false\" data-csa-c-id=\"pwf3pm-c0titc-oha08-1xl09s\" data-cel-widget=\"provenanceCertifications_feature_div\">Sp\u00e9cifications<\/li>\n<li id=\"provenanceCertifications_feature_div\" class=\"celwidget\" data-feature-name=\"provenanceCertifications\" data-csa-c-type=\"widget\" data-csa-c-content-id=\"provenanceCertifications\" data-csa-c-slot-id=\"provenanceCertifications_feature_div\" data-csa-c-asin=\"B07CNT6PST\" data-csa-c-is-in-initial-active-row=\"false\" data-csa-c-id=\"pwf3pm-c0titc-oha08-1xl09s\" data-cel-widget=\"provenanceCertifications_feature_div\">1. Taille : 7 x 4\u2032<br \/>\n2. Cadre : \u03a612.7mm fibre de verre &amp; \u03a625\u00d71.0mm tube d'acier<br \/>\n3. Filet : Filet sans n\u0153uds en polyester noir 5 plis 1.75\u2033 avec reliure en tissu 420D<br \/>\n4. Emballage : Chaque ensemble dans un carton K=K, 114\u00d714.8\u00d714.8cm\/1 ensemble, poids : 4.55kg<\/li>\n<\/ul>\n<div id=\"serviceCapabilities_feature_div\" class=\"celwidget\" data-feature-name=\"serviceCapabilities\" data-csa-c-type=\"widget\" data-csa-c-content-id=\"serviceCapabilities\" data-csa-c-slot-id=\"serviceCapabilities_feature_div\" data-csa-c-asin=\"B07CNT6PST\" data-csa-c-is-in-initial-active-row=\"false\" data-csa-c-id=\"hq48za-fwcc1u-fjabvh-4buvi5\" data-cel-widget=\"serviceCapabilities_feature_div\"><\/div>","protected":false},"excerpt":{"rendered":"<p>Baseball &amp; Softball Pitching Screen Pitcher Protection Net L Screen or I Screen SAFELY PRACTICE AND PLAY: The net is primarily designed to protect pitchers from come-back line drives PERFECT SIZE: 4 ft wide x 7 ft tall &#8211; big enough to protect the pitcher, but small enough to stay out of the way PREMIUM [&hellip;]<\/p>\n","protected":false},"featured_media":882,"template":"","meta":{"_gspb_post_css":""},"product_brand":[],"product_cat":[25],"product_tag":[],"class_list":{"0":"post-870","1":"product","2":"type-product","3":"status-publish","4":"has-post-thumbnail","6":"product_cat-baseball-net","8":"first","9":"instock","10":"shipping-taxable","11":"product-type-simple"},"_links":{"self":[{"href":"https:\/\/fsportsnet.com\/fr\/wp-json\/wp\/v2\/product\/870","targetHints":{"allow":["GET"]}}],"collection":[{"href":"https:\/\/fsportsnet.com\/fr\/wp-json\/wp\/v2\/product"}],"about":[{"href":"https:\/\/fsportsnet.com\/fr\/wp-json\/wp\/v2\/types\/product"}],"wp:featuredmedia":[{"embeddable":true,"href":"https:\/\/fsportsnet.com\/fr\/wp-json\/wp\/v2\/media\/882"}],"wp:attachment":[{"href":"https:\/\/fsportsnet.com\/fr\/wp-json\/wp\/v2\/media?parent=870"}],"wp:term":[{"taxonomy":"product_brand","embeddable":true,"href":"https:\/\/fsportsnet.com\/fr\/wp-json\/wp\/v2\/product_brand?post=870"},{"taxonomy":"product_cat","embeddable":true,"href":"https:\/\/fsportsnet.com\/fr\/wp-json\/wp\/v2\/product_cat?post=870"},{"taxonomy":"product_tag","embeddable":true,"href":"https:\/\/fsportsnet.com\/fr\/wp-json\/wp\/v2\/product_tag?post=870"}],"curies":[{"name":"wp","href":"https:\/\/api.w.org\/{rel}","templated":true}]}}