{"id":879,"date":"2023-04-10T12:03:48","date_gmt":"2023-04-10T04:03:48","guid":{"rendered":"https:\/\/fsportsnet.com\/?post_type=product&#038;p=879"},"modified":"2023-04-29T14:39:07","modified_gmt":"2023-04-29T06:39:07","slug":"baseball-softball-practice-hitting-pitching-net-similar-to-bow-framegreat-for-all-skill-levelspop-up-easy-fold-up-fiberglass-framelight-weightportableblack","status":"publish","type":"product","link":"https:\/\/fsportsnet.com\/fr\/product\/baseball-softball-practice-hitting-pitching-net-similar-to-bow-framegreat-for-all-skill-levelspop-up-easy-fold-up-fiberglass-framelight-weightportableblack\/","title":{"rendered":"Filet d'entra\u00eenement pour le baseball et le softball en fibre de verre"},"content":{"rendered":"<ul class=\"a-unordered-list a-vertical a-spacing-mini\">\n<li><span class=\"a-list-item\">\u2211 AIDE \u00c0 L'ENTRA\u00ceNEMENT ULTIME : Parfait pour les joueurs de tous niveaux pour l'entra\u00eenement \u00e0 la batte, au lancer, au champ, \u00e0 la r\u00e9ception et \u00e0 l'utilisation du backstop - passez moins de temps \u00e0 courir apr\u00e8s les balles et plus de temps \u00e0 perfectionner vos comp\u00e9tences.<\/span><\/li>\n<li><span class=\"a-list-item\">\u2211 INSTALLATION FACILE ET RAPIDE : Cadre en fibre de verre durable inclus, s'installe en 90 secondes pour une taille \u00e9norme de 5 pieds ou 7 pieds avec des piquets en m\u00e9tal pour ancrer le filet, ce qui le rend incroyablement robuste et stable ; se d\u00e9monte facilement pour le transport.<\/span><\/li>\n<li><span class=\"a-list-item\">\u2211 S'ENTRA\u00ceNER N'IMPORTE O\u00d9 \/ N'IMPORTE QUAND - Id\u00e9al pour une utilisation \u00e0 l'ext\u00e9rieur et \u00e0 l'int\u00e9rieur. Parfait pour le travail sur le tee, la frappe, le lancer, la batte, le terrain. Peut \u00eatre utilis\u00e9 comme backstop portable. Parfait pour les s\u00e9ances d'entra\u00eenement. Id\u00e9al pour l'arri\u00e8re-cour, le garage ou le terrain.<\/span><\/li>\n<li><span class=\"a-list-item\">\u2211 Piquets m\u00e9talliques inclus pour fixer le filet sur le gazon ou la terre battue du terrain.<\/span><\/li>\n<li>1. Taille : 5x5ft<br \/>\n2. Cadre : \u03a611x4mm fibre de verre vide \u00e9lastique d'usure<br \/>\n3. Filet : Filet polyester 3 plis 1,5\u201d blanc sans n\u0153uds<br \/>\n4. Cible : sangle de 1 pouce<br \/>\n5. Tissu : tissu oxford 210D<br \/>\n6. Sac : tissu oxford 210D<\/li>\n<\/ul>","protected":false},"excerpt":{"rendered":"<p>\u2211 ULTIMATE TRAINING AID: Perfect for players of all abilities for batting practice, pitching, fielding, catching, and backstop use spend less time chasing balls and more time honing skills. \u2211 EASY QUICK SETUP: Durable fiberglass frame included, sets up in 90 seconds to huge 5 foot or 7 foot size with metal stakes to anchor [&hellip;]<\/p>\n","protected":false},"featured_media":787,"template":"","meta":{"_gspb_post_css":""},"product_brand":[],"product_cat":[25],"product_tag":[],"class_list":{"0":"post-879","1":"product","2":"type-product","3":"status-publish","4":"has-post-thumbnail","6":"product_cat-baseball-net","8":"first","9":"instock","10":"shipping-taxable","11":"product-type-simple"},"_links":{"self":[{"href":"https:\/\/fsportsnet.com\/fr\/wp-json\/wp\/v2\/product\/879","targetHints":{"allow":["GET"]}}],"collection":[{"href":"https:\/\/fsportsnet.com\/fr\/wp-json\/wp\/v2\/product"}],"about":[{"href":"https:\/\/fsportsnet.com\/fr\/wp-json\/wp\/v2\/types\/product"}],"wp:featuredmedia":[{"embeddable":true,"href":"https:\/\/fsportsnet.com\/fr\/wp-json\/wp\/v2\/media\/787"}],"wp:attachment":[{"href":"https:\/\/fsportsnet.com\/fr\/wp-json\/wp\/v2\/media?parent=879"}],"wp:term":[{"taxonomy":"product_brand","embeddable":true,"href":"https:\/\/fsportsnet.com\/fr\/wp-json\/wp\/v2\/product_brand?post=879"},{"taxonomy":"product_cat","embeddable":true,"href":"https:\/\/fsportsnet.com\/fr\/wp-json\/wp\/v2\/product_cat?post=879"},{"taxonomy":"product_tag","embeddable":true,"href":"https:\/\/fsportsnet.com\/fr\/wp-json\/wp\/v2\/product_tag?post=879"}],"curies":[{"name":"wp","href":"https:\/\/api.w.org\/{rel}","templated":true}]}}