{"id":886,"date":"2023-04-10T13:49:27","date_gmt":"2023-04-10T05:49:27","guid":{"rendered":"https:\/\/fsportsnet.com\/?post_type=product&#038;p=886"},"modified":"2023-04-10T13:49:27","modified_gmt":"2023-04-10T05:49:27","slug":"pop-up-baseball-net-practice-net-for-kids","status":"publish","type":"product","link":"https:\/\/fsportsnet.com\/fr\/product\/pop-up-baseball-net-practice-net-for-kids\/","title":{"rendered":"Filet de baseball Pop Up Filet d'entra\u00eenement pour enfants"},"content":{"rendered":"<ul>\n<li><span class=\"a-list-item\">FILET SPORTIF POLYVALENT : Que vous jouiez au baseball, \u00e0 la crosse, au hockey, au football ou \u00e0 tout autre sport, ce filet est l'\u00e9quipement d'entra\u00eenement id\u00e9al \u00e0 avoir \u00e0 votre disposition.<\/span><\/li>\n<\/ul>\n<ul class=\"a-unordered-list a-vertical a-spacing-mini\">\n<li><span class=\"a-list-item\">GRANDE TAILLE : 7\u2032 pieds de hauteur et 8\u2032 pieds de largeur pour offrir une couverture maximale, que ce soit pour le lancer doux, le tir au filet ou d'autres exercices.<\/span><\/li>\n<li><span class=\"a-list-item\">CONSTRUCTION DURABLE : Construit avec un filet en polyester r\u00e9sistant aux intemp\u00e9ries et des poteaux de soutien en fibre de verre solides et flexibles pour garantir des performances de haute qualit\u00e9 saison apr\u00e8s saison.<\/span><\/li>\n<li><span class=\"a-list-item\">PIQUETS DE SOL INCLUS : Ce filet est livr\u00e9 avec des piquets de sol afin que vous puissiez l'ancrer au sol pour plus de stabilit\u00e9 et de soutien.<\/span><\/li>\n<li><span class=\"a-list-item\">SAC DE TRANSPORT PORTABLE : Le design l\u00e9ger et le sac de transport inclus permettent d'emporter facilement ce filet \u00e0 la plage, au parc ou dans le jardin. De plus, il est facile \u00e0 emballer et \u00e0 ranger lorsqu'il n'est pas utilis\u00e9.<\/span><\/li>\n<\/ul>","protected":false},"excerpt":{"rendered":"<p><span id=\"productTitle\" class=\"a-size-large product-title-word-break\">Filet de Baseball Pop Up - Filet de Baseball + Teeball Portable - Filet d'entra\u00eenement pour les enfants - Filet de Jeunesse Tous Sports<\/span><\/p>","protected":false},"featured_media":912,"template":"","meta":{"_gspb_post_css":""},"product_brand":[],"product_cat":[25],"product_tag":[],"class_list":{"0":"post-886","1":"product","2":"type-product","3":"status-publish","4":"has-post-thumbnail","6":"product_cat-baseball-net","8":"first","9":"instock","10":"shipping-taxable","11":"product-type-simple"},"_links":{"self":[{"href":"https:\/\/fsportsnet.com\/fr\/wp-json\/wp\/v2\/product\/886","targetHints":{"allow":["GET"]}}],"collection":[{"href":"https:\/\/fsportsnet.com\/fr\/wp-json\/wp\/v2\/product"}],"about":[{"href":"https:\/\/fsportsnet.com\/fr\/wp-json\/wp\/v2\/types\/product"}],"wp:featuredmedia":[{"embeddable":true,"href":"https:\/\/fsportsnet.com\/fr\/wp-json\/wp\/v2\/media\/912"}],"wp:attachment":[{"href":"https:\/\/fsportsnet.com\/fr\/wp-json\/wp\/v2\/media?parent=886"}],"wp:term":[{"taxonomy":"product_brand","embeddable":true,"href":"https:\/\/fsportsnet.com\/fr\/wp-json\/wp\/v2\/product_brand?post=886"},{"taxonomy":"product_cat","embeddable":true,"href":"https:\/\/fsportsnet.com\/fr\/wp-json\/wp\/v2\/product_cat?post=886"},{"taxonomy":"product_tag","embeddable":true,"href":"https:\/\/fsportsnet.com\/fr\/wp-json\/wp\/v2\/product_tag?post=886"}],"curies":[{"name":"wp","href":"https:\/\/api.w.org\/{rel}","templated":true}]}}