{"id":913,"date":"2023-04-10T13:54:04","date_gmt":"2023-04-10T05:54:04","guid":{"rendered":"https:\/\/fsportsnet.com\/?post_type=product&#038;p=913"},"modified":"2023-04-10T13:54:04","modified_gmt":"2023-04-10T05:54:04","slug":"portable-disc-golf-training-net-baseball-net","status":"publish","type":"product","link":"https:\/\/fsportsnet.com\/fr\/product\/portable-disc-golf-training-net-baseball-net\/","title":{"rendered":"Filet d'entra\u00eenement portable pour le Disc Golf Filet de Baseball"},"content":{"rendered":"<p>1. Taille totale : 7 x 7\u2032<br \/>\n2. Cadre : Tube en fer de 1\u2033 dia 1.0mm d'\u00e9paisseur peint en noir<br \/>\n3. Poteau : \u03a612.7mm fibre de verre noire solide<br \/>\n4. Filet : Filet sans n\u0153uds en polyester noir 7 plis 1.75\u2033 avec reliure en tissu 420D<br \/>\n5. Mat\u00e9riau de la valise : 600D PU avec tissu oxford PVC<br \/>\n6. Emballage : Chaque ensemble dans un carton K=K, 114\u00d714.8\u00d714.8cm, G.W6kg, N.W 5.5kg.<br \/>\n7. Emballage : 1 x filet, 4 x tubes m\u00e9talliques, 4 x piquets, 1 x sac de transport, 4 x piquets en forme de U, 1 x instructions A4<\/p>\n<ul class=\"a-unordered-list a-vertical a-spacing-mini\">\n<li><span class=\"a-list-item\">INSTALLATION RAPIDE ET FACILE \/ ULTRA PORTABLE ; le filet s'installe en moins de 2 minutes sans aucun outil ; il est l\u00e9ger et facile \u00e0 d\u00e9placer \u00e0 diff\u00e9rents endroits pendant les s\u00e9ances d'entra\u00eenement ; il se d\u00e9compose pour se ranger dans un sac de transport pour un stockage \u00e0 long terme et une transportabilit\u00e9 ais\u00e9e dans n'importe quel v\u00e9hicule.<\/span><\/li>\n<li><span class=\"a-list-item\">ENTRA\u00ceNEMENT EN \u00c9QUIPE OU EN SOLO ; Outil d'entra\u00eenement parfait pour s'entra\u00eener seul ; Ce filet vous aidera \u00e0 vous entra\u00eener \u00e0 faire des drives, des frappes ou des chips quand vous voulez vous entra\u00eener en solo \u00e0 la maison ou dans n'importe quel espace d'entra\u00eenement.<\/span><\/li>\n<li><span class=\"a-list-item\">DURABLE ; Construit pour durer saison apr\u00e8s saison<\/span><\/li>\n<li><span class=\"a-list-item\">SANGLES D'\u00c9PAULES ; Les cordons de serrage servent \u00e9galement de sangles d'\u00e9paules l\u00e9g\u00e8res.<\/span><\/li>\n<\/ul>","protected":false},"excerpt":{"rendered":"<p>1. Overall size: 7 x 7&#8242; 2. Frame: 1&#8243; dia 1.0mm thick black paint iron pipe 3. Pole: \u03a612.7mm solid black fiberglass 4. Net: 7 ply 1.75&#8243; black polyester knotless net with 420D fabric binding 5. Carry case material: 600D PU with PVC oxford fabric 6. Packing: Each set in a K=K carton, 114&#215;14.8&#215;14.8cm, G.W6kg, [&hellip;]<\/p>\n","protected":false},"featured_media":789,"template":"","meta":{"_gspb_post_css":""},"product_brand":[],"product_cat":[25],"product_tag":[],"class_list":{"0":"post-913","1":"product","2":"type-product","3":"status-publish","4":"has-post-thumbnail","6":"product_cat-baseball-net","8":"first","9":"instock","10":"shipping-taxable","11":"product-type-simple"},"_links":{"self":[{"href":"https:\/\/fsportsnet.com\/fr\/wp-json\/wp\/v2\/product\/913","targetHints":{"allow":["GET"]}}],"collection":[{"href":"https:\/\/fsportsnet.com\/fr\/wp-json\/wp\/v2\/product"}],"about":[{"href":"https:\/\/fsportsnet.com\/fr\/wp-json\/wp\/v2\/types\/product"}],"wp:featuredmedia":[{"embeddable":true,"href":"https:\/\/fsportsnet.com\/fr\/wp-json\/wp\/v2\/media\/789"}],"wp:attachment":[{"href":"https:\/\/fsportsnet.com\/fr\/wp-json\/wp\/v2\/media?parent=913"}],"wp:term":[{"taxonomy":"product_brand","embeddable":true,"href":"https:\/\/fsportsnet.com\/fr\/wp-json\/wp\/v2\/product_brand?post=913"},{"taxonomy":"product_cat","embeddable":true,"href":"https:\/\/fsportsnet.com\/fr\/wp-json\/wp\/v2\/product_cat?post=913"},{"taxonomy":"product_tag","embeddable":true,"href":"https:\/\/fsportsnet.com\/fr\/wp-json\/wp\/v2\/product_tag?post=913"}],"curies":[{"name":"wp","href":"https:\/\/api.w.org\/{rel}","templated":true}]}}