{"id":916,"date":"2023-04-10T13:54:30","date_gmt":"2023-04-10T05:54:30","guid":{"rendered":"https:\/\/fsportsnet.com\/?post_type=product&#038;p=916"},"modified":"2023-04-10T14:02:42","modified_gmt":"2023-04-10T06:02:42","slug":"7ft-portable-folding-baseball-hitting-net-softball-goal-baseball-practice-net","status":"publish","type":"product","link":"https:\/\/fsportsnet.com\/fr\/product\/7ft-portable-folding-baseball-hitting-net-softball-goal-baseball-practice-net\/","title":{"rendered":"7FT Portable Folding Baseball Hitting Net Softball Goal Baseball Practice Net"},"content":{"rendered":"<p>1. Taille : 7x7ft<br \/>\n2. Tube en acier : \u03a625.4mm x 1.0mm<br \/>\n3. Filet : Filet sans n\u0153uds en PE 5ply 1.75\u201d.<br \/>\n4. Accessoires : 4 piquets de type U, 1 manuel, un sac<br \/>\n5. Mat\u00e9riau du sac : Tissu PU Oxford 600D<br \/>\n6. Taille du CTN : 112x30x13cm<br \/>\n7. N.W 8.5kg ; G.W 9.5kg<\/p>\n<ul class=\"a-unordered-list a-vertical a-spacing-mini\">\n<li><span class=\"a-list-item\">INSTALLATION RAPIDE ET FACILE \/ ULTRA PORTABLE ; le filet s'installe en moins de 2 minutes sans aucun outil ; il est l\u00e9ger et facile \u00e0 d\u00e9placer \u00e0 diff\u00e9rents endroits pendant les s\u00e9ances d'entra\u00eenement ; il se d\u00e9compose pour se ranger dans un sac de transport pour un stockage \u00e0 long terme et une transportabilit\u00e9 ais\u00e9e dans n'importe quel v\u00e9hicule.<\/span><\/li>\n<li><span class=\"a-list-item\">ENTRA\u00ceNEMENT EN \u00c9QUIPE OU EN SOLO ; Outil d'entra\u00eenement parfait pour s'entra\u00eener seul ; Ce filet vous aidera \u00e0 vous entra\u00eener \u00e0 faire des drives, des frappes ou des chips quand vous voulez vous entra\u00eener en solo \u00e0 la maison ou dans n'importe quel espace d'entra\u00eenement.<\/span><\/li>\n<li><span class=\"a-list-item\">DURABLE ; Construit pour durer saison apr\u00e8s saison<\/span><\/li>\n<li><span class=\"a-list-item\">SANGLES D'\u00c9PAULES ; Les cordons de serrage servent \u00e9galement de sangles d'\u00e9paules l\u00e9g\u00e8res.<\/span><\/li>\n<\/ul>","protected":false},"excerpt":{"rendered":"<p>7FT Portable Folding Baseball Hitting Net Softball Goal Baseball Practice Net<br \/>\nAides \u00e0 l'entra\u00eenement des lanceurs Equipement d'entra\u00eenement pour le baseball<\/p>","protected":false},"featured_media":892,"template":"","meta":{"_gspb_post_css":""},"product_brand":[],"product_cat":[25],"product_tag":[],"class_list":{"0":"post-916","1":"product","2":"type-product","3":"status-publish","4":"has-post-thumbnail","6":"product_cat-baseball-net","8":"first","9":"instock","10":"shipping-taxable","11":"product-type-simple"},"_links":{"self":[{"href":"https:\/\/fsportsnet.com\/fr\/wp-json\/wp\/v2\/product\/916","targetHints":{"allow":["GET"]}}],"collection":[{"href":"https:\/\/fsportsnet.com\/fr\/wp-json\/wp\/v2\/product"}],"about":[{"href":"https:\/\/fsportsnet.com\/fr\/wp-json\/wp\/v2\/types\/product"}],"wp:featuredmedia":[{"embeddable":true,"href":"https:\/\/fsportsnet.com\/fr\/wp-json\/wp\/v2\/media\/892"}],"wp:attachment":[{"href":"https:\/\/fsportsnet.com\/fr\/wp-json\/wp\/v2\/media?parent=916"}],"wp:term":[{"taxonomy":"product_brand","embeddable":true,"href":"https:\/\/fsportsnet.com\/fr\/wp-json\/wp\/v2\/product_brand?post=916"},{"taxonomy":"product_cat","embeddable":true,"href":"https:\/\/fsportsnet.com\/fr\/wp-json\/wp\/v2\/product_cat?post=916"},{"taxonomy":"product_tag","embeddable":true,"href":"https:\/\/fsportsnet.com\/fr\/wp-json\/wp\/v2\/product_tag?post=916"}],"curies":[{"name":"wp","href":"https:\/\/api.w.org\/{rel}","templated":true}]}}