{"id":921,"date":"2023-04-10T14:21:32","date_gmt":"2023-04-10T06:21:32","guid":{"rendered":"https:\/\/fsportsnet.com\/?post_type=product&#038;p=921"},"modified":"2023-04-10T14:29:14","modified_gmt":"2023-04-10T06:29:14","slug":"9-hole-pitching-net-with-strike-zone","status":"publish","type":"product","link":"https:\/\/fsportsnet.com\/fr\/product\/9-hole-pitching-net-with-strike-zone\/","title":{"rendered":"Filet de lancer 9 trous avec zone de frappe"},"content":{"rendered":"<p>70x70cm<br \/>\n1. Tube en acier : 32 mm<br \/>\n2. Filet\uff1a7ply polyester net<br \/>\n3. Corde : corde PE 75ply<br \/>\n4. Manchon\uff1a0.5mm PVC<br \/>\n5. la couche int\u00e9rieure est en coton perl\u00e9 et la couche ext\u00e9rieure est en tissu \u00e0 mailles en PVC.<br \/>\n6. \u0152illets 26 pi\u00e8ces, piquets 4 pi\u00e8ces<br \/>\n7. Taille du carton : 82x76x9cm<\/p>\n<ul class=\"a-unordered-list a-vertical a-spacing-mini\">\n<li><span class=\"a-list-item\">Le Perfect Pitch de Fsports - filet de lancer 9 trous avec zone de frappe est portable pour que vous puissiez vous entra\u00eener \u00e0 lancer et \u00e0 lancer, sans receveur, comme un pro ! Une aide \u00e0 l'entra\u00eenement parfaite pour un lanceur de baseball de tout \u00e2ge.<\/span><\/li>\n<li><span class=\"a-list-item\">ZONE D'ATTEINTE PR\u00c9CISE - Une plaque de baseball standard a une largeur de 17\u2033, et notre filet a une largeur de 20\u2033 (sans compter le rembourrage en mousse), ce qui donne une zone d'attaque pr\u00e9cise pour les lanceurs avec un pouce et demi de plus de chaque c\u00f4t\u00e9.<\/span><\/li>\n<li><span class=\"a-list-item\">CADRE EN ACIER ROBUSTE - Cette cible de lancer est recouverte d'une mousse d'impact, ce cadre robuste ne se pliera pas et ne se brisera pas lorsqu'une balle la frappera. Parfait pour l'int\u00e9rieur ou l'ext\u00e9rieur. Le filet industriel de neuf carr\u00e9s de calibre #60 est construit pour durer.<\/span><\/li>\n<li><span class=\"a-list-item\">AJUSTEMENT RAPIDE ET FACILE DE LA HAUTEUR - Passez plus de temps \u00e0 lancer des strikes, moins de temps \u00e0 modifier votre \u00e9quipement d'entra\u00eenement de baseball et de softball. Retirez la goupille et le boulon, et choisissez un nouveau trou dans le cadre. Facile ! Assemblage rapide - ins\u00e9rez les pieds et vous \u00eates pr\u00eat \u00e0 lancer en seulement 1 minute !<\/span><\/li>\n<li><span class=\"a-list-item\">L'EXERCICE REND PERMANENT - L'exercice parfait rend parfait. Ce filet d'entra\u00eenement est l'\u00e9quipement parfait pour votre \u00e9quipe de softball ou de baseball \u00e0 balle rapide, ou pour quelques lancers suppl\u00e9mentaires dans votre propre jardin.<\/span><\/li>\n<\/ul>","protected":false},"excerpt":{"rendered":"<p>Filet de frappe de baseball pliable et portable But de softball Filet d'entra\u00eenement de baseball Aides \u00e0 l'entra\u00eenement de baseball Equipement d'entra\u00eenement de baseball<\/p>","protected":false},"featured_media":923,"template":"","meta":{"_gspb_post_css":""},"product_brand":[],"product_cat":[25],"product_tag":[],"class_list":{"0":"post-921","1":"product","2":"type-product","3":"status-publish","4":"has-post-thumbnail","6":"product_cat-baseball-net","8":"first","9":"instock","10":"shipping-taxable","11":"product-type-simple"},"_links":{"self":[{"href":"https:\/\/fsportsnet.com\/fr\/wp-json\/wp\/v2\/product\/921","targetHints":{"allow":["GET"]}}],"collection":[{"href":"https:\/\/fsportsnet.com\/fr\/wp-json\/wp\/v2\/product"}],"about":[{"href":"https:\/\/fsportsnet.com\/fr\/wp-json\/wp\/v2\/types\/product"}],"wp:featuredmedia":[{"embeddable":true,"href":"https:\/\/fsportsnet.com\/fr\/wp-json\/wp\/v2\/media\/923"}],"wp:attachment":[{"href":"https:\/\/fsportsnet.com\/fr\/wp-json\/wp\/v2\/media?parent=921"}],"wp:term":[{"taxonomy":"product_brand","embeddable":true,"href":"https:\/\/fsportsnet.com\/fr\/wp-json\/wp\/v2\/product_brand?post=921"},{"taxonomy":"product_cat","embeddable":true,"href":"https:\/\/fsportsnet.com\/fr\/wp-json\/wp\/v2\/product_cat?post=921"},{"taxonomy":"product_tag","embeddable":true,"href":"https:\/\/fsportsnet.com\/fr\/wp-json\/wp\/v2\/product_tag?post=921"}],"curies":[{"name":"wp","href":"https:\/\/api.w.org\/{rel}","templated":true}]}}