{"id":926,"date":"2023-04-10T14:29:31","date_gmt":"2023-04-10T06:29:31","guid":{"rendered":"https:\/\/fsportsnet.com\/?post_type=product&#038;p=926"},"modified":"2023-04-10T14:33:34","modified_gmt":"2023-04-10T06:33:34","slug":"baseball-9-hole-pitching-net-target","status":"publish","type":"product","link":"https:\/\/fsportsnet.com\/fr\/product\/baseball-9-hole-pitching-net-target\/","title":{"rendered":"Filet de lancer de balle 9 trous pour le baseball"},"content":{"rendered":"<p>110x126cm<br \/>\n1. Tube en acier : \u03a61\u201d x 1.0mm<br \/>\n2. Filet : Filet polyester 5 plis 1,5\u201d.<br \/>\n3. Fibre de verre : \u03a614mm<br \/>\n4. Accessoires : 4 piquets en U, 1 manuel, un sac<br \/>\n5. Manche : tissu Oxford 420D<br \/>\n6. Mat\u00e9riau du sac : Tissu PU Oxford 600D<br \/>\n7. Emballage : 1 jeu dans un carton<br \/>\n8. Taille CTN : 114x14x14cm\/1set<\/p>\n<ul class=\"a-unordered-list a-vertical a-spacing-mini\">\n<li><span class=\"a-list-item\">\u3010Premium Material\u3011Craftted from high-quality, newly upgraded polyester fiber material, our Baseball Pitching Net boasts excellent elasticity and canstanding powerful attacks. Avec une base solide et des tiges en fibre de verre, vous pouvez \u00eatre assur\u00e9 que ce filet de lancer 9 trous est construit pour durer.<\/span><\/li>\n<li><span class=\"a-list-item\">\u3010Easy Assembly\u3011L'installation de notre filet de lancer de baseball est un jeu d'enfant, ne prenant que quelques minutes de votre temps. Une fois l'entra\u00eenement termin\u00e9, le d\u00e9montage du filet est tout aussi facile, et vous pouvez le ranger dans notre sac de rangement gratuit, ce qui le rend incroyablement pratique pour le stockage et le transport<\/span><\/li>\n<li><span class=\"a-list-item\">9 Target Strike Zone\u3011La conception unique \u00e0 9 poches du filet am\u00e9liore votre pr\u00e9cision et votre directionnalit\u00e9 lorsque vous frappez et lancez des cibles, ce qui permet un entra\u00eenement ininterrompu en solo. Avec notre filet d'entra\u00eenement de baseball softball, vous aurez l'\u00e9quipement de coordination d'entra\u00eenement parfait \u00e0 port\u00e9e de main.<\/span><\/li>\n<li><span class=\"a-list-item\">\u3010Ideal Training Equipment\u3011Convient aux adolescents comme aux adultes, que vous soyez d\u00e9butant ou professionnel, notre filet de lancer de baseball est parfait pour affiner vos comp\u00e9tences et am\u00e9liorer votre capacit\u00e9 \u00e0 frapper plus rapidement.<\/span><\/li>\n<li><span class=\"a-list-item\">\u3010Portable et pratique\u3011Notre filet de lancer de baseball est livr\u00e9 avec un sac de rangement portable gratuit qui prend un minimum de place. Apr\u00e8s un d\u00e9montage rapide et sans effort, vous pouvez emporter le filet de lancer 9 trous dans votre cour, votre terrain ou votre stade pour un entra\u00eenement individuel ou d'\u00e9quipe \u00e0 tout moment, n'importe o\u00f9. C'est l'\u00e9quipement d'entra\u00eenement ultime pour le baseball.<\/span><\/li>\n<\/ul>","protected":false},"excerpt":{"rendered":"<p id=\"title\" class=\"a-size-large a-spacing-none\"><span id=\"productTitle\" class=\"a-size-large product-title-word-break\">Filet de lancer de baseball, cible de lancer de baseball, but de lancer de baseball, filet de lancer de baseball \u00e0 9 trous, filet de lancer de baseball \u00e0 9 trous pour frapper et lancer avec zone de frappe, filets de lancer de baseball et de softball.<\/span><\/p>","protected":false},"featured_media":922,"template":"","meta":{"_gspb_post_css":""},"product_brand":[],"product_cat":[25],"product_tag":[],"class_list":{"0":"post-926","1":"product","2":"type-product","3":"status-publish","4":"has-post-thumbnail","6":"product_cat-baseball-net","8":"first","9":"instock","10":"shipping-taxable","11":"product-type-simple"},"_links":{"self":[{"href":"https:\/\/fsportsnet.com\/fr\/wp-json\/wp\/v2\/product\/926","targetHints":{"allow":["GET"]}}],"collection":[{"href":"https:\/\/fsportsnet.com\/fr\/wp-json\/wp\/v2\/product"}],"about":[{"href":"https:\/\/fsportsnet.com\/fr\/wp-json\/wp\/v2\/types\/product"}],"wp:featuredmedia":[{"embeddable":true,"href":"https:\/\/fsportsnet.com\/fr\/wp-json\/wp\/v2\/media\/922"}],"wp:attachment":[{"href":"https:\/\/fsportsnet.com\/fr\/wp-json\/wp\/v2\/media?parent=926"}],"wp:term":[{"taxonomy":"product_brand","embeddable":true,"href":"https:\/\/fsportsnet.com\/fr\/wp-json\/wp\/v2\/product_brand?post=926"},{"taxonomy":"product_cat","embeddable":true,"href":"https:\/\/fsportsnet.com\/fr\/wp-json\/wp\/v2\/product_cat?post=926"},{"taxonomy":"product_tag","embeddable":true,"href":"https:\/\/fsportsnet.com\/fr\/wp-json\/wp\/v2\/product_tag?post=926"}],"curies":[{"name":"wp","href":"https:\/\/api.w.org\/{rel}","templated":true}]}}