{"id":927,"date":"2023-04-10T14:33:51","date_gmt":"2023-04-10T06:33:51","guid":{"rendered":"https:\/\/fsportsnet.com\/?post_type=product&#038;p=927"},"modified":"2023-04-10T15:17:47","modified_gmt":"2023-04-10T07:17:47","slug":"baseball-and-softball-batting-cage-net-and-frame","status":"publish","type":"product","link":"https:\/\/fsportsnet.com\/fr\/product\/baseball-and-softball-batting-cage-net-and-frame\/","title":{"rendered":"Filet et cadre de cage de frappe pour le baseball et le softball"},"content":{"rendered":"<p>Cage de frappe pour le baseball<br \/>\n1. Taille : 20x10x3m<br \/>\n2. Filet sans n\u0153uds en polyester : 5 couches 1.75\u2033.<br \/>\n3. Tube en acier : \u03a631.8mm<br \/>\n4. \u00c9paisseur : 0,8 mm<\/p>\n<ul class=\"a-unordered-list a-vertical a-spacing-mini\">\n<li><span class=\"a-list-item\">Cage de frappe parfaite pour toute cour de taille et utilis\u00e9e par des joueurs de 4 \u00e0 adultes.<\/span><\/li>\n<li><span class=\"a-list-item\">TOUT EN UN - Comprend des piquets de sol robustes, des tiges en fibre de verre de 1\/2\u2033, un filet en nylon r\u00e9sistant de 1\u2033 et un harnais de cage de frappe int\u00e9gr\u00e9 pour attacher n'importe quel lanceur de balles de sport.<\/span><\/li>\n<li><span class=\"a-list-item\">ACCRO\u00ceT VOTRE TEMPS DE R\u00c9ACTION - Parce que la cage mesure 22 pieds, une balle lanc\u00e9e \u00e0 50 MPH \u00e0 46 pieds sera simul\u00e9e comme un lancer de 104 MPH. Imaginez \u00e0 quel point un lancer en jeu sera facile apr\u00e8s avoir utilis\u00e9 Fsports !<\/span><\/li>\n<li><span class=\"a-list-item\">INSTALLATION ET D\u00c9MONTAGE FACILES - Les tiges en fibre de verre et le filet l\u00e9ger permettent au Fsports d'\u00eatre la cage de frappe la plus facile et la plus pratique du march\u00e9. Montage et d\u00e9montage en quelques minutes !<\/span><\/li>\n<li><span class=\"a-list-item\">Harnais de machine int\u00e9gr\u00e9 pour la s\u00e9curit\u00e9 - Un harnais de cage de frappe int\u00e9gr\u00e9 permet \u00e0 une machine de lancer de rester \u00e0 l'ext\u00e9rieur avec l'op\u00e9rateur pour plus de s\u00e9curit\u00e9 et de commodit\u00e9.<\/span><\/li>\n<\/ul>","protected":false},"excerpt":{"rendered":"<p id=\"title\" class=\"a-size-large a-spacing-none\">Cage de frappe parfaite pour toute cour de taille et utilis\u00e9e par des joueurs de 4 \u00e0 adultes.<\/p>","protected":false},"featured_media":900,"template":"","meta":{"_gspb_post_css":""},"product_brand":[],"product_cat":[25],"product_tag":[],"class_list":{"0":"post-927","1":"product","2":"type-product","3":"status-publish","4":"has-post-thumbnail","6":"product_cat-baseball-net","8":"first","9":"instock","10":"shipping-taxable","11":"product-type-simple"},"_links":{"self":[{"href":"https:\/\/fsportsnet.com\/fr\/wp-json\/wp\/v2\/product\/927","targetHints":{"allow":["GET"]}}],"collection":[{"href":"https:\/\/fsportsnet.com\/fr\/wp-json\/wp\/v2\/product"}],"about":[{"href":"https:\/\/fsportsnet.com\/fr\/wp-json\/wp\/v2\/types\/product"}],"wp:featuredmedia":[{"embeddable":true,"href":"https:\/\/fsportsnet.com\/fr\/wp-json\/wp\/v2\/media\/900"}],"wp:attachment":[{"href":"https:\/\/fsportsnet.com\/fr\/wp-json\/wp\/v2\/media?parent=927"}],"wp:term":[{"taxonomy":"product_brand","embeddable":true,"href":"https:\/\/fsportsnet.com\/fr\/wp-json\/wp\/v2\/product_brand?post=927"},{"taxonomy":"product_cat","embeddable":true,"href":"https:\/\/fsportsnet.com\/fr\/wp-json\/wp\/v2\/product_cat?post=927"},{"taxonomy":"product_tag","embeddable":true,"href":"https:\/\/fsportsnet.com\/fr\/wp-json\/wp\/v2\/product_tag?post=927"}],"curies":[{"name":"wp","href":"https:\/\/api.w.org\/{rel}","templated":true}]}}