{"id":936,"date":"2023-04-10T15:34:10","date_gmt":"2023-04-10T07:34:10","guid":{"rendered":"https:\/\/fsportsnet.com\/?post_type=product&#038;p=936"},"modified":"2023-04-10T15:36:06","modified_gmt":"2023-04-10T07:36:06","slug":"baseball-and-softball-ball-caddy","status":"publish","type":"product","link":"https:\/\/fsportsnet.com\/fr\/product\/baseball-and-softball-ball-caddy\/","title":{"rendered":"Support de balles de baseball et de softball"},"content":{"rendered":"<p>1. Filet sans n\u0153uds en polyester : 7 plis 1.75\u2033.<br \/>\n2. Tube en acier : \u03a619mm<br \/>\n3. \u00c9paisseur : 0,8 mm<br \/>\n4. Reliure en tissu : 210D, 420D<br \/>\n5. G.W 1.53kg ; N.W 1.28kg<br \/>\n6. Emballage : Chaque ensemble est emball\u00e9 dans un carton K=K, 107x8x8cm.<\/p>\n<ul class=\"a-unordered-list a-vertical a-spacing-mini\">\n<li><span class=\"a-list-item\">\u26be\u3010Large Capacity Caddy\u3011Le caddy de baseball de grande capacit\u00e9 peut contenir 100+ balles de baseball ou 50+ balles molles, avec une capacit\u00e9 de charge d'environ 40lbs, \u00e0 utiliser pour l'entra\u00eenement et la comp\u00e9tition.<\/span><\/li>\n<li><span class=\"a-list-item\">\ud83e\udd4e\u3010Foldable &amp; Portable\u3011Le caddy de baseball peut \u00eatre facilement assembl\u00e9 en 2 minutes, pliable et l\u00e9ger vous permet de transporter facilement le caddy \u00e0 n'importe quel lieu d'entra\u00eenement.<\/span><\/li>\n<li><span class=\"a-list-item\">\u26be\u3010No Bending Over\u3011Le caddy de baseball pour les balles a une hauteur de 36 pouces, ce qui peut sauver votre dos. Il n'y a pas besoin de se pencher pour sortir la balle du seau pendant la pratique \u00e0 long terme.<\/span><\/li>\n<li><span class=\"a-list-item\">\ud83e\udd4e\u3010Stable Structure\u3011La structure en double X rend le caddy \u00e0 balles plus \u00e9quilibr\u00e9, pas facile \u00e0 tomber, et plus stable et durable. il peut \u00eatre utilis\u00e9 dans une vari\u00e9t\u00e9 de lieux (tels que la pelouse, le b\u00e9ton, la plage, le sol irr\u00e9gulier).<\/span><\/li>\n<li><span class=\"a-list-item\">\u26be\u3010Professional Baseball\/Softball Training Equipment\u3011Tout d\u00e9butant et joueur devrait avoir un caddy de balle de grande capacit\u00e9, qui peut \u00eatre utilis\u00e9 pour la balle de baseball\/softball et d'autres balles.<\/span><\/li>\n<\/ul>","protected":false},"excerpt":{"rendered":"<h5 class=\"a-spacing-mini a-color-secondary\">Caract\u00e9ristiques :<\/h5>\n<p class=\"a-spacing-base\">* Grande capacit\u00e9 pour contenir plus de 100 balles de baseball ou plus de 50 balles de softball.<\/p>\n<p class=\"a-spacing-base\">* Structure en X pour plus de robustesse et de stabilit\u00e9.<\/p>\n<p class=\"a-spacing-base\">* Le syst\u00e8me se met en place rapidement et est facilement pliable pour le transport.<\/p>","protected":false},"featured_media":907,"template":"","meta":{"_gspb_post_css":""},"product_brand":[],"product_cat":[25],"product_tag":[],"class_list":{"0":"post-936","1":"product","2":"type-product","3":"status-publish","4":"has-post-thumbnail","6":"product_cat-baseball-net","8":"first","9":"instock","10":"shipping-taxable","11":"product-type-simple"},"_links":{"self":[{"href":"https:\/\/fsportsnet.com\/fr\/wp-json\/wp\/v2\/product\/936","targetHints":{"allow":["GET"]}}],"collection":[{"href":"https:\/\/fsportsnet.com\/fr\/wp-json\/wp\/v2\/product"}],"about":[{"href":"https:\/\/fsportsnet.com\/fr\/wp-json\/wp\/v2\/types\/product"}],"wp:featuredmedia":[{"embeddable":true,"href":"https:\/\/fsportsnet.com\/fr\/wp-json\/wp\/v2\/media\/907"}],"wp:attachment":[{"href":"https:\/\/fsportsnet.com\/fr\/wp-json\/wp\/v2\/media?parent=936"}],"wp:term":[{"taxonomy":"product_brand","embeddable":true,"href":"https:\/\/fsportsnet.com\/fr\/wp-json\/wp\/v2\/product_brand?post=936"},{"taxonomy":"product_cat","embeddable":true,"href":"https:\/\/fsportsnet.com\/fr\/wp-json\/wp\/v2\/product_cat?post=936"},{"taxonomy":"product_tag","embeddable":true,"href":"https:\/\/fsportsnet.com\/fr\/wp-json\/wp\/v2\/product_tag?post=936"}],"curies":[{"name":"wp","href":"https:\/\/api.w.org\/{rel}","templated":true}]}}