{"id":937,"date":"2023-04-10T15:38:54","date_gmt":"2023-04-10T07:38:54","guid":{"rendered":"https:\/\/fsportsnet.com\/?post_type=product&#038;p=937"},"modified":"2023-04-10T15:41:12","modified_gmt":"2023-04-10T07:41:12","slug":"baseball-tee-softball-travel-portable-tee","status":"publish","type":"product","link":"https:\/\/fsportsnet.com\/fr\/product\/baseball-tee-softball-travel-portable-tee\/","title":{"rendered":"Tee de baseball Tee de softball Tee de voyage portable"},"content":{"rendered":"<p>1. Taille : H28\u2033\/71cm<br \/>\n2. Mat\u00e9riau : Poteau en m\u00e9tal, plastique<br \/>\n3. Contenu : Tee d'extension<br \/>\n4. Emballage : Chaque ensemble dans un carton K=K, 10*10*53cm\/1 ensemble, poids brut 1,2Kg, poids net 1,05kg.<\/p>\n<ul class=\"a-unordered-list a-vertical a-spacing-mini\">\n<li><span class=\"a-list-item\">1.\u3010STURDY TRIPOD STAND\u3011batting tee ,baseball tee ,softball tee, La configuration robuste du tr\u00e9pied assure la stabilit\u00e9 et se replie pour la frappe ou le battage.<\/span><\/li>\n<li><span class=\"a-list-item\">2.\u3010DURABLE-HIGH QUALITY WRAPPED RUBBER\u3011Every Fsports Tee top is hand rolled,Strong and durable,Which is suitable for kinds of balls, with good elasticity\uff0c like baseball, softball, training ball and to have the real hitting feelings with special size design.<\/span><\/li>\n<li><span class=\"a-list-item\">3. \u3010EASY TO SET UP\u3011 La hauteur du hitting tee s'ajuste facilement de 27.5 \u00e0 48 pouces par les mains des enfants, sans aucun outil ! parfait pour les joueurs du d\u00e9butant au professionnel.<\/span><\/li>\n<li><span class=\"a-list-item\">4.\u3010PORTABLE \u00c0 EMPORTER\u3011 Nouvelle am\u00e9lioration avec sac de transport, facile \u00e0 plier pour le tee et prendre par le sac. Convient pour l'int\u00e9rieur et l'ext\u00e9rieur.<\/span><\/li>\n<li><span class=\"a-list-item\">5. \u3010HIGH VALUABLE\u3011Fabriqu\u00e9 aux Etats-Unis avec des mat\u00e9riaux locaux et certains mat\u00e9riaux import\u00e9s, il a \u00e9t\u00e9 accept\u00e9 et recommand\u00e9 par de nombreux professionnels et d\u00e9butants. Il vaut la peine de l'avoir !<\/span><\/li>\n<\/ul>","protected":false},"excerpt":{"rendered":"<h5 class=\"a-spacing-mini a-color-secondary\">Caract\u00e9ristiques :<\/h5>\n<p class=\"a-spacing-base\">* Grande capacit\u00e9 pour contenir plus de 100 balles de baseball ou plus de 50 balles de softball.<\/p>\n<p class=\"a-spacing-base\">* Structure en X pour plus de robustesse et de stabilit\u00e9.<\/p>\n<p class=\"a-spacing-base\">* Le syst\u00e8me se met en place rapidement et est facilement pliable pour le transport.<\/p>","protected":false},"featured_media":908,"template":"","meta":{"_gspb_post_css":""},"product_brand":[],"product_cat":[25],"product_tag":[],"class_list":{"0":"post-937","1":"product","2":"type-product","3":"status-publish","4":"has-post-thumbnail","6":"product_cat-baseball-net","8":"first","9":"instock","10":"shipping-taxable","11":"product-type-simple"},"_links":{"self":[{"href":"https:\/\/fsportsnet.com\/fr\/wp-json\/wp\/v2\/product\/937","targetHints":{"allow":["GET"]}}],"collection":[{"href":"https:\/\/fsportsnet.com\/fr\/wp-json\/wp\/v2\/product"}],"about":[{"href":"https:\/\/fsportsnet.com\/fr\/wp-json\/wp\/v2\/types\/product"}],"wp:featuredmedia":[{"embeddable":true,"href":"https:\/\/fsportsnet.com\/fr\/wp-json\/wp\/v2\/media\/908"}],"wp:attachment":[{"href":"https:\/\/fsportsnet.com\/fr\/wp-json\/wp\/v2\/media?parent=937"}],"wp:term":[{"taxonomy":"product_brand","embeddable":true,"href":"https:\/\/fsportsnet.com\/fr\/wp-json\/wp\/v2\/product_brand?post=937"},{"taxonomy":"product_cat","embeddable":true,"href":"https:\/\/fsportsnet.com\/fr\/wp-json\/wp\/v2\/product_cat?post=937"},{"taxonomy":"product_tag","embeddable":true,"href":"https:\/\/fsportsnet.com\/fr\/wp-json\/wp\/v2\/product_tag?post=937"}],"curies":[{"name":"wp","href":"https:\/\/api.w.org\/{rel}","templated":true}]}}