{"id":942,"date":"2023-04-10T16:49:01","date_gmt":"2023-04-10T08:49:01","guid":{"rendered":"https:\/\/fsportsnet.com\/?post_type=product&#038;p=942"},"modified":"2023-04-10T22:05:43","modified_gmt":"2023-04-10T14:05:43","slug":"golf-net-basics-portable-driving-practice-net","status":"publish","type":"product","link":"https:\/\/fsportsnet.com\/fr\/product\/golf-net-basics-portable-driving-practice-net\/","title":{"rendered":"Filet d'entra\u00eenement portable Golf Net Basics"},"content":{"rendered":"<ul class=\"a-unordered-list a-vertical a-spacing-mini\">\n<li>GOLF NET<br \/>\n1. Taille : 10 x 7 x 3\u2032<br \/>\n2. Cadre : Tube m\u00e9tallique de \u03a61 \u201ddia 1,0mm d'\u00e9paisseur et rev\u00eatement en poudre noire.<br \/>\n3. Poteau : \u03a614mm fibre de verre noire solide<br \/>\n4. Filet : Filet sans n\u0153uds en polyester noir 4 plis 1\u2033, avec reliure en tissu 420D<br \/>\n5. Sac : tissu oxford 600D<br \/>\n6. Emballage : Chaque ensemble dans un carton K=K, 14.8*14.8*114cm\/1 ensemble<br \/>\n7. Poids brut : 7,76 kg ; poids net : 7,26 kg<\/li>\n<li><span class=\"a-list-item\">100% Polyester<\/span><\/li>\n<li><span class=\"a-list-item\">Import\u00e9<\/span><\/li>\n<li><span class=\"a-list-item\">Filet de golf avec une grande surface de frappe permettant de s'entra\u00eener au swing en toute s\u00e9curit\u00e9 ; convient pour une utilisation en int\u00e9rieur\/ext\u00e9rieur<\/span><\/li>\n<li><span class=\"a-list-item\">Le filet de frappe durable attrape les balles et les range proprement \u00e0 la base pour les r\u00e9cup\u00e9rer facilement et rapidement.<\/span><\/li>\n<li><span class=\"a-list-item\">Conception robuste mais l\u00e9g\u00e8re en m\u00e9tal et en fibre de verre ; pratique \u00e0 transporter pour une pratique en tout lieu et \u00e0 tout moment.<\/span><\/li>\n<li><span class=\"a-list-item\">Montage\/d\u00e9montage rapide et facile ; comprend 4 piquets en m\u00e9tal et un sac de transport pour le stockage ou le transport.<\/span><\/li>\n<\/ul>","protected":false},"excerpt":{"rendered":"<p id=\"title\" class=\"a-size-large a-spacing-none\"><span id=\"productTitle\" class=\"a-size-large product-title-word-break\">Filet d'entra\u00eenement de golf 10\u00d77 pieds avec tapis de golf et balles de golf emball\u00e9s dans un sac de transport pour l'entra\u00eenement dans l'arri\u00e8re-cour, \u00e0 l'int\u00e9rieur et \u00e0 l'ext\u00e9rieur.<\/span><\/p>","protected":false},"featured_media":948,"template":"","meta":{"_gspb_post_css":""},"product_brand":[],"product_cat":[26],"product_tag":[],"class_list":{"0":"post-942","1":"product","2":"type-product","3":"status-publish","4":"has-post-thumbnail","6":"product_cat-golf-net","8":"first","9":"instock","10":"shipping-taxable","11":"product-type-simple"},"_links":{"self":[{"href":"https:\/\/fsportsnet.com\/fr\/wp-json\/wp\/v2\/product\/942","targetHints":{"allow":["GET"]}}],"collection":[{"href":"https:\/\/fsportsnet.com\/fr\/wp-json\/wp\/v2\/product"}],"about":[{"href":"https:\/\/fsportsnet.com\/fr\/wp-json\/wp\/v2\/types\/product"}],"wp:featuredmedia":[{"embeddable":true,"href":"https:\/\/fsportsnet.com\/fr\/wp-json\/wp\/v2\/media\/948"}],"wp:attachment":[{"href":"https:\/\/fsportsnet.com\/fr\/wp-json\/wp\/v2\/media?parent=942"}],"wp:term":[{"taxonomy":"product_brand","embeddable":true,"href":"https:\/\/fsportsnet.com\/fr\/wp-json\/wp\/v2\/product_brand?post=942"},{"taxonomy":"product_cat","embeddable":true,"href":"https:\/\/fsportsnet.com\/fr\/wp-json\/wp\/v2\/product_cat?post=942"},{"taxonomy":"product_tag","embeddable":true,"href":"https:\/\/fsportsnet.com\/fr\/wp-json\/wp\/v2\/product_tag?post=942"}],"curies":[{"name":"wp","href":"https:\/\/api.w.org\/{rel}","templated":true}]}}