{"id":957,"date":"2023-04-10T22:05:52","date_gmt":"2023-04-10T14:05:52","guid":{"rendered":"https:\/\/fsportsnet.com\/?post_type=product&#038;p=957"},"modified":"2023-04-10T22:11:27","modified_gmt":"2023-04-10T14:11:27","slug":"golf-practice-net-10x7-feet-golf-hitting-mat-for-backyard-driving","status":"publish","type":"product","link":"https:\/\/fsportsnet.com\/fr\/product\/golf-practice-net-10x7-feet-golf-hitting-mat-for-backyard-driving\/","title":{"rendered":"Filet d'entra\u00eenement pour le golf 10\u00d77 pieds Tapis de frappe pour le golf dans l'arri\u00e8re-cour"},"content":{"rendered":"<ul class=\"a-unordered-list a-vertical a-spacing-mini\">\n<li>GOLF NET<br \/>\n1. Taille : 10 x 7 x 3\u2032<br \/>\n2. Cadre : Tube m\u00e9tallique de \u03a61 \u201ddia 1,0mm d'\u00e9paisseur et rev\u00eatement en poudre noire.<br \/>\n3. Poteau : \u03a614mm fibre de verre noire solide<br \/>\n4. Filet : Filet sans n\u0153uds en polyester noir 4 plis 1\u2033, avec reliure en tissu 420D<br \/>\n5. Sac : tissu oxford 600D<br \/>\n6. Emballage : Chaque ensemble dans un carton K=K, 14.8*14.8*114cm\/1 ensemble<br \/>\n7. Poids brut : 7,76 kg ; poids net : 7,26 kg<\/li>\n<li><span class=\"a-list-item\">Terrain d'entra\u00eenement personnel : Am\u00e9liorez votre swing \u00e0 l'int\u00e9rieur ou \u00e0 l'ext\u00e9rieur gr\u00e2ce \u00e0 ce filet de frappe de golf portable (tapis non inclus).<\/span><\/li>\n<li><span class=\"a-list-item\">Mat\u00e9riau durable : Le filet robuste est fabriqu\u00e9 \u00e0 partir d'un filet renforc\u00e9 \u00e0 4 couches sans n\u0153uds et de solides poteaux de soutien en fibre de verre avec une conception de cadre de type arc pour une plus grande stabilit\u00e9.<\/span><\/li>\n<li><span class=\"a-list-item\">Assemblage rapide et facile : Installez votre terrain d'entra\u00eenement en quelques minutes ! Vous pouvez profiter du plaisir de jouer au golf \u00e0 la maison, dans le jardin, dans un parc, dans un garage, au sous-sol, au bord de la piscine ou avec n'importe quel club.<\/span><\/li>\n<li><span class=\"a-list-item\">Portable et pliable : L'\u00e9quipement d'entra\u00eenement de golf est livr\u00e9 avec un sac de transport, ce qui vous permet de l'emballer facilement et de le transporter n'importe o\u00f9.<\/span><\/li>\n<\/ul>","protected":false},"excerpt":{"rendered":"<p id=\"title\" class=\"a-size-large a-spacing-none\"><span id=\"productTitle\" class=\"a-size-large product-title-word-break\">Filet d'entra\u00eenement de golf 10\u00d77 pieds avec tapis de golf et balles de golf emball\u00e9s dans un sac de transport pour l'entra\u00eenement dans l'arri\u00e8re-cour, \u00e0 l'int\u00e9rieur et \u00e0 l'ext\u00e9rieur.<\/span><\/p>","protected":false},"featured_media":953,"template":"","meta":{"_gspb_post_css":""},"product_brand":[],"product_cat":[26],"product_tag":[],"class_list":{"0":"post-957","1":"product","2":"type-product","3":"status-publish","4":"has-post-thumbnail","6":"product_cat-golf-net","8":"first","9":"instock","10":"shipping-taxable","11":"product-type-simple"},"_links":{"self":[{"href":"https:\/\/fsportsnet.com\/fr\/wp-json\/wp\/v2\/product\/957","targetHints":{"allow":["GET"]}}],"collection":[{"href":"https:\/\/fsportsnet.com\/fr\/wp-json\/wp\/v2\/product"}],"about":[{"href":"https:\/\/fsportsnet.com\/fr\/wp-json\/wp\/v2\/types\/product"}],"wp:featuredmedia":[{"embeddable":true,"href":"https:\/\/fsportsnet.com\/fr\/wp-json\/wp\/v2\/media\/953"}],"wp:attachment":[{"href":"https:\/\/fsportsnet.com\/fr\/wp-json\/wp\/v2\/media?parent=957"}],"wp:term":[{"taxonomy":"product_brand","embeddable":true,"href":"https:\/\/fsportsnet.com\/fr\/wp-json\/wp\/v2\/product_brand?post=957"},{"taxonomy":"product_cat","embeddable":true,"href":"https:\/\/fsportsnet.com\/fr\/wp-json\/wp\/v2\/product_cat?post=957"},{"taxonomy":"product_tag","embeddable":true,"href":"https:\/\/fsportsnet.com\/fr\/wp-json\/wp\/v2\/product_tag?post=957"}],"curies":[{"name":"wp","href":"https:\/\/api.w.org\/{rel}","templated":true}]}}