{"id":967,"date":"2023-04-14T11:24:16","date_gmt":"2023-04-14T03:24:16","guid":{"rendered":"https:\/\/fsportsnet.com\/?post_type=product&#038;p=967"},"modified":"2023-04-15T11:41:37","modified_gmt":"2023-04-15T03:41:37","slug":"golf-net-shank-net-attachment-for-golf-hitting-nets","status":"publish","type":"product","link":"https:\/\/fsportsnet.com\/fr\/product\/golf-net-shank-net-attachment-for-golf-hitting-nets\/","title":{"rendered":"GOLF NET Attachement de filet \u00e0 tige pour filets de golf"},"content":{"rendered":"<ul>\n<li>GOLF NET Attachement de filet \u00e0 tige pour filets de golf<\/li>\n<li>SHANK NET : Se fixe aux filets de golf 10\u00d77 et 7\u00d77 pour fournir un filet secondaire qui aide \u00e0 attraper les coups lat\u00e9raux errants (le redout\u00e9 shank ou hosel rocket).<\/li>\n<li>GAUCHER OU DROITIER : Se fixe de chaque c\u00f4t\u00e9 de votre filet de golf pour convenir aux gauchers et aux droitiers. 2 filets doivent \u00eatre achet\u00e9s si vous avez besoin d'une protection des deux c\u00f4t\u00e9s en m\u00eame temps.<\/li>\n<li>UTILISATION \u00c0 L'INT\u00c9RIEUR OU \u00c0 L'EXT\u00c9RIEUR : Le sac de sable lest\u00e9 (sable non inclus) peut \u00eatre utilis\u00e9 \u00e0 l'int\u00e9rieur ou \u00e0 l'ext\u00e9rieur sur n'importe quelle surface.<\/li>\n<li>FILET FACILE \u00c0 CLIPSER : S'installe en quelques secondes sans aucun outil<\/li>\n<\/ul>","protected":false},"excerpt":{"rendered":"<p id=\"title\" class=\"a-size-large a-spacing-none\"><span id=\"productTitle\" class=\"a-size-large product-title-word-break\">Filet d'entra\u00eenement de golf 10x8 pieds avec tapis de golf et balles de golf emball\u00e9s dans un sac de transport pour l'entra\u00eenement dans l'arri\u00e8re-cour, \u00e0 l'int\u00e9rieur et \u00e0 l'ext\u00e9rieur.<\/span><\/p>","protected":false},"featured_media":1003,"template":"","meta":{"_gspb_post_css":""},"product_brand":[],"product_cat":[26],"product_tag":[],"class_list":{"0":"post-967","1":"product","2":"type-product","3":"status-publish","4":"has-post-thumbnail","6":"product_cat-golf-net","8":"first","9":"instock","10":"shipping-taxable","11":"product-type-simple"},"_links":{"self":[{"href":"https:\/\/fsportsnet.com\/fr\/wp-json\/wp\/v2\/product\/967","targetHints":{"allow":["GET"]}}],"collection":[{"href":"https:\/\/fsportsnet.com\/fr\/wp-json\/wp\/v2\/product"}],"about":[{"href":"https:\/\/fsportsnet.com\/fr\/wp-json\/wp\/v2\/types\/product"}],"wp:featuredmedia":[{"embeddable":true,"href":"https:\/\/fsportsnet.com\/fr\/wp-json\/wp\/v2\/media\/1003"}],"wp:attachment":[{"href":"https:\/\/fsportsnet.com\/fr\/wp-json\/wp\/v2\/media?parent=967"}],"wp:term":[{"taxonomy":"product_brand","embeddable":true,"href":"https:\/\/fsportsnet.com\/fr\/wp-json\/wp\/v2\/product_brand?post=967"},{"taxonomy":"product_cat","embeddable":true,"href":"https:\/\/fsportsnet.com\/fr\/wp-json\/wp\/v2\/product_cat?post=967"},{"taxonomy":"product_tag","embeddable":true,"href":"https:\/\/fsportsnet.com\/fr\/wp-json\/wp\/v2\/product_tag?post=967"}],"curies":[{"name":"wp","href":"https:\/\/api.w.org\/{rel}","templated":true}]}}