{"id":968,"date":"2023-04-14T16:19:43","date_gmt":"2023-04-14T08:19:43","guid":{"rendered":"https:\/\/fsportsnet.com\/?post_type=product&#038;p=968"},"modified":"2023-04-15T11:31:56","modified_gmt":"2023-04-15T03:31:56","slug":"golf-practice-hitting-net-choose-between-huge-10x7-or-7x7-nets","status":"publish","type":"product","link":"https:\/\/fsportsnet.com\/fr\/product\/golf-practice-hitting-net-choose-between-huge-10x7-or-7x7-nets\/","title":{"rendered":"Filet de pratique pour le golf Choisissez entre les filets de 10\u2019x7\u2032 ou 7\u2019x7\u2032"},"content":{"rendered":"<ul class=\"a-unordered-list a-vertical a-spacing-mini\">\n<li>GOLF NET<br \/>\n10 ft x 7 ft PRO NET : Le filet ultime pour r\u00e9pondre \u00e0 tous vos besoins d'entra\u00eenement et plus encore ; Nous avons pris notre filet de golf #1 de 10 pi x 7 pi et l'avons am\u00e9lior\u00e9 d'un cran suppl\u00e9mentaire avec un filet deux fois plus r\u00e9sistant pour les golfeurs qui veulent le filet le plus haut de gamme.<br \/>\nPOCHE HEX : La poche de forme hexagonale distinctive est con\u00e7ue pour se d\u00e9marquer de la foule et recueillir proprement les balles de golf pendant l'entra\u00eenement ; parfaite pour les golfeurs de tous niveaux pour l'entra\u00eenement \u00e0 domicile.<br \/>\nINSTALLATION RAPIDE : cadre de type arc inclus, s'installe en 90 secondes pour atteindre une taille de 10 pieds x 7 pieds avec des piquets m\u00e9talliques pour ancrer le filet (en option), ce qui le rend incroyablement robuste et stable ; se d\u00e9monte facilement pour \u00eatre transport\u00e9 dans un sac de transport.<br \/>\nCON\u00c7U POUR DURER : Le filet est deux fois plus r\u00e9sistant que les principaux filets de golf pour une durabilit\u00e9 ultime.<\/li>\n<\/ul>","protected":false},"excerpt":{"rendered":"<p id=\"title\" class=\"a-size-large a-spacing-none\"><span id=\"productTitle\" class=\"a-size-large product-title-word-break\">Filet de golf en kit Filet d'entra\u00eenement de golf Terrain d'entra\u00eenement personnel pour l'int\u00e9rieur ou l'ext\u00e9rieur pour les golfeurs<\/span><\/p>","protected":false},"featured_media":961,"template":"","meta":{"_gspb_post_css":""},"product_brand":[],"product_cat":[26],"product_tag":[],"class_list":{"0":"post-968","1":"product","2":"type-product","3":"status-publish","4":"has-post-thumbnail","6":"product_cat-golf-net","8":"first","9":"instock","10":"shipping-taxable","11":"product-type-simple"},"_links":{"self":[{"href":"https:\/\/fsportsnet.com\/fr\/wp-json\/wp\/v2\/product\/968","targetHints":{"allow":["GET"]}}],"collection":[{"href":"https:\/\/fsportsnet.com\/fr\/wp-json\/wp\/v2\/product"}],"about":[{"href":"https:\/\/fsportsnet.com\/fr\/wp-json\/wp\/v2\/types\/product"}],"wp:featuredmedia":[{"embeddable":true,"href":"https:\/\/fsportsnet.com\/fr\/wp-json\/wp\/v2\/media\/961"}],"wp:attachment":[{"href":"https:\/\/fsportsnet.com\/fr\/wp-json\/wp\/v2\/media?parent=968"}],"wp:term":[{"taxonomy":"product_brand","embeddable":true,"href":"https:\/\/fsportsnet.com\/fr\/wp-json\/wp\/v2\/product_brand?post=968"},{"taxonomy":"product_cat","embeddable":true,"href":"https:\/\/fsportsnet.com\/fr\/wp-json\/wp\/v2\/product_cat?post=968"},{"taxonomy":"product_tag","embeddable":true,"href":"https:\/\/fsportsnet.com\/fr\/wp-json\/wp\/v2\/product_tag?post=968"}],"curies":[{"name":"wp","href":"https:\/\/api.w.org\/{rel}","templated":true}]}}