{"id":1026,"date":"2023-04-15T11:41:54","date_gmt":"2023-04-15T03:41:54","guid":{"rendered":"https:\/\/fsportsnet.com\/?post_type=product&#038;p=1026"},"modified":"2023-04-15T11:48:04","modified_gmt":"2023-04-15T03:48:04","slug":"one-piece-golf-cage-net-for-indoor-and-outdoor-practice","status":"publish","type":"product","link":"https:\/\/fsportsnet.com\/it\/product\/one-piece-golf-cage-net-for-indoor-and-outdoor-practice\/","title":{"rendered":"Rete a gabbia da golf in un unico pezzo per esercitarsi all'interno e all'aperto"},"content":{"rendered":"<ul class=\"a-unordered-list a-vertical a-spacing-mini\">\n<li>Rete per gabbia da golf - 10x10x10ft, rete per colpi di golf e driving range personale per esercitarsi all'interno e all'esterno, con borsa di stoccaggio e tappetino da golf, da appendere al soffitto, al garage, alla cantina o alla struttura che avete realizzato.\n<p>Rete per gabbia da golf in un unico pezzo: Struttura a rete senza nodi, diametro della corda in poliestere di 3 mm, maglia quadrata di 20 mm e bordo rinforzato di 7 mm, dimensioni di 10 x 10 x 10 piedi (L*H*P). Non sono inclusi i pali o gli accessori del telaio.<br \/>\nRete da golf durevole: Progettata per la cattura delle palline da golf e in grado di assorbire l'impatto elevato delle palline da golf vere. Utilizzata anche per esercitazioni di battuta in sicurezza come il baseball, il softball, ecc. Ideale per gli allenamenti di golf al chiuso e all'aperto in qualsiasi condizione atmosferica.<br \/>\nRete da golf portatile: Viene fornita con una borsa per il trasporto, facile da riporre e trasportare ovunque si voglia. Con un tappetino da golf extra da 12\u2033 X 24\u2033 per uno swing migliore.<br \/>\nCampo pratica personale: Grande raccoglitore di palline da golf e libert\u00e0 di esercitarsi ovunque e in qualsiasi momento. \u00c8 possibile migliorare le proprie capacit\u00e0 di swing colpendo le palline da golf nella rete di battuta, risparmiando il tempo di inseguire le palline per fare pi\u00f9 pratica. La pratica rende perfetti - basta continuare ad esercitarsi.<br \/>\nAmpia applicazione: Offre un'ampia area di battuta per i golfisti da principianti a professionisti. Pu\u00f2 essere appeso al soffitto, al garage, al seminterrato o alla struttura realizzata, pu\u00f2 essere applicato a casa, nel cortile, in un parco, in un campo pratica e altro ancora.<\/li>\n<\/ul>","protected":false},"excerpt":{"rendered":"<p id=\"title\" class=\"a-size-large a-spacing-none\">Rete da golf e campo pratica personale per esercitarsi all'interno e all'esterno, con borsa e tappetino da golf, da appendere al soffitto, al garage, al seminterrato o alla struttura che avete realizzato.<\/p>","protected":false},"featured_media":964,"template":"","meta":{"_gspb_post_css":""},"product_brand":[],"product_cat":[26],"product_tag":[],"class_list":{"0":"post-1026","1":"product","2":"type-product","3":"status-publish","4":"has-post-thumbnail","6":"product_cat-golf-net","8":"first","9":"instock","10":"shipping-taxable","11":"product-type-simple"},"_links":{"self":[{"href":"https:\/\/fsportsnet.com\/it\/wp-json\/wp\/v2\/product\/1026","targetHints":{"allow":["GET"]}}],"collection":[{"href":"https:\/\/fsportsnet.com\/it\/wp-json\/wp\/v2\/product"}],"about":[{"href":"https:\/\/fsportsnet.com\/it\/wp-json\/wp\/v2\/types\/product"}],"wp:featuredmedia":[{"embeddable":true,"href":"https:\/\/fsportsnet.com\/it\/wp-json\/wp\/v2\/media\/964"}],"wp:attachment":[{"href":"https:\/\/fsportsnet.com\/it\/wp-json\/wp\/v2\/media?parent=1026"}],"wp:term":[{"taxonomy":"product_brand","embeddable":true,"href":"https:\/\/fsportsnet.com\/it\/wp-json\/wp\/v2\/product_brand?post=1026"},{"taxonomy":"product_cat","embeddable":true,"href":"https:\/\/fsportsnet.com\/it\/wp-json\/wp\/v2\/product_cat?post=1026"},{"taxonomy":"product_tag","embeddable":true,"href":"https:\/\/fsportsnet.com\/it\/wp-json\/wp\/v2\/product_tag?post=1026"}],"curies":[{"name":"wp","href":"https:\/\/api.w.org\/{rel}","templated":true}]}}