{"id":1028,"date":"2023-04-15T11:52:35","date_gmt":"2023-04-15T03:52:35","guid":{"rendered":"https:\/\/fsportsnet.com\/?post_type=product&#038;p=1028"},"modified":"2023-04-15T13:46:42","modified_gmt":"2023-04-15T05:46:42","slug":"durable-golf-hitting-net-cage-driving-range-for-indoor-and-outdoor","status":"publish","type":"product","link":"https:\/\/fsportsnet.com\/it\/product\/durable-golf-hitting-net-cage-driving-range-for-indoor-and-outdoor\/","title":{"rendered":"Durevole Golf Hitting Net Cage Driving Range per interni ed esterni"},"content":{"rendered":"<ul class=\"a-unordered-list a-vertical a-spacing-mini\">\n<li>Rete per esercitazioni di golf Ausili per l'allenamento dei colpi di golf con bersaglio<br \/>\nRete in nylon e poliestere, aste in fibra di vetro da 0,4 pollici e tessuto Oxford da 420D<br \/>\nProgettati da esperti di reti per il golf e lo sport<br \/>\nRete da golf all-in-one - Questa attrezzatura per l'allenamento del golf comprende una rete da golf con tappetino da golf tri-turf, 1 bersaglio da golf a impatto, 10 palline da golf, 7 tee da golf e 2 tee in gomma da golf. La nostra rete da golf con tappetino \u00e8 l'attrezzatura ideale per l'allenamento dei golfisti di tutti i livelli per migliorare la tecnica di guida e di chipping. La rete da golf da 10x7ft per uso interno \u00e8 abbastanza grande da catturare tutti i colpi. Un regalo perfetto per il golf da uomo.<br \/>\nRete da golf incredibilmente resistente - La nostra rete resistente pu\u00f2 facilmente gestire velocit\u00e0 della palla fino a 200 mph. Questa rete da golf \u00e8 realizzata con rete a 5 strati senza nodi e tessuto Oxford 420D per una maggiore durata. Progettata da esperti di reti per il golf e lo sport, la nostra rete elastica e resistente consente di realizzare un campo pratica ad alta intensit\u00e0 sia all'interno che all'esterno. Il nostro ausilio per l'allenamento del golf \u00e8 dotato anche di robusti pali in fibra di vetro e di picchetti per il terreno per una costruzione robusta e solida.<br \/>\nCostruita per durare - Rispetto alle reti in nylon che si restringono e marciscono, questa rete da golf in HDPE ad alta densit\u00e0 \u00e8 resistente al marciume e trattata contro i raggi UV. La nostra rete da golf per interni \u00e8 adatta all'uso interno ed esterno. Inoltre, i pali in fibra di vetro resistenti alla corrosione garantiscono una lunga durata.<br \/>\n90 secondi di installazione o smontaggio - La nostra rete da golf pu\u00f2 essere montata e smontata in soli 90 secondi con un chiaro manuale di istruzioni, poich\u00e9 tutti i pali sono collegati con un elastico. Grazie alla borsa facile da trasportare, questo campo pratica da golf portatile pu\u00f2 essere portato ovunque si voglia fare pratica.<\/li>\n<\/ul>","protected":false},"excerpt":{"rendered":"<p id=\"title\" class=\"a-size-large a-spacing-none\">Rete da golf e campo pratica personale per esercitarsi all'interno e all'esterno, con borsa e tappetino da golf, da appendere al soffitto, al garage, al seminterrato o alla struttura che avete realizzato.<\/p>","protected":false},"featured_media":970,"template":"","meta":{"_gspb_post_css":""},"product_brand":[],"product_cat":[26],"product_tag":[],"class_list":{"0":"post-1028","1":"product","2":"type-product","3":"status-publish","4":"has-post-thumbnail","6":"product_cat-golf-net","8":"first","9":"instock","10":"shipping-taxable","11":"product-type-simple"},"_links":{"self":[{"href":"https:\/\/fsportsnet.com\/it\/wp-json\/wp\/v2\/product\/1028","targetHints":{"allow":["GET"]}}],"collection":[{"href":"https:\/\/fsportsnet.com\/it\/wp-json\/wp\/v2\/product"}],"about":[{"href":"https:\/\/fsportsnet.com\/it\/wp-json\/wp\/v2\/types\/product"}],"wp:featuredmedia":[{"embeddable":true,"href":"https:\/\/fsportsnet.com\/it\/wp-json\/wp\/v2\/media\/970"}],"wp:attachment":[{"href":"https:\/\/fsportsnet.com\/it\/wp-json\/wp\/v2\/media?parent=1028"}],"wp:term":[{"taxonomy":"product_brand","embeddable":true,"href":"https:\/\/fsportsnet.com\/it\/wp-json\/wp\/v2\/product_brand?post=1028"},{"taxonomy":"product_cat","embeddable":true,"href":"https:\/\/fsportsnet.com\/it\/wp-json\/wp\/v2\/product_cat?post=1028"},{"taxonomy":"product_tag","embeddable":true,"href":"https:\/\/fsportsnet.com\/it\/wp-json\/wp\/v2\/product_tag?post=1028"}],"curies":[{"name":"wp","href":"https:\/\/api.w.org\/{rel}","templated":true}]}}