{"id":1030,"date":"2023-04-15T13:47:01","date_gmt":"2023-04-15T05:47:01","guid":{"rendered":"https:\/\/fsportsnet.com\/?post_type=product&#038;p=1030"},"modified":"2023-04-15T13:50:10","modified_gmt":"2023-04-15T05:50:10","slug":"golf-practice-net-golf-hitting-training-aids-nets-with-target","status":"publish","type":"product","link":"https:\/\/fsportsnet.com\/it\/product\/golf-practice-net-golf-hitting-training-aids-nets-with-target\/","title":{"rendered":"Rete per esercitazioni di golf Ausili per l'allenamento dei colpi di golf con bersaglio"},"content":{"rendered":"<ul class=\"a-unordered-list a-vertical a-spacing-mini\">\n<li>Rete per esercitazioni di golf Ausili per l'allenamento dei colpi di golf con bersaglio<br \/>\nRete in nylon e poliestere, aste in fibra di vetro da 0,4 pollici e tessuto Oxford da 420D<br \/>\nProgettati da esperti di reti per il golf e lo sport<br \/>\nSet di rete da golf 5 in 1: Viene fornito con rete da golf, tee da golf da 1 pz, palline da golf da 5 pz, tappetino per l'erba e custodia per il trasporto. La rete di pratica presenta 1 bersaglio grande e 3 tasche per bersagli da chipping per praticare le tue abilit\u00e0 come lo swing, il colpo e il chipping, ecc. Un modo eccezionale per esercitarsi facilmente con tutti i bastoni della sacca da golf a casa\/all'aperto, risparmiando denaro e tempo.<br \/>\nRete di dimensioni super grandi: L'ampia area di battuta di 10 * 8 * 6 piedi (L*H*D) offre spazio sufficiente per esercitarsi continuamente e migliorare la precisione e le abilit\u00e0 di guida e di chipping, aiutandovi a diventare un golfista pi\u00f9 sicuro. Niente pi\u00f9 palline da golf sporche o mancanti.<br \/>\nMateriali di qualit\u00e0 superiore per una maggiore durata e sicurezza: Sentitevi liberi di usare palline e mazze da golf vere, perch\u00e9 la rete rinforzata pu\u00f2 assorbire l'impatto delle palline. Il telaio in fibra di vetro assicura la rete e le consente di poggiare saldamente a terra.<br \/>\nMontaggio facile e veloce: I telai pre-attaccati e il telo da terra incorporato richiedono solo 90 secondi di montaggio e smontaggio. Perfetto per uso interno\/esterno. Portate il campo pratica a casa vostra, potete esercitarvi in giardino, nel cortile o in cantina.<br \/>\nPieghevole e portatile: Questa rete per la pratica del golf viene fornita con una borsa e pu\u00f2 essere ripiegata in dimensioni compatte per essere facilmente riposta e trasportata. Nessuna limitazione per la pratica del golf!<\/li>\n<\/ul>","protected":false},"excerpt":{"rendered":"<p id=\"title\" class=\"a-size-large a-spacing-none\">\u00a0Rispetto alle reti in nylon che si restringono e marciscono, questa rete da golf in HDPE ad alta densit\u00e0 \u00e8 resistente alla putrefazione e trattata contro i raggi UV. La nostra rete da golf per interni \u00e8 adatta per l'uso interno ed esterno. Inoltre, i pali in fibra di vetro resistenti alla corrosione garantiscono una lunga durata.<\/p>","protected":false},"featured_media":972,"template":"","meta":{"_gspb_post_css":""},"product_brand":[],"product_cat":[26],"product_tag":[],"class_list":{"0":"post-1030","1":"product","2":"type-product","3":"status-publish","4":"has-post-thumbnail","6":"product_cat-golf-net","8":"first","9":"instock","10":"shipping-taxable","11":"product-type-simple"},"_links":{"self":[{"href":"https:\/\/fsportsnet.com\/it\/wp-json\/wp\/v2\/product\/1030","targetHints":{"allow":["GET"]}}],"collection":[{"href":"https:\/\/fsportsnet.com\/it\/wp-json\/wp\/v2\/product"}],"about":[{"href":"https:\/\/fsportsnet.com\/it\/wp-json\/wp\/v2\/types\/product"}],"wp:featuredmedia":[{"embeddable":true,"href":"https:\/\/fsportsnet.com\/it\/wp-json\/wp\/v2\/media\/972"}],"wp:attachment":[{"href":"https:\/\/fsportsnet.com\/it\/wp-json\/wp\/v2\/media?parent=1030"}],"wp:term":[{"taxonomy":"product_brand","embeddable":true,"href":"https:\/\/fsportsnet.com\/it\/wp-json\/wp\/v2\/product_brand?post=1030"},{"taxonomy":"product_cat","embeddable":true,"href":"https:\/\/fsportsnet.com\/it\/wp-json\/wp\/v2\/product_cat?post=1030"},{"taxonomy":"product_tag","embeddable":true,"href":"https:\/\/fsportsnet.com\/it\/wp-json\/wp\/v2\/product_tag?post=1030"}],"curies":[{"name":"wp","href":"https:\/\/api.w.org\/{rel}","templated":true}]}}