{"id":1032,"date":"2023-04-15T13:51:40","date_gmt":"2023-04-15T05:51:40","guid":{"rendered":"https:\/\/fsportsnet.com\/?post_type=product&#038;p=1032"},"modified":"2023-04-15T14:09:33","modified_gmt":"2023-04-15T06:09:33","slug":"sports-golf-chipping-net-pop-up-golf-chipping-net-with-mat","status":"publish","type":"product","link":"https:\/\/fsportsnet.com\/it\/product\/sports-golf-chipping-net-pop-up-golf-chipping-net-with-mat\/","title":{"rendered":"Sport Golf Chipping Net Pop Up Golf Chipping Net con tappetino"},"content":{"rendered":"<ul class=\"a-unordered-list a-vertical a-spacing-mini\">\n<li>Rete da taglio quadrata<br \/>\n1. Dimensioni: 24\u201d<br \/>\n2. Rete: 210D poliestere con legatura<br \/>\n3. Telaio: Filo d'acciaio da 3 mm, fibra di vetro da 7 mm.<br \/>\n4. Imballaggio: 1 set in sacchetto oxford, 20 set in un (cartone)<\/li>\n<li>Dimensione ideale: 24\u2033 di spazio necessario per esercitarsi, giocare e divertirsi; pu\u00f2 essere utilizzato all'interno o all'esterno - ottimo per la casa o l'ufficio, per il prato o il cortile e persino per il tailgating - viene fornito con una borsa di nylon per il trasporto per la vostra comodit\u00e0 di viaggio<br \/>\nFacile da usare: Design pop-up facile da usare per un'installazione rapida e semplice - non richiede alcuno strumento, mentre l'esclusiva chiusura in velcro assicura le palline da golf; utilizzatelo per il tempo libero con gli amici e la famiglia o per le sessioni di pratica professionale, all'istante.<br \/>\n3 obiettivi: Aiuta a migliorare la precisione nel chipping a breve distanza, la posizione del corpo, l'equilibrio e lo stance per la pratica dello swing; viene fornito con una rete laterale che cattura le palline vaganti, in modo da non doversi preoccupare di perdere i chip o di perdere tempo a raccogliere le palline da golf dopo le sessioni.<br \/>\nAlta qualit\u00e0: Realizzato con materiale di prima qualit\u00e0 per impieghi gravosi, \u00e8 robusto e durevole, ma allo stesso tempo leggero, portatile e pieghevole - non si intacca, non si scheggia e non si usura facilmente; resiste alle intemperie - \u00e8 adatto per giocare tutto l'anno<\/li>\n<\/ul>","protected":false},"excerpt":{"rendered":"<p id=\"title\" class=\"a-size-large a-spacing-none\">Organizzate una partita o un incontro amichevole con la famiglia, gli amici o i colleghi utilizzando le tre tasche per i bersagli. Fsports \u00e8 un regalo perfetto per gli amanti del golf.<\/p>","protected":false},"featured_media":1001,"template":"","meta":{"_gspb_post_css":""},"product_brand":[],"product_cat":[26],"product_tag":[],"class_list":{"0":"post-1032","1":"product","2":"type-product","3":"status-publish","4":"has-post-thumbnail","6":"product_cat-golf-net","8":"first","9":"instock","10":"shipping-taxable","11":"product-type-simple"},"_links":{"self":[{"href":"https:\/\/fsportsnet.com\/it\/wp-json\/wp\/v2\/product\/1032","targetHints":{"allow":["GET"]}}],"collection":[{"href":"https:\/\/fsportsnet.com\/it\/wp-json\/wp\/v2\/product"}],"about":[{"href":"https:\/\/fsportsnet.com\/it\/wp-json\/wp\/v2\/types\/product"}],"wp:featuredmedia":[{"embeddable":true,"href":"https:\/\/fsportsnet.com\/it\/wp-json\/wp\/v2\/media\/1001"}],"wp:attachment":[{"href":"https:\/\/fsportsnet.com\/it\/wp-json\/wp\/v2\/media?parent=1032"}],"wp:term":[{"taxonomy":"product_brand","embeddable":true,"href":"https:\/\/fsportsnet.com\/it\/wp-json\/wp\/v2\/product_brand?post=1032"},{"taxonomy":"product_cat","embeddable":true,"href":"https:\/\/fsportsnet.com\/it\/wp-json\/wp\/v2\/product_cat?post=1032"},{"taxonomy":"product_tag","embeddable":true,"href":"https:\/\/fsportsnet.com\/it\/wp-json\/wp\/v2\/product_tag?post=1032"}],"curies":[{"name":"wp","href":"https:\/\/api.w.org\/{rel}","templated":true}]}}