{"id":1039,"date":"2023-04-15T14:40:46","date_gmt":"2023-04-15T06:40:46","guid":{"rendered":"https:\/\/fsportsnet.com\/?post_type=product&#038;p=1039"},"modified":"2023-04-15T15:06:57","modified_gmt":"2023-04-15T07:06:57","slug":"golf-practice-net-golf-net-golf-nets-for-backyard-driving-golf-net","status":"publish","type":"product","link":"https:\/\/fsportsnet.com\/it\/product\/golf-practice-net-golf-net-golf-nets-for-backyard-driving-golf-net\/","title":{"rendered":"Rete di pratica del golf Rete di golf per il cortile Rete di golf di guida."},"content":{"rendered":"<ul>\n<li>DIMENSIONE APERTA 7ft (H) X8ft (W). Facile assemblare Golf Net con solo 2 minuti per impostare la rete di pratica di golf e rompere gi\u00f9 in 2 minuti. Scegliere la rete FSports, prendere le mazze da golf, sentire il golf divertente fare con i tuoi amici e la tua famiglia! Ogni rete da golf ha una borsa da trasporto durevole per aiutarvi a memorizzare e prendere facilmente!\n<p>SWING SICURO<br \/>\nLa rete da golf Galileo \u00e8 la scelta migliore se volete praticare il golf in qualsiasi momento e in qualsiasi luogo, non importa se nel vostro salotto, nel vostro giardino o nel vostro garage, come preferite. Anche gli appassionati di golf pi\u00f9 sfegatati non possono recarsi sul campo da golf durante l'anno, ma possono farlo con la nostra rete da golf a casa propria.<\/p>\n<p>MIGLIORARE LA MIRA DEI COLPI<br \/>\nIl Galileo Driving Range con un grande bersaglio Hitting Golf 40x30in, rendendo possibile tenere pi\u00f9 palline da golf.Le aste di supporto sono coperti da pi\u00f9 tubi, rendendo la struttura della rete pi\u00f9 stabile e pi\u00f9 sicuro per colpire la palla.Il nostro bersaglio colpire \u00e8 fatto di velluto mercerizzato materiale anti-strike, si pu\u00f2 stare tranquilli e godersi il colpo senza preoccuparsi colpo gettare il vostro cortile del vicino.<\/p>\n<p>MATERIALE ANTIURTO<br \/>\nQuesto Backyard Golf \u00e8 realizzato con una base in acciaio ponderato di alta qualit\u00e0, una rete da golf resistente e spessa e pali in fibra di vetro che consentono una forza incredibile ma anche una flessibilit\u00e0 che rende la rete da golf non arrugginisce o si deforma con il ferro rinforzato nella parte inferiore.Paletti in acciaio a terra, assicurano che si ha la migliore esperienza di colpire con maggiore stabilit\u00e0.I vostri mobili saranno tutti al sicuro quando si allena il golf al coperto.<\/li>\n<\/ul>","protected":false},"excerpt":{"rendered":"<p class=\"a-size-large a-spacing-none\">Scegliete la rete da golf, prendete le vostre mazze da golf e provate il divertimento di giocare a golf con i vostri amici e la vostra famiglia! Ogni rete da golf \u00e8 dotata di una resistente borsa per il trasporto per aiutarvi a riporre e prendere facilmente!<\/p>\n<p id=\"title\" class=\"a-size-large a-spacing-none\">","protected":false},"featured_media":1019,"template":"","meta":{"_gspb_post_css":""},"product_brand":[],"product_cat":[26],"product_tag":[],"class_list":{"0":"post-1039","1":"product","2":"type-product","3":"status-publish","4":"has-post-thumbnail","6":"product_cat-golf-net","8":"first","9":"instock","10":"shipping-taxable","11":"product-type-simple"},"_links":{"self":[{"href":"https:\/\/fsportsnet.com\/it\/wp-json\/wp\/v2\/product\/1039","targetHints":{"allow":["GET"]}}],"collection":[{"href":"https:\/\/fsportsnet.com\/it\/wp-json\/wp\/v2\/product"}],"about":[{"href":"https:\/\/fsportsnet.com\/it\/wp-json\/wp\/v2\/types\/product"}],"wp:featuredmedia":[{"embeddable":true,"href":"https:\/\/fsportsnet.com\/it\/wp-json\/wp\/v2\/media\/1019"}],"wp:attachment":[{"href":"https:\/\/fsportsnet.com\/it\/wp-json\/wp\/v2\/media?parent=1039"}],"wp:term":[{"taxonomy":"product_brand","embeddable":true,"href":"https:\/\/fsportsnet.com\/it\/wp-json\/wp\/v2\/product_brand?post=1039"},{"taxonomy":"product_cat","embeddable":true,"href":"https:\/\/fsportsnet.com\/it\/wp-json\/wp\/v2\/product_cat?post=1039"},{"taxonomy":"product_tag","embeddable":true,"href":"https:\/\/fsportsnet.com\/it\/wp-json\/wp\/v2\/product_tag?post=1039"}],"curies":[{"name":"wp","href":"https:\/\/api.w.org\/{rel}","templated":true}]}}