{"id":1040,"date":"2023-04-15T15:07:18","date_gmt":"2023-04-15T07:07:18","guid":{"rendered":"https:\/\/fsportsnet.com\/?post_type=product&#038;p=1040"},"modified":"2023-04-15T15:31:23","modified_gmt":"2023-04-15T07:31:23","slug":"elite-golf-practice-net-with-steel-frame","status":"publish","type":"product","link":"https:\/\/fsportsnet.com\/it\/product\/elite-golf-practice-net-with-steel-frame\/","title":{"rendered":"Rete da golf Elite con telaio in acciaio"},"content":{"rendered":"<ul>\n<li>PRATICA D'ELITE: rete per la pratica del golf di livello superiore per i golfisti che vogliono il meglio; la rete per impieghi gravosi da 10 piedi x 7,5 piedi \u00e8 progettata per oltre 10.000 colpi a qualsiasi velocit\u00e0 di swing.<br \/>\nGRADO COMMERCIALE: realizzato con un robusto telaio in acciaio e una rete ad alta tensione di qualit\u00e0 superiore, tre volte pi\u00f9 resistente della rete da golf attualmente pi\u00f9 venduta.<br \/>\nDESIGN MODERNO: struttura in acciaio verniciato a polvere con un'elegante finitura nera satinata che si adatta perfettamente a qualsiasi casa, ufficio o cortile; dimensioni di assemblaggio: 7,5\u2019 di altezza x 10\u2019 di larghezza x 3,5\u2019 di profondit\u00e0<br \/>\nFACILE MONTAGGIO: installazione e smontaggio senza problemi in meno di 5 minuti, con custodia per il trasporto inclusa; compatibilit\u00e0 perfetta con lo schermo di simulazione del golf FSports (venduto separatamente) per l'utilizzo con simulatori di golf e proiettori<br \/>\nUSO INTERNO ED ESTERNO: La rete \u00e8 anche un versatile backstop per l'allenamento multisport, come il baseball, il softball, il lacrosse e altro ancora.<\/li>\n<\/ul>","protected":false},"excerpt":{"rendered":"<p class=\"a-size-large a-spacing-none\">Scegliete la rete da golf, prendete le vostre mazze da golf e provate il divertimento di giocare a golf con i vostri amici e la vostra famiglia! Ogni rete da golf \u00e8 dotata di una resistente borsa per il trasporto per aiutarvi a riporre e prendere facilmente!<\/p>\n<p id=\"title\" class=\"a-size-large a-spacing-none\">","protected":false},"featured_media":1041,"template":"","meta":{"_gspb_post_css":""},"product_brand":[],"product_cat":[26],"product_tag":[],"class_list":{"0":"post-1040","1":"product","2":"type-product","3":"status-publish","4":"has-post-thumbnail","6":"product_cat-golf-net","8":"first","9":"instock","10":"shipping-taxable","11":"product-type-simple"},"_links":{"self":[{"href":"https:\/\/fsportsnet.com\/it\/wp-json\/wp\/v2\/product\/1040","targetHints":{"allow":["GET"]}}],"collection":[{"href":"https:\/\/fsportsnet.com\/it\/wp-json\/wp\/v2\/product"}],"about":[{"href":"https:\/\/fsportsnet.com\/it\/wp-json\/wp\/v2\/types\/product"}],"wp:featuredmedia":[{"embeddable":true,"href":"https:\/\/fsportsnet.com\/it\/wp-json\/wp\/v2\/media\/1041"}],"wp:attachment":[{"href":"https:\/\/fsportsnet.com\/it\/wp-json\/wp\/v2\/media?parent=1040"}],"wp:term":[{"taxonomy":"product_brand","embeddable":true,"href":"https:\/\/fsportsnet.com\/it\/wp-json\/wp\/v2\/product_brand?post=1040"},{"taxonomy":"product_cat","embeddable":true,"href":"https:\/\/fsportsnet.com\/it\/wp-json\/wp\/v2\/product_cat?post=1040"},{"taxonomy":"product_tag","embeddable":true,"href":"https:\/\/fsportsnet.com\/it\/wp-json\/wp\/v2\/product_tag?post=1040"}],"curies":[{"name":"wp","href":"https:\/\/api.w.org\/{rel}","templated":true}]}}