{"id":1054,"date":"2023-04-15T17:13:17","date_gmt":"2023-04-15T09:13:17","guid":{"rendered":"https:\/\/fsportsnet.com\/?post_type=product&#038;p=1054"},"modified":"2023-04-15T17:16:19","modified_gmt":"2023-04-15T09:16:19","slug":"portable-soccer-goal-net-for-backyard","status":"publish","type":"product","link":"https:\/\/fsportsnet.com\/it\/product\/portable-soccer-goal-net-for-backyard\/","title":{"rendered":"Rete da calcio portatile per il cortile"},"content":{"rendered":"<p>1. Dimensioni: 3\u00d75\u2032, 4\u00d76\u2032, 4\u00d78\u2032, 4\u00d712\u2032, 4\u00d716\u2032, 5\u00d710\u2032, 6\u00d712\u2032, 7\u00d714\u2032, 6\u20196 \u201dx18\u20196\u201d, 7\u00d716\u2032, 7\u00d721\u2032, 8\u00d724\u2032.<br \/>\n2. Rete: Rete in poliestere senza nodi 5 veli 4\u201d, 8 veli 4\u201d, 22 veli 4\u201d.\u201d<br \/>\n3. Tubo in acciaio: \u03c625mmx25mm, \u03c630mmx30mm<br \/>\n4. Fibra di vetro: \u03c612,7 mm, \u03c614 mm, \u03c616 mm, \u03c619 mm.<\/p>\n<ul class=\"a-unordered-list a-vertical a-spacing-mini\">\n<li><span class=\"a-list-item\">\u3010Molteplici scelte\u3011La rete da calcio durevole e portatile \u00e8 disponibile in tre dimensioni di porta ed \u00e8 adatta a tutte le et\u00e0, il che significa che \u00e8 possibile scegliere la porta da calcio giusta per le proprie esigenze, per il campionato, la scuola, il campionato o gli allenamenti individuali. Anche il design sfumato \u00e8 unico.<\/span><\/li>\n<li><span class=\"a-list-item\">Questa rete da calcio \u00e8 molto facile da installare e rimuovere, proprio come montare una tenda. Anche se pu\u00f2 essere difficile iniziare, fare riferimento al video di installazione e alle istruzioni di installazione allegate, una volta che ci si \u00e8 abituati, sono necessari solo 80 secondi.<\/span><\/li>\n<li><span class=\"a-list-item\">La porta da calcio da allenamento Fsports si piega rapidamente e facilmente per una mobilit\u00e0 e una trasportabilit\u00e0 immediate. La porta da calcio \u00e8 adatta per i cortili, i garage, gli scrambles, le esercitazioni, l'allenamento; quando viene utilizzata nel cortile, inoltre, non si taglier\u00e0 l'erba intorno ad essa o si lascer\u00e0 un mucchio di punti morti sul prato.Un dispositivo di allenamento per il calcio che pu\u00f2 essere spostato in qualsiasi momento, ovunque.<\/span><\/li>\n<li><span class=\"a-list-item\">Con il supporto di una rete super resistente a 8 fili multi-drago senza nodi e di tubi quadrati in metallo e fibra di vetro per impieghi gravosi, la porta da calcio \u00e8 durevole; la base telescopica curva per la stabilit\u00e0 su terreni accidentati, i chiodi di terra a forma di U sono utilizzati per la stabilizzazione. Dimensioni della griglia di 4 pollici, la palla non \u00e8 facile da volare fuori.<\/span><\/li>\n<li><span class=\"a-list-item\">Accessori completi\u3011 Si ottiene 1 rete da calcio e telaio, 4 perni a U per il pavimento, 1 elegante e robusta borsa portatile con cerniera. Si ripone in una borsa per il trasporto e la conservazione a lungo termine e pu\u00f2 essere utilizzato in quasi tutti i veicoli. Pu\u00f2 essere utilizzata sia all'aperto che al chiuso, al parco, a casa, in campo o in spiaggia.<\/span><\/li>\n<\/ul>","protected":false},"excerpt":{"rendered":"<p>Le porte da calcio portatili si inseriscono facilmente nella nostra borsa da trasporto con cerniera rinforzata e maniglia. Include una resistente rete in velcro costruita per durare nel tempo.<br \/>\nDa riporre in garage, a casa, in un capannone o da portare ovunque in modo semplice e veloce. Design compatto e portatile per adattarsi a qualsiasi bagagliaio o sedile posteriore dell'auto.<\/p>","protected":false},"featured_media":1048,"template":"","meta":{"_gspb_post_css":""},"product_brand":[],"product_cat":[29],"product_tag":[],"class_list":{"0":"post-1054","1":"product","2":"type-product","3":"status-publish","4":"has-post-thumbnail","6":"product_cat-soccer-goal","8":"first","9":"instock","10":"shipping-taxable","11":"product-type-simple"},"_links":{"self":[{"href":"https:\/\/fsportsnet.com\/it\/wp-json\/wp\/v2\/product\/1054","targetHints":{"allow":["GET"]}}],"collection":[{"href":"https:\/\/fsportsnet.com\/it\/wp-json\/wp\/v2\/product"}],"about":[{"href":"https:\/\/fsportsnet.com\/it\/wp-json\/wp\/v2\/types\/product"}],"wp:featuredmedia":[{"embeddable":true,"href":"https:\/\/fsportsnet.com\/it\/wp-json\/wp\/v2\/media\/1048"}],"wp:attachment":[{"href":"https:\/\/fsportsnet.com\/it\/wp-json\/wp\/v2\/media?parent=1054"}],"wp:term":[{"taxonomy":"product_brand","embeddable":true,"href":"https:\/\/fsportsnet.com\/it\/wp-json\/wp\/v2\/product_brand?post=1054"},{"taxonomy":"product_cat","embeddable":true,"href":"https:\/\/fsportsnet.com\/it\/wp-json\/wp\/v2\/product_cat?post=1054"},{"taxonomy":"product_tag","embeddable":true,"href":"https:\/\/fsportsnet.com\/it\/wp-json\/wp\/v2\/product_tag?post=1054"}],"curies":[{"name":"wp","href":"https:\/\/api.w.org\/{rel}","templated":true}]}}