{"id":1055,"date":"2023-04-17T09:19:58","date_gmt":"2023-04-17T01:19:58","guid":{"rendered":"https:\/\/fsportsnet.com\/?post_type=product&#038;p=1055"},"modified":"2023-04-17T13:36:09","modified_gmt":"2023-04-17T05:36:09","slug":"quickster-portable-soccer-goal-and-net","status":"publish","type":"product","link":"https:\/\/fsportsnet.com\/it\/product\/quickster-portable-soccer-goal-and-net\/","title":{"rendered":"Sport Portable Soccer Goal Kids Backyard Soccer Net 6 x 4 Foot"},"content":{"rendered":"<p>PORTA PER I GIOVANI: Questa porta da calcio per giovani di 6\u2032 x 4\u2032 \u00e8 lo strumento perfetto per aiutare a costruire i fondamentali del calcio nel cortile di casa.<br \/>\nRETE PER TUTTE LE STAGIONI: Rete costruita per resistere a tutte le stagioni<br \/>\nFACILE DA MONTAGGIARE: la struttura a rete con manica consente un montaggio rapido, in modo che i bambini possano alzarsi e iniziare a giocare in un attimo.<br \/>\nCOLLAPSIBILE: \u00c8 sufficiente rimuovere i tubi di supporto gialli e ripiegarli per riporli facilmente, utilizzando i giunti angolari a ripiegamento rapido che si chiudono e si bloccano in posizione sui pali anteriori della porta.<br \/>\nDUREVOLE: questa porta \u00e8 costruita in plastica resistente con la nuova tecnologia di chiusura a scatto, progettata e testata per garantire la resistenza a palloni da calcio di dimensioni reali. Inoltre, i picchetti a forma di \u201cU\u201d mantengono la porta a terra contro i tiri pi\u00f9 potenti.<\/p>","protected":false},"excerpt":{"rendered":"<p>Questa porta da calcio per giovani di 6\u2032 x 4\u2032 \u00e8 lo strumento perfetto per aiutarli a sviluppare le loro abilit\u00e0 calcistiche fondamentali nel cortile di casa. Questa porta \u00e8 costruita con un tubo d'acciaio resistente ed \u00e8 dotata di una tecnologia di chiusura a scatto che \u00e8 stata recentemente rinnovata per fornire una durata superiore per resistere a un vero pallone da calcio. Si monta rapidamente, \u00e8 dotata di una rete per tutte le stagioni e si ripiega per essere riposta facilmente. Sono inclusi dei picchetti in metallo per ancorare l'attrezzatura in posizione contro i tiri pi\u00f9 forti.Caratteristiche: Dimensioni: 6\u2032 Larghezza x 4\u2032 Altezza Struttura leggera per un facile riposizionamento. I picchetti metallici per il terreno ancorano la porta in posizione sul campo. Il telaio della porta si piega per essere riposto in modo semplice e compatto. Montaggio senza attrezzi.<\/p>","protected":false},"featured_media":1059,"template":"","meta":{"_gspb_post_css":""},"product_brand":[],"product_cat":[29],"product_tag":[],"class_list":{"0":"post-1055","1":"product","2":"type-product","3":"status-publish","4":"has-post-thumbnail","6":"product_cat-soccer-goal","8":"first","9":"instock","10":"shipping-taxable","11":"product-type-simple"},"_links":{"self":[{"href":"https:\/\/fsportsnet.com\/it\/wp-json\/wp\/v2\/product\/1055","targetHints":{"allow":["GET"]}}],"collection":[{"href":"https:\/\/fsportsnet.com\/it\/wp-json\/wp\/v2\/product"}],"about":[{"href":"https:\/\/fsportsnet.com\/it\/wp-json\/wp\/v2\/types\/product"}],"wp:featuredmedia":[{"embeddable":true,"href":"https:\/\/fsportsnet.com\/it\/wp-json\/wp\/v2\/media\/1059"}],"wp:attachment":[{"href":"https:\/\/fsportsnet.com\/it\/wp-json\/wp\/v2\/media?parent=1055"}],"wp:term":[{"taxonomy":"product_brand","embeddable":true,"href":"https:\/\/fsportsnet.com\/it\/wp-json\/wp\/v2\/product_brand?post=1055"},{"taxonomy":"product_cat","embeddable":true,"href":"https:\/\/fsportsnet.com\/it\/wp-json\/wp\/v2\/product_cat?post=1055"},{"taxonomy":"product_tag","embeddable":true,"href":"https:\/\/fsportsnet.com\/it\/wp-json\/wp\/v2\/product_tag?post=1055"}],"curies":[{"name":"wp","href":"https:\/\/api.w.org\/{rel}","templated":true}]}}