{"id":1065,"date":"2023-04-17T13:37:51","date_gmt":"2023-04-17T05:37:51","guid":{"rendered":"https:\/\/fsportsnet.com\/?post_type=product&#038;p=1065"},"modified":"2023-04-17T13:50:44","modified_gmt":"2023-04-17T05:50:44","slug":"soccer-goals-for-backyard-kids-portable-soccer-net","status":"publish","type":"product","link":"https:\/\/fsportsnet.com\/it\/product\/soccer-goals-for-backyard-kids-portable-soccer-net\/","title":{"rendered":"Obiettivi di calcio per i bambini del cortile Rete di calcio portatile"},"content":{"rendered":"<p>\u26bd\u3010Incluso nel prodotto\u3011Il set di reti da calcio include 1 rete, 4 chiodi da terra, 22 fibbie a forma di otto e un manuale di installazione.<br \/>\n\u26bd\u3010Consigli per l'installazione\u3011Prima di tutto, prima dell'installazione, individuare i due segni rossi sulla parte superiore della rete, che \u00e8 installata sulla parte superiore del telaio della palla. Inoltre, \u00e8 possibile installare prima i due lati della struttura del telaio a sfera e infine collegare la parte centrale, risparmiando cos\u00ec pi\u00f9 tempo in modo molto rapido.<br \/>\n\u26bd\u3010Eccellente design\u3011La rete da calcio \u00e8 realizzata in materiale poliestere, pi\u00f9 resistente all'usura. Il diametro della porta da calcio \u00e8 di 40 mm e lo spessore della plastica \u00e8 di 1,3 mm, che pu\u00f2 essere posizionata all'esterno tutto l'anno senza temere il vento e il sole. Il design della fibbia a forma di otto pu\u00f2 rendere regolabile l'elasticit\u00e0 delle porte da calcio per bambini, il design del rinforzo inferiore e i chiodi da terra a forma di J consentono al bambino di giocare a calcio pi\u00f9 liberamente.<br \/>\n\u26bd\u3010Facile da montare e portatile\u3011 I nostri obiettivi di calcio per bambini per il cortile e viene fornito con un'istruzione di installazione in modo che anche un bambino pu\u00f2 facilmente spostare e montare e smontare la rete di calcio in tempo effettivo fatto, nessun tempo supplementare \u00e8 sprecato a tutti, e pu\u00f2 essere rapidamente integrato nel divertimento.<br \/>\nQuesto sport pu\u00f2 essere un buon modo per promuovere la comunicazione tra i bambini e le loro famiglie. Le porte da calcio per il cortile possono mobilitare la forza di tutto il corpo del bambino per aumentare la coordinazione del corpo. Consentono ai bambini di ottenere buoni voti e di alleviare la pressione psicologica dovuta alle competizioni scolastiche. La rete da calcio \u00e8 facile da installare ed \u00e8 un progetto di intrattenimento molto adatto ad adulti e bambini.<br \/>\n\u26bd\u3010Un'ampia gamma di scenari\u3011Questa rete da calcio per il cortile \u00e8 perfetta per bambini, giovani e adulti all'aperto. La porta da calcio portatile consente al bambino di utilizzarla in modo sicuro nel campo da gioco della scuola, negli sport all'aperto, nella ricreazione in spiaggia, nel cortile e nei giochi professionali. Le reti da calcio sono i migliori amici per gli allenamenti di calcio dei bambini e possono essere un'ottima opzione regalo per le vacanze e i compleanni.<\/p>","protected":false},"excerpt":{"rendered":"<p>Questa porta da calcio per giovani di 6\u2032 x 4\u2032 \u00e8 lo strumento perfetto per aiutarli a sviluppare le loro abilit\u00e0 calcistiche fondamentali nel cortile di casa. Questa porta \u00e8 costruita con un tubo d'acciaio resistente ed \u00e8 dotata di una tecnologia di chiusura a scatto che \u00e8 stata recentemente rinnovata per fornire una durata superiore per resistere a un vero pallone da calcio. Si monta rapidamente, \u00e8 dotata di una rete per tutte le stagioni e si ripiega per essere riposta facilmente. Sono inclusi dei picchetti in metallo per ancorare l'attrezzatura in posizione contro i tiri pi\u00f9 forti.Caratteristiche: Dimensioni: 6\u2032 Larghezza x 4\u2032 Altezza Struttura leggera per un facile riposizionamento. I picchetti metallici per il terreno ancorano la porta in posizione sul campo. Il telaio della porta si piega per essere riposto in modo semplice e compatto. Montaggio senza attrezzi.<\/p>","protected":false},"featured_media":1060,"template":"","meta":{"_gspb_post_css":""},"product_brand":[],"product_cat":[29],"product_tag":[],"class_list":{"0":"post-1065","1":"product","2":"type-product","3":"status-publish","4":"has-post-thumbnail","6":"product_cat-soccer-goal","8":"first","9":"instock","10":"shipping-taxable","11":"product-type-simple"},"_links":{"self":[{"href":"https:\/\/fsportsnet.com\/it\/wp-json\/wp\/v2\/product\/1065","targetHints":{"allow":["GET"]}}],"collection":[{"href":"https:\/\/fsportsnet.com\/it\/wp-json\/wp\/v2\/product"}],"about":[{"href":"https:\/\/fsportsnet.com\/it\/wp-json\/wp\/v2\/types\/product"}],"wp:featuredmedia":[{"embeddable":true,"href":"https:\/\/fsportsnet.com\/it\/wp-json\/wp\/v2\/media\/1060"}],"wp:attachment":[{"href":"https:\/\/fsportsnet.com\/it\/wp-json\/wp\/v2\/media?parent=1065"}],"wp:term":[{"taxonomy":"product_brand","embeddable":true,"href":"https:\/\/fsportsnet.com\/it\/wp-json\/wp\/v2\/product_brand?post=1065"},{"taxonomy":"product_cat","embeddable":true,"href":"https:\/\/fsportsnet.com\/it\/wp-json\/wp\/v2\/product_cat?post=1065"},{"taxonomy":"product_tag","embeddable":true,"href":"https:\/\/fsportsnet.com\/it\/wp-json\/wp\/v2\/product_tag?post=1065"}],"curies":[{"name":"wp","href":"https:\/\/api.w.org\/{rel}","templated":true}]}}