{"id":1066,"date":"2023-04-17T13:50:53","date_gmt":"2023-04-17T05:50:53","guid":{"rendered":"https:\/\/fsportsnet.com\/?post_type=product&#038;p=1066"},"modified":"2025-02-15T15:53:32","modified_gmt":"2025-02-15T07:53:32","slug":"goalshot-soccer-goal-target-training-aide-for-scoring-and-finishing","status":"publish","type":"product","link":"https:\/\/fsportsnet.com\/it\/product\/goalshot-soccer-goal-target-training-aide-for-scoring-and-finishing\/","title":{"rendered":"Obiettivo da calcio Goalshot Ausilio per l'allenamento al gol e alla conclusione"},"content":{"rendered":"<p>VISUALIZZARE L'OBIETTIVO. Il tiro in porta fa ci\u00f2 che coni, bersagli e portieri in piedi non possono fare: crea una concentrazione visiva sulle zone specifiche in cui i giocatori hanno quattro volte pi\u00f9 probabilit\u00e0 di segnare.<br \/>\nPER FAR ENTRARE I GIOCATORI NELLA ZONA. Sostenuto da ricerche e testato da atleti. Il Goal shot presenta le quattro zone di marcatura in cui vengono segnati i portieri dei migliori campionati di calcio.<br \/>\nRIFIUTA TUTTO CI\u00d2 CHE NON \u00c8 IL MEGLIO. Le zone di tiro di Goal shot costringono i giocatori a visualizzare i loro tiri. Blocca automaticamente i tiri che si trovano al di fuori delle zone di punteggio designate.<br \/>\nPI\u00d9 TEMPO CON LA PALLA. Progettato per adattarsi al telaio di qualsiasi porta da calcio, il Goal shot si monta facilmente in pochi minuti, si smonta velocemente e si ripone nella sua borsa per il trasporto.<br \/>\nINVESTITE IN VOI STESSI. Investire in attrezzature sportive di qualit\u00e0 significa investire nel proprio allenamento e nei propri obiettivi atletici. Portate il vostro allenamento di calcio a un livello superiore con il Goal shot.<\/p>","protected":false},"excerpt":{"rendered":"<p>GARANZIA TLIFETIME - Questa rete per bersagli da calcio di qualit\u00e0 superiore \u00e8 fatta per durare. La robusta rete a maglie \u00e8 in grado di sparare al meglio in qualsiasi condizione atmosferica. Gli anelli a occhiello resistenti impediscono gli strappi lungo i bordi. Le corde elastiche consentono la flessibilit\u00e0 durante i colpi pi\u00f9 duri. Se la rete si rompe, vi invieremo una nuova rete, come previsto dalla nostra promessa Kick It.<br \/>\nALLENATI COME UN PROFESSIONISTA - Migliora l'accuratezza e la precisione concentrando i tiri negli angoli dove il portiere non pu\u00f2 bloccarli. Ottimo per allenarsi da soli quando non si ha un compagno di squadra con cui allenarsi. Ideale anche per gli allenamenti di squadra, perch\u00e9 consente di segnare rapidamente senza aspettare che il portiere si azzeri. La ripetizione costruisce la memoria muscolare!<\/p>","protected":false},"featured_media":1068,"template":"","meta":{"_gspb_post_css":""},"product_brand":[],"product_cat":[29],"product_tag":[],"class_list":{"0":"post-1066","1":"product","2":"type-product","3":"status-publish","4":"has-post-thumbnail","6":"product_cat-soccer-goal","8":"first","9":"instock","10":"shipping-taxable","11":"product-type-simple"},"_links":{"self":[{"href":"https:\/\/fsportsnet.com\/it\/wp-json\/wp\/v2\/product\/1066","targetHints":{"allow":["GET"]}}],"collection":[{"href":"https:\/\/fsportsnet.com\/it\/wp-json\/wp\/v2\/product"}],"about":[{"href":"https:\/\/fsportsnet.com\/it\/wp-json\/wp\/v2\/types\/product"}],"wp:featuredmedia":[{"embeddable":true,"href":"https:\/\/fsportsnet.com\/it\/wp-json\/wp\/v2\/media\/1068"}],"wp:attachment":[{"href":"https:\/\/fsportsnet.com\/it\/wp-json\/wp\/v2\/media?parent=1066"}],"wp:term":[{"taxonomy":"product_brand","embeddable":true,"href":"https:\/\/fsportsnet.com\/it\/wp-json\/wp\/v2\/product_brand?post=1066"},{"taxonomy":"product_cat","embeddable":true,"href":"https:\/\/fsportsnet.com\/it\/wp-json\/wp\/v2\/product_cat?post=1066"},{"taxonomy":"product_tag","embeddable":true,"href":"https:\/\/fsportsnet.com\/it\/wp-json\/wp\/v2\/product_tag?post=1066"}],"curies":[{"name":"wp","href":"https:\/\/api.w.org\/{rel}","templated":true}]}}