{"id":1098,"date":"2023-04-17T14:57:00","date_gmt":"2023-04-17T06:57:00","guid":{"rendered":"https:\/\/fsportsnet.com\/?post_type=product&#038;p=1098"},"modified":"2023-04-17T15:02:41","modified_gmt":"2023-04-17T07:02:41","slug":"portable-soccer-goal-instant-pop-up-net-backyard-kids","status":"publish","type":"product","link":"https:\/\/fsportsnet.com\/it\/product\/portable-soccer-goal-instant-pop-up-net-backyard-kids\/","title":{"rendered":"Porta da calcio portatile istantanea Pop up Net Backyard Kids"},"content":{"rendered":"<ul class=\"a-unordered-list a-vertical a-spacing-mini\">\n<li><span class=\"a-list-item\">Il divertimento non si ferma mai - Le porte da calcio per bambini di Fsports sono il massimo dell'attivit\u00e0 in cortile per tutta la famiglia! Con un design resistente e pratico, queste reti da calcio consentono di creare il proprio campo da gioco per far correre i pi\u00f9 piccoli e divertirsi lontano da schermi e TV.<\/span><\/li>\n<li><span class=\"a-list-item\">Comodo Pack and Play - Ogni ordine viene fornito con 8 picchetti in acciaio inossidabile per mantenere le reti in posizione, istruzioni illustrate con foto facili da seguire per aiutarvi a montarle e una borsa portatile per poterle portare ovunque.<\/span><\/li>\n<li><span class=\"a-list-item\">Super resistenti, fatte per durare anni - Le mini porte da calcio sono dotate di una rete robusta ed estremamente resistente, realizzata in Dacron, che non viene danneggiata dai colpi pi\u00f9 forti. La rete pu\u00f2 resistere anche ai colpi pi\u00f9 forti senza rompersi o strapparsi.<\/span><\/li>\n<li><span class=\"a-list-item\">Dimensioni portatili perfette per bambini e ragazzi - Ogni rete da calcio misura 4\u2019 x 3\u2019 x 3\u2019 per offrire un ampio spazio per esercitarsi in diversi tiri senza occupare troppo spazio.<\/span><\/li>\n<\/ul>","protected":false},"excerpt":{"rendered":"<p>Non \u00e8 necessario alcun assemblaggio: \u00e8 pronto a giocare in pochi secondi! Basta aprirlo per giocare all'istante e poi piegarlo per riporlo e trasportarlo facilmente nella custodia inclusa.<br \/>\nNuova struttura indistruttibile con rete ultra riflettente e resistente alle intemperie per anni di divertimento e gioco.<br \/>\nPerfetto per giocatori e squadre di tutte le et\u00e0 e livelli di abilit\u00e0: giovani, ragazzi e adulti.<br \/>\nIdeale per allenamenti, scrimmage, tornei, uno contro uno, 3v3, allenamenti di abilit\u00e0, club, squadre, partite in cortile, al parco, al campo, in spiaggia o ovunque il gioco vi porti!<\/p>","protected":false},"featured_media":1092,"template":"","meta":{"_gspb_post_css":""},"product_brand":[],"product_cat":[29],"product_tag":[],"class_list":{"0":"post-1098","1":"product","2":"type-product","3":"status-publish","4":"has-post-thumbnail","6":"product_cat-soccer-goal","8":"first","9":"instock","10":"shipping-taxable","11":"product-type-simple"},"_links":{"self":[{"href":"https:\/\/fsportsnet.com\/it\/wp-json\/wp\/v2\/product\/1098","targetHints":{"allow":["GET"]}}],"collection":[{"href":"https:\/\/fsportsnet.com\/it\/wp-json\/wp\/v2\/product"}],"about":[{"href":"https:\/\/fsportsnet.com\/it\/wp-json\/wp\/v2\/types\/product"}],"wp:featuredmedia":[{"embeddable":true,"href":"https:\/\/fsportsnet.com\/it\/wp-json\/wp\/v2\/media\/1092"}],"wp:attachment":[{"href":"https:\/\/fsportsnet.com\/it\/wp-json\/wp\/v2\/media?parent=1098"}],"wp:term":[{"taxonomy":"product_brand","embeddable":true,"href":"https:\/\/fsportsnet.com\/it\/wp-json\/wp\/v2\/product_brand?post=1098"},{"taxonomy":"product_cat","embeddable":true,"href":"https:\/\/fsportsnet.com\/it\/wp-json\/wp\/v2\/product_cat?post=1098"},{"taxonomy":"product_tag","embeddable":true,"href":"https:\/\/fsportsnet.com\/it\/wp-json\/wp\/v2\/product_tag?post=1098"}],"curies":[{"name":"wp","href":"https:\/\/api.w.org\/{rel}","templated":true}]}}