{"id":1100,"date":"2023-04-17T15:10:31","date_gmt":"2023-04-17T07:10:31","guid":{"rendered":"https:\/\/fsportsnet.com\/?post_type=product&#038;p=1100"},"modified":"2023-04-17T15:24:45","modified_gmt":"2023-04-17T07:24:45","slug":"2-in-1-pop-up-kids-soccer-goal-foldable-portable-football-goal","status":"publish","type":"product","link":"https:\/\/fsportsnet.com\/it\/product\/2-in-1-pop-up-kids-soccer-goal-foldable-portable-football-goal\/","title":{"rendered":"2 in 1 Pop Up Kids Soccer Goal Porta da calcio portatile pieghevole"},"content":{"rendered":"<ul class=\"a-unordered-list a-vertical a-spacing-mini\">\n<li>Porta multifunzionale: design 2 in 1 (porta da calcio a doppio uso), un lato \u00e8 una porta normale, non solo per il calcio, il football, ma anche per il baseball, l'hockey e altro. L'altro lato ha 5 aree di destinazione per la precisione dei tiri d'angolo. 2 in 1 rete da calcio pu\u00f2 imparare i fondamentali del calcio che possono migliorare le capacit\u00e0 motorie, regalo perfetto per i bambini.<br \/>\nFacilit\u00e0 d'uso: dimensioni di installazione: 120*81*81 cm, dimensioni ripiegate: 16\u2033*16\u2033. Risparmio di spazio grazie alla borsa rotonda gratuita. Design pop-up istantaneo e rimozione senza attrezzi. Leggero e facile da trasportare, \u00e8 imballato in una borsa da trasporto da 13 piedi con 1,9 libbre. Pieghevole e sganciabile in un secondo, inizia l'allenamento in pochi secondi grazie al design pop-up.<br \/>\nMateriale durevole: la nostra porta da calcio \u00e8 realizzata in tessuto oxford 210D aggiornato di alta qualit\u00e0, resistente agli strappi, facile da pulire e molto pi\u00f9 durevole.Utilizzando i chiodi speciali per l'erba pu\u00f2 rendere la struttura complessiva della porta da calcio pi\u00f9 forte, pi\u00f9 gioia, meno preoccupazione.<br \/>\nBel regalo per i bambini: bel regalo per i bambini interessati allo sport. Giocare a calcio non solo rende felici i bambini, ma aiuta anche a sviluppare il loro spirito di squadra e le loro abilit\u00e0 sociali.<\/li>\n<\/ul>","protected":false},"excerpt":{"rendered":"<p>Non \u00e8 necessario alcun assemblaggio: \u00e8 pronto a giocare in pochi secondi! Basta aprirlo per giocare all'istante e poi piegarlo per riporlo e trasportarlo facilmente nella custodia inclusa.<br \/>\nNuova struttura indistruttibile con rete ultra riflettente e resistente alle intemperie per anni di divertimento e gioco.<br \/>\nPerfetto per giocatori e squadre di tutte le et\u00e0 e livelli di abilit\u00e0: giovani, ragazzi e adulti.<br \/>\nIdeale per allenamenti, scrimmage, tornei, uno contro uno, 3v3, allenamenti di abilit\u00e0, club, squadre, partite in cortile, al parco, al campo, in spiaggia o ovunque il gioco vi porti!<\/p>","protected":false},"featured_media":1076,"template":"","meta":{"_gspb_post_css":""},"product_brand":[],"product_cat":[29],"product_tag":[],"class_list":{"0":"post-1100","1":"product","2":"type-product","3":"status-publish","4":"has-post-thumbnail","6":"product_cat-soccer-goal","8":"first","9":"instock","10":"shipping-taxable","11":"product-type-simple"},"_links":{"self":[{"href":"https:\/\/fsportsnet.com\/it\/wp-json\/wp\/v2\/product\/1100","targetHints":{"allow":["GET"]}}],"collection":[{"href":"https:\/\/fsportsnet.com\/it\/wp-json\/wp\/v2\/product"}],"about":[{"href":"https:\/\/fsportsnet.com\/it\/wp-json\/wp\/v2\/types\/product"}],"wp:featuredmedia":[{"embeddable":true,"href":"https:\/\/fsportsnet.com\/it\/wp-json\/wp\/v2\/media\/1076"}],"wp:attachment":[{"href":"https:\/\/fsportsnet.com\/it\/wp-json\/wp\/v2\/media?parent=1100"}],"wp:term":[{"taxonomy":"product_brand","embeddable":true,"href":"https:\/\/fsportsnet.com\/it\/wp-json\/wp\/v2\/product_brand?post=1100"},{"taxonomy":"product_cat","embeddable":true,"href":"https:\/\/fsportsnet.com\/it\/wp-json\/wp\/v2\/product_cat?post=1100"},{"taxonomy":"product_tag","embeddable":true,"href":"https:\/\/fsportsnet.com\/it\/wp-json\/wp\/v2\/product_tag?post=1100"}],"curies":[{"name":"wp","href":"https:\/\/api.w.org\/{rel}","templated":true}]}}