{"id":1136,"date":"2023-04-17T22:29:22","date_gmt":"2023-04-17T14:29:22","guid":{"rendered":"https:\/\/fsportsnet.com\/?post_type=product&#038;p=1136"},"modified":"2023-04-18T14:50:13","modified_gmt":"2023-04-18T06:50:13","slug":"pickleball-2-in-1-regulation-size-portable-net","status":"publish","type":"product","link":"https:\/\/fsportsnet.com\/it\/product\/pickleball-2-in-1-regulation-size-portable-net\/","title":{"rendered":"Rete portatile per pickleball 2 in 1 di dimensioni regolamentari"},"content":{"rendered":"<p>1. Dimensione: 3,0 m<br \/>\n2. Rete: Rete a 3 strati da 1,5\u201d in poliestere senza nodi.<br \/>\n3. Tubo d'acciaio: \u03c622*0,6mm<br \/>\n4. Borsa: 210D tessuto oxford con 1pcs LOGO<br \/>\n5. Imballaggio: Ognuno in un cartone K=K, 88,5x21x12 cm.<br \/>\n6.G.W 4,2 kg, N.W 3,3 kg<\/p>\n<p>La rete FSports Half Court Net \u00e8 la rete perfetta per gli allenamenti, progettata per adattarsi a spazi ridotti, ma allo stesso tempo fornisce tutti gli strumenti necessari per imparare questo sport per la prima volta o per perfezionare le abilit\u00e0 gi\u00e0 acquisite. La confezione include (1) rete larga 10 piedi (10ft x 3ft) realizzata con una robusta struttura in pali d'acciaio. \u00c8 il set perfetto per iniziare a praticare questo sport, pu\u00f2 essere facilmente imballato e trasportato ed \u00e8 facile da montare! Multiuso per una veloce partita di pickleball o di mini tennis!<br \/>\nLa dimensione di mezzo campo (10 piedi di larghezza) \u00e8 perfetta per allenarsi e praticare lo sport del pickleball. Questo set si monta rapidamente e pu\u00f2 essere facilmente trasportato ovunque lo sport del pickleball vi porti!<br \/>\nI robusti pali della rete in acciaio garantiscono la stabilit\u00e0. La dimensione completa assemblata \u00e8 di 3 metri di larghezza per 3 metri di altezza.<br \/>\nMULTI - SPORT - da utilizzare per perfezionare il gioco del pickleball o anche per una mini partita di tennis!<br \/>\nMontaggio facile, trasporto facile!<br \/>\nPERFETTO per i single magri!<\/p>","protected":false},"excerpt":{"rendered":"<p>Godetevi l'imminente giornata estiva\u3011: Non vedi l'ora di stimolare le tue cellule motorie addormentate con il tuo sport preferito di pickleball dopo un lungo inverno o una giornata di neve? Basta mettere questa rete da pickleball nella capiente borsa da trasporto inclusa. Iniziate la vostra partita ovunque, come nel vialetto, nel campo da basket, nel campo da tennis, nel cul-de-sac, nel cortile, nel campo indoor o in strada. \u00c8 uno sport meraviglioso e interessante per tutti.<\/p>","protected":false},"featured_media":1120,"template":"","meta":{"_gspb_post_css":""},"product_brand":[],"product_cat":[27],"product_tag":[],"class_list":{"0":"post-1136","1":"product","2":"type-product","3":"status-publish","4":"has-post-thumbnail","6":"product_cat-pickleball-net","8":"first","9":"instock","10":"shipping-taxable","11":"product-type-simple"},"_links":{"self":[{"href":"https:\/\/fsportsnet.com\/it\/wp-json\/wp\/v2\/product\/1136","targetHints":{"allow":["GET"]}}],"collection":[{"href":"https:\/\/fsportsnet.com\/it\/wp-json\/wp\/v2\/product"}],"about":[{"href":"https:\/\/fsportsnet.com\/it\/wp-json\/wp\/v2\/types\/product"}],"wp:featuredmedia":[{"embeddable":true,"href":"https:\/\/fsportsnet.com\/it\/wp-json\/wp\/v2\/media\/1120"}],"wp:attachment":[{"href":"https:\/\/fsportsnet.com\/it\/wp-json\/wp\/v2\/media?parent=1136"}],"wp:term":[{"taxonomy":"product_brand","embeddable":true,"href":"https:\/\/fsportsnet.com\/it\/wp-json\/wp\/v2\/product_brand?post=1136"},{"taxonomy":"product_cat","embeddable":true,"href":"https:\/\/fsportsnet.com\/it\/wp-json\/wp\/v2\/product_cat?post=1136"},{"taxonomy":"product_tag","embeddable":true,"href":"https:\/\/fsportsnet.com\/it\/wp-json\/wp\/v2\/product_tag?post=1136"}],"curies":[{"name":"wp","href":"https:\/\/api.w.org\/{rel}","templated":true}]}}