{"id":1153,"date":"2023-04-18T15:37:32","date_gmt":"2023-04-18T07:37:32","guid":{"rendered":"https:\/\/fsportsnet.com\/?post_type=product&#038;p=1153"},"modified":"2023-04-18T15:45:51","modified_gmt":"2023-04-18T07:45:51","slug":"portable-pickle-ball-net-and-practice-net-set-includes-carrying-case","status":"publish","type":"product","link":"https:\/\/fsportsnet.com\/it\/product\/portable-pickle-ball-net-and-practice-net-set-includes-carrying-case\/","title":{"rendered":"Set di reti portatili per il gioco del plettro e la pratica, con custodia per il trasporto."},"content":{"rendered":"<p>1Dimensioni: 10ft, 12ft<br \/>\nVERSIONE MINI: Il nostro PickleNet Mini \u00e8 una versione pi\u00f9 piccola del nostro popolare sistema PickleNet e ha un'altezza regolamentare per il pickleball di 34\u201d al centro della rete.<br \/>\nDIMENSIONE: Con una lunghezza di 3 metri, \u00e8 un sistema di rete comodo da usare in campo o in qualsiasi area pi\u00f9 piccola del normale.<br \/>\nCOSTRUITO PER DURARE: anche il PickleNet Mini \u00e8 realizzato con il nostro tubo ovale brevettato di alta qualit\u00e0.<br \/>\nUTILIZZARE OVUNQUE: Godetevi il pickleball con questo sistema di reti leggero e portatile, perfetto per esercitarsi\/giocare in un vialetto, in un vicolo cieco, in cantina, in garage, ecc.<\/p>","protected":false},"excerpt":{"rendered":"<p>Fsports \u00e8 il vostro centro per l'allenamento del pickleball e del tennis a casa! \u00c8 il momento di fare un po' di esercizio fisico e di affinare le abilit\u00e0 che desiderate... il tutto senza uscire di casa! Non importa se il vostro obiettivo \u00e8 diventare un giocatore di livello mondiale, continuare a praticare il vostro hobby o trovare un gioco nuovo da provare: avete trovato il posto giusto!<\/p>","protected":false},"featured_media":1147,"template":"","meta":{"_gspb_post_css":""},"product_brand":[],"product_cat":[27],"product_tag":[],"class_list":{"0":"post-1153","1":"product","2":"type-product","3":"status-publish","4":"has-post-thumbnail","6":"product_cat-pickleball-net","8":"first","9":"instock","10":"shipping-taxable","11":"product-type-simple"},"_links":{"self":[{"href":"https:\/\/fsportsnet.com\/it\/wp-json\/wp\/v2\/product\/1153","targetHints":{"allow":["GET"]}}],"collection":[{"href":"https:\/\/fsportsnet.com\/it\/wp-json\/wp\/v2\/product"}],"about":[{"href":"https:\/\/fsportsnet.com\/it\/wp-json\/wp\/v2\/types\/product"}],"wp:featuredmedia":[{"embeddable":true,"href":"https:\/\/fsportsnet.com\/it\/wp-json\/wp\/v2\/media\/1147"}],"wp:attachment":[{"href":"https:\/\/fsportsnet.com\/it\/wp-json\/wp\/v2\/media?parent=1153"}],"wp:term":[{"taxonomy":"product_brand","embeddable":true,"href":"https:\/\/fsportsnet.com\/it\/wp-json\/wp\/v2\/product_brand?post=1153"},{"taxonomy":"product_cat","embeddable":true,"href":"https:\/\/fsportsnet.com\/it\/wp-json\/wp\/v2\/product_cat?post=1153"},{"taxonomy":"product_tag","embeddable":true,"href":"https:\/\/fsportsnet.com\/it\/wp-json\/wp\/v2\/product_tag?post=1153"}],"curies":[{"name":"wp","href":"https:\/\/api.w.org\/{rel}","templated":true}]}}