{"id":1164,"date":"2023-04-19T14:44:20","date_gmt":"2023-04-19T06:44:20","guid":{"rendered":"https:\/\/fsportsnet.com\/?post_type=product&#038;p=1164"},"modified":"2023-04-19T14:44:20","modified_gmt":"2023-04-19T06:44:20","slug":"portable-professional-outdoor-volleyball-net-set-with-adjustable-height-poles","status":"publish","type":"product","link":"https:\/\/fsportsnet.com\/it\/product\/portable-professional-outdoor-volleyball-net-set-with-adjustable-height-poles\/","title":{"rendered":"Rete da pallavolo professionale portatile per esterni con pali ad altezza regolabile"},"content":{"rendered":"<p>1.Rete: 9,75 x 0,91 m (32\u2032 x 3\u201d) rete in PE, dimensione maglia 10x10 cm.<br \/>\n2.Tubo d'acciaio: \u03c632\u00d70,8mm<br \/>\n3.Manica: tessuto oxford 420D<br \/>\n4.Borsa: tessuto oxford 600D<br \/>\n5.Accessori: Paletti, pompa per palloni con ago, linee di demarcazione, pallavolo.<br \/>\n6. Imballaggio: Ciascuno in un cartone da k=k 5lay<br \/>\n7..Dimensioni del cartone: 91 x 26 x 22,5 cm<\/p>\n<p>Altezza regolabile: Questa rete \u00e8 sostenuta da pali telescopici da 1,75 pollici di diametro, realizzati in alluminio con verniciatura a polvere, pi\u00f9 resistenti a scheggiature, graffi e sbiadimenti. \u00c8 facile scegliere l'altezza grazie al sistema di bloccaggio a pulsante. Tre opzioni di altezza: maschile (8\u2032), femminile (7\u20194\u201d) e mista (7\u20198\u201d).<br \/>\nRete ad alta visibilit\u00e0 (32\u2019L x 3\u2019H): Questa rete da pallavolo \u00e8 realizzata in poliestere a 32 strati, forte e resistente agli strappi per ogni livello di gioco. Ha maniche laterali da 5\u2033 e nastro di rete superiore e inferiore da 3\u2033 con doppia cucitura e angoli rinforzati per una tensione uniforme della rete e una maggiore durata.<br \/>\nEsclusivo sistema ad argano: Il sistema di argani in acciaio zincato per impieghi gravosi \u00e8 progettato per offrire regolazioni pi\u00f9 precise della rete, rendendo facile e indolore mantenere la rete tesa e ridurre al minimo i cedimenti al centro.<br \/>\nPallavolo in PU e linea di demarcazione in fettuccia: questo set comprende anche un pallone da pallavolo morbido al tatto con avvolgimento di filo all'interno e una linea di demarcazione in PE altamente visibile. \u00c8 di colore giallo brillante e pu\u00f2 essere fissata saldamente al terreno con gli ancoraggi angolari. Potrete cos\u00ec delimitare facilmente il vostro campo da pallavolo in giardino, in spiaggia o al parco.<br \/>\nIl set completo include: Il set comprende una borsa per il trasporto resistente alle intemperie che si adatta alla rete da pallavolo di dimensioni regolamentari, al sistema di argano, ai pali, alla palla da pallavolo in PU, alle corde di guida e alla linea di demarcazione, in modo da poterla portare facilmente ovunque si voglia. Per prolungare la durata del set, assicuratevi di riporlo nella borsa inclusa dopo l'uso.<\/p>","protected":false},"excerpt":{"rendered":"<ul class=\"a-unordered-list a-vertical a-spacing-mini\">\n<li><span class=\"a-list-item\">Set completo di pallavolo e badminton per uso esterno<\/span><\/li>\n<li><span class=\"a-list-item\">Include rete, aste, racchette, birdies o shuttlecocks e pallina.<\/span><\/li>\n<li><span class=\"a-list-item\">La resistente custodia consente di portare il set ovunque.<\/span><\/li>\n<li><span class=\"a-list-item\">Pali verniciati a polvere per impieghi gravosi e rete in PE di qualit\u00e0 superiore<\/span><\/li>\n<li><span class=\"a-list-item\">Ideale per viaggi in campeggio, giochi in spiaggia, feste in cortile e altro ancora.<\/span><\/li>\n<\/ul>","protected":false},"featured_media":1190,"template":"","meta":{"_gspb_post_css":""},"product_brand":[],"product_cat":[31],"product_tag":[],"class_list":{"0":"post-1164","1":"product","2":"type-product","3":"status-publish","4":"has-post-thumbnail","6":"product_cat-volleyball-net","8":"first","9":"instock","10":"shipping-taxable","11":"product-type-simple"},"_links":{"self":[{"href":"https:\/\/fsportsnet.com\/it\/wp-json\/wp\/v2\/product\/1164","targetHints":{"allow":["GET"]}}],"collection":[{"href":"https:\/\/fsportsnet.com\/it\/wp-json\/wp\/v2\/product"}],"about":[{"href":"https:\/\/fsportsnet.com\/it\/wp-json\/wp\/v2\/types\/product"}],"wp:featuredmedia":[{"embeddable":true,"href":"https:\/\/fsportsnet.com\/it\/wp-json\/wp\/v2\/media\/1190"}],"wp:attachment":[{"href":"https:\/\/fsportsnet.com\/it\/wp-json\/wp\/v2\/media?parent=1164"}],"wp:term":[{"taxonomy":"product_brand","embeddable":true,"href":"https:\/\/fsportsnet.com\/it\/wp-json\/wp\/v2\/product_brand?post=1164"},{"taxonomy":"product_cat","embeddable":true,"href":"https:\/\/fsportsnet.com\/it\/wp-json\/wp\/v2\/product_cat?post=1164"},{"taxonomy":"product_tag","embeddable":true,"href":"https:\/\/fsportsnet.com\/it\/wp-json\/wp\/v2\/product_tag?post=1164"}],"curies":[{"name":"wp","href":"https:\/\/api.w.org\/{rel}","templated":true}]}}