{"id":1191,"date":"2023-04-19T14:44:37","date_gmt":"2023-04-19T06:44:37","guid":{"rendered":"https:\/\/fsportsnet.com\/?post_type=product&#038;p=1191"},"modified":"2023-04-19T15:11:05","modified_gmt":"2023-04-19T07:11:05","slug":"outdoor-volleyball-net-set-training-equipment","status":"publish","type":"product","link":"https:\/\/fsportsnet.com\/it\/product\/outdoor-volleyball-net-set-training-equipment\/","title":{"rendered":"Pallavolo all'aperto Net Set Attrezzature per l'allenamento"},"content":{"rendered":"<p>1. Dimensioni: 3,81 m<br \/>\n2. Rete: Rete a 8 strati da 4\u201d in poliestere senza nodi con tessuto 420D.<br \/>\n3. Palo: \u03a614 mm in fibra di vetro nera massiccia<br \/>\n4. Tubo d'acciaio: \u03c625,4*1,0mm<br \/>\n5. Borsa: tessuto oxford 600D<br \/>\n6. N.W:6kg, G.W:6.57kg<\/p>\n<ul>\n<li class=\"p1\">Che si tratti di un allenatore che ha bisogno di spazio aggiuntivo per gli allenamenti o di un giocatore che vuole lavorare sul proprio gioco, la rete per il riscaldamento di Fsports \u00e8 la rete leggera e resistente perfetta per il campo o il cortile.<\/li>\n<li class=\"p1\">Gestire e migliorare lo spazio condiviso durante le esercitazioni di squadra con pi\u00f9 aree di riscaldamento.<\/li>\n<li class=\"p1\">Ottimo per esercitarsi nei servizi o per impostare le esercitazioni con un compagno di squadra.<\/li>\n<li class=\"p1\">I piedini in gomma antitraccia evitano di danneggiare i pavimenti e garantiscono stabilit\u00e0 e trazione in ambienti interni ed esterni.<\/li>\n<li class=\"p1\">Non sono necessari strumenti. Si installa in pochi secondi.&nbsp;<\/li>\n<\/ul>","protected":false},"excerpt":{"rendered":"<ul class=\"a-unordered-list a-vertical a-spacing-mini\">\n<li>La rete da allenamento per la pallavolo \u00e8 una soluzione pratica e di alta qualit\u00e0 per i giocatori e gli allenatori che desiderano lavorare sul proprio gioco. Questa piccola rete da pallavolo \u00e8 di altezza regolamentare ma molto pi\u00f9 stretta di una rete da gioco. \u00c8 quindi ideale per allestire stazioni di esercitazione durante gli allenamenti o per fare esercizi di riscaldamento prima di una partita. \u00c8 anche possibile posizionarla nel cortile di casa per esercitarsi con servizi e tiri al volo. Le sue dimensioni ne facilitano il trasporto per i tornei e per trovare la palestra pi\u00f9 vicina.\n<p>La nostra rete da pallavolo portatile consente di rimanere in piedi anche se colpita da un forte spike. L'altezza pu\u00f2 essere variata tra quella per la pallavolo maschile e quella per la pallavolo femminile, il che \u00e8 ottimo per le scuole e le organizzazioni che hanno un budget limitato. I piedini in gomma antitraccia aggiungono stabilit\u00e0 su qualsiasi superficie, consentendo di utilizzare la rete da allenamento sia all'interno che all'esterno. Questa rete regolabile per il riscaldamento della pallavolo richiede solo 75 secondi per essere montata e viene fornita con una borsa per portarla ovunque si svolga il prossimo allenamento.<\/li>\n<\/ul>","protected":false},"featured_media":1186,"template":"","meta":{"_gspb_post_css":""},"product_brand":[],"product_cat":[31],"product_tag":[],"class_list":{"0":"post-1191","1":"product","2":"type-product","3":"status-publish","4":"has-post-thumbnail","6":"product_cat-volleyball-net","8":"first","9":"instock","10":"shipping-taxable","11":"product-type-simple"},"_links":{"self":[{"href":"https:\/\/fsportsnet.com\/it\/wp-json\/wp\/v2\/product\/1191","targetHints":{"allow":["GET"]}}],"collection":[{"href":"https:\/\/fsportsnet.com\/it\/wp-json\/wp\/v2\/product"}],"about":[{"href":"https:\/\/fsportsnet.com\/it\/wp-json\/wp\/v2\/types\/product"}],"wp:featuredmedia":[{"embeddable":true,"href":"https:\/\/fsportsnet.com\/it\/wp-json\/wp\/v2\/media\/1186"}],"wp:attachment":[{"href":"https:\/\/fsportsnet.com\/it\/wp-json\/wp\/v2\/media?parent=1191"}],"wp:term":[{"taxonomy":"product_brand","embeddable":true,"href":"https:\/\/fsportsnet.com\/it\/wp-json\/wp\/v2\/product_brand?post=1191"},{"taxonomy":"product_cat","embeddable":true,"href":"https:\/\/fsportsnet.com\/it\/wp-json\/wp\/v2\/product_cat?post=1191"},{"taxonomy":"product_tag","embeddable":true,"href":"https:\/\/fsportsnet.com\/it\/wp-json\/wp\/v2\/product_tag?post=1191"}],"curies":[{"name":"wp","href":"https:\/\/api.w.org\/{rel}","templated":true}]}}