{"id":1197,"date":"2023-04-19T15:52:12","date_gmt":"2023-04-19T07:52:12","guid":{"rendered":"https:\/\/fsportsnet.com\/?post_type=product&#038;p=1197"},"modified":"2023-04-19T16:10:30","modified_gmt":"2023-04-19T08:10:30","slug":"spike-ball-game-set-outdoor-lawn-beach-tailgating-roundnet-game-for-kids-teens-adults","status":"publish","type":"product","link":"https:\/\/fsportsnet.com\/it\/product\/spike-ball-game-set-outdoor-lawn-beach-tailgating-roundnet-game-for-kids-teens-adults\/","title":{"rendered":"Gioco di palla a spillo Set di gioco all'aperto per bambini, adolescenti, adulti, spiaggia e Tailgating"},"content":{"rendered":"<p><strong>Dimensioni e peso<\/strong><\/p>\n<ul>\n<li>Set da beach volley<br \/>\n1. Dimensioni: 36\u201d<br \/>\n2. Materiale PVC 2ball 3,54<br \/>\n3. 1Elasticit\u00e0 netta<br \/>\n4. Dimensioni del telaio: 35,43\u00d77,87\u201d ABS<br \/>\n5. Dimensione del cartone: 56X18X10cm GW1.5kg<br \/>\n6. Imballaggio: 10 set in un cartone, 58x53x39 cm, GW 16,3 kg.<\/li>\n<li>\n<div id=\"featurebullets_feature_div\" class=\"celwidget\" data-feature-name=\"featurebullets\" data-csa-c-type=\"widget\" data-csa-c-content-id=\"featurebullets\" data-csa-c-slot-id=\"featurebullets_feature_div\" data-csa-c-asin=\"B01M0XJYVO\" data-csa-c-is-in-initial-active-row=\"false\" data-csa-c-id=\"rlkrf7-nkx9ny-d7h2vj-g8sarh\" data-cel-widget=\"featurebullets_feature_div\">\n<div id=\"feature-bullets\" class=\"a-section a-spacing-medium a-spacing-top-small\">\n<ul class=\"a-unordered-list a-vertical a-spacing-mini\">\n<li><span class=\"a-list-item\">AZIONE A QUATTRO GIOCATORI - La palla a spicchi \u00e8 un gioco divertente, attivo e competitivo (se lo si vuole) 2 contro 2, giocato con regole simili a quelle della pallavolo; da godere all'aperto, al chiuso, sul prato, in cortile, in spiaggia, in palestra, al barbecue, in famiglia, in vacanza, praticamente ovunque e per qualsiasi evento.<\/span><\/li>\n<li><span class=\"a-list-item\">33% CERCHI E GAMBE PI\u00d9 FORTI - Minori probabilit\u00e0 di rottura in caso di caduta o tuffo errati. Superficie di gioco pi\u00f9 stabile.<\/span><\/li>\n<li><span class=\"a-list-item\">PALLE MIGLIORI - L'aggiunta di texture sulle Pro Balls consente di ottenere pi\u00f9 spin e controllo sui colpi.<\/span><\/li>\n<li><span class=\"a-list-item\">SPEDITO IN UNA SCATOLA CON IL MARCHIO SPIKE BALL! Scegliere \u201cSpedire in confezione Amazon\u201d alla cassa se si tratta di una sorpresa!<\/span><\/li>\n<li><span class=\"a-list-item\">PER TUTTE LE ET\u00c0 - Lo spike ball pu\u00f2 essere modificato in molti modi per coinvolgere tutta la squadra. C'\u00e8 sempre un modo per giocare.<\/span><\/li>\n<\/ul>\n<\/div>\n<\/div>\n<div id=\"provenanceCertifications_feature_div\" class=\"celwidget\" data-feature-name=\"provenanceCertifications\" data-csa-c-type=\"widget\" data-csa-c-content-id=\"provenanceCertifications\" data-csa-c-slot-id=\"provenanceCertifications_feature_div\" data-csa-c-asin=\"B01M0XJYVO\" data-csa-c-is-in-initial-active-row=\"false\" data-csa-c-id=\"hz44ly-5iges3-ngvab4-ye1uuw\" data-cel-widget=\"provenanceCertifications_feature_div\">\n<div id=\"provenance-certifications\" class=\"a-section a-spacing-medium a-spacing-top-micro\"><\/div>\n<\/div>\n<\/li>\n<\/ul>","protected":false},"excerpt":{"rendered":"<p class=\"a-size-small\"><span class=\"a-text-bold\">Un design della scocca pi\u00f9 robusto<\/span>\u00a0migliora il gioco mantenendo stabile il set e la rete durante i giochi pi\u00f9 duri.<\/p>\n<ul class=\"a-unordered-list a-vertical a-spacing-mini\">\n<li><span class=\"a-list-item\">Palla a spicchi: Un appassionante gioco all'aperto per bambini e adulti! Il set comprende 1 bersaglio, 2 palline da competizione da 9 cm, 1 pallina da allenamento da 12 cm, custodia da viaggio e regole del gioco.<\/span><\/li>\n<li><span class=\"a-list-item\">Che cos'\u00e8 lo Spike ball: La palla a spicchi \u00e8 un gioco d'azione 2 contro 2 in stile pallavolo in cui le squadre hanno 3 colpi per rinviare o colpire la palla alla rete circolare - divertente per tutti in spiaggia, ai barbecue, in campeggio e altro ancora!<\/span><\/li>\n<li><span class=\"a-list-item\">DIVERTIMENTO ATLETICO: lo Spike ball \u00e8 un gioco attivo che funziona benissimo come allenamento trasversale per molti altri sport o semplicemente per sudare! (et\u00e0 consigliata 12+)<\/span><\/li>\n<\/ul>","protected":false},"featured_media":1187,"template":"","meta":{"_gspb_post_css":""},"product_brand":[],"product_cat":[31],"product_tag":[],"class_list":{"0":"post-1197","1":"product","2":"type-product","3":"status-publish","4":"has-post-thumbnail","6":"product_cat-volleyball-net","8":"first","9":"instock","10":"shipping-taxable","11":"product-type-simple"},"_links":{"self":[{"href":"https:\/\/fsportsnet.com\/it\/wp-json\/wp\/v2\/product\/1197","targetHints":{"allow":["GET"]}}],"collection":[{"href":"https:\/\/fsportsnet.com\/it\/wp-json\/wp\/v2\/product"}],"about":[{"href":"https:\/\/fsportsnet.com\/it\/wp-json\/wp\/v2\/types\/product"}],"wp:featuredmedia":[{"embeddable":true,"href":"https:\/\/fsportsnet.com\/it\/wp-json\/wp\/v2\/media\/1187"}],"wp:attachment":[{"href":"https:\/\/fsportsnet.com\/it\/wp-json\/wp\/v2\/media?parent=1197"}],"wp:term":[{"taxonomy":"product_brand","embeddable":true,"href":"https:\/\/fsportsnet.com\/it\/wp-json\/wp\/v2\/product_brand?post=1197"},{"taxonomy":"product_cat","embeddable":true,"href":"https:\/\/fsportsnet.com\/it\/wp-json\/wp\/v2\/product_cat?post=1197"},{"taxonomy":"product_tag","embeddable":true,"href":"https:\/\/fsportsnet.com\/it\/wp-json\/wp\/v2\/product_tag?post=1197"}],"curies":[{"name":"wp","href":"https:\/\/api.w.org\/{rel}","templated":true}]}}