{"id":1453,"date":"2023-04-25T15:53:44","date_gmt":"2023-04-25T07:53:44","guid":{"rendered":"https:\/\/fsportsnet.com\/?post_type=product&#038;p=1453"},"modified":"2023-04-25T15:53:44","modified_gmt":"2023-04-25T07:53:44","slug":"portable-badminton-net-set-easy-and-fast-assembly","status":"publish","type":"product","link":"https:\/\/fsportsnet.com\/it\/product\/portable-badminton-net-set-easy-and-fast-assembly\/","title":{"rendered":"Set di reti da badminton portatile Montaggio facile e veloce"},"content":{"rendered":"<ul class=\"a-unordered-list a-vertical a-spacing-mini\">\n<li><span class=\"a-list-item\">Rete multisport di alta qualit\u00e0: La resistente rete da badminton di Fsport \u00e8 realizzata con materiali di alta qualit\u00e0, tra cui reti in PE e robusti pali in acciaio, che la rendono ideale per l'uso interno ed esterno. Con una lunghezza di 10FT, questa rete sportiva \u00e8 perfetta per il badminton e la pallavolo.<\/span><\/li>\n<li><span class=\"a-list-item\">Rete da tennis stabile e affidabile: La nostra rete sportiva \u00e8 stata progettata per essere stabile e affidabile, con un robusto telaio in acciaio che fornisce un supporto extra e una maggiore durata. Sia che giochiate a casa o in viaggio, questa rete rimarr\u00e0 al suo posto, permettendovi di concentrarvi sul vostro gioco e di godervi la competizione.<\/span><\/li>\n<li><span class=\"a-list-item\">Facile da riporre e trasportare: Grazie alla comoda borsa per il trasporto inclusa, questa rete sportiva pu\u00f2 essere facilmente riposta e trasportata. Che siate diretti alla spiaggia o nel giardino di un amico, \u00e8 sufficiente riporre la rete nella borsa e portarla con voi. \u00c8 cos\u00ec facile!<\/span><\/li>\n<li><span class=\"a-list-item\">Perfetta per tutte le et\u00e0: Che siate professionisti esperti o alle prime armi, la rete da badminton di Fsports \u00e8 adatta a giocatori di tutte le et\u00e0. Grazie ai materiali di alta qualit\u00e0 e alla struttura robusta, questa rete \u00e8 in grado di resistere anche alle partite pi\u00f9 intense e regaler\u00e0 ore di divertimento a tutta la famiglia.<\/span><\/li>\n<li><span class=\"a-list-item\">Regalo ideale: questa rete sportiva \u00e8 un regalo ideale per compleanni, Natale o qualsiasi altra ricorrenza. Grazie alla sua struttura di alta qualit\u00e0 e alla versatilit\u00e0 d'uso, porter\u00e0 sicuramente gioia a chiunque ami lo sport e la vita all'aria aperta. Inoltre, grazie alla consegna rapida negli Stati Uniti e a un'azienda con sede negli Stati Uniti, potete fidarvi di noi per una consegna rapida e affidabile della vostra rete sportiva.<\/span><\/li>\n<\/ul>","protected":false},"excerpt":{"rendered":"<p>Adatto a giocatori occasionali e competitivi di tutti i livelli e di tutte le et\u00e0, bambini e adulti. Iniziate una nuova tradizione - o rivalit\u00e0 - e fate attivit\u00e0 fisica in famiglia nel vostro giardino.<br \/>\nLe racchette in formato ufficiale, abbinate per colore, sono caratterizzate da una trama polimerica rinforzata e da un robusto telaio in metallo. Sono leggere e maneggevoli: l'attrezzatura perfetta per i nuovi giocatori o per gli ambiziosi futuri professionisti.<\/p>","protected":false},"featured_media":1471,"template":"","meta":{"_gspb_post_css":""},"product_brand":[],"product_cat":[34],"product_tag":[],"class_list":{"0":"post-1453","1":"product","2":"type-product","3":"status-publish","4":"has-post-thumbnail","6":"product_cat-badminton-net","8":"first","9":"instock","10":"shipping-taxable","11":"product-type-simple"},"_links":{"self":[{"href":"https:\/\/fsportsnet.com\/it\/wp-json\/wp\/v2\/product\/1453","targetHints":{"allow":["GET"]}}],"collection":[{"href":"https:\/\/fsportsnet.com\/it\/wp-json\/wp\/v2\/product"}],"about":[{"href":"https:\/\/fsportsnet.com\/it\/wp-json\/wp\/v2\/types\/product"}],"wp:featuredmedia":[{"embeddable":true,"href":"https:\/\/fsportsnet.com\/it\/wp-json\/wp\/v2\/media\/1471"}],"wp:attachment":[{"href":"https:\/\/fsportsnet.com\/it\/wp-json\/wp\/v2\/media?parent=1453"}],"wp:term":[{"taxonomy":"product_brand","embeddable":true,"href":"https:\/\/fsportsnet.com\/it\/wp-json\/wp\/v2\/product_brand?post=1453"},{"taxonomy":"product_cat","embeddable":true,"href":"https:\/\/fsportsnet.com\/it\/wp-json\/wp\/v2\/product_cat?post=1453"},{"taxonomy":"product_tag","embeddable":true,"href":"https:\/\/fsportsnet.com\/it\/wp-json\/wp\/v2\/product_tag?post=1453"}],"curies":[{"name":"wp","href":"https:\/\/api.w.org\/{rel}","templated":true}]}}