{"id":1476,"date":"2023-04-25T16:01:34","date_gmt":"2023-04-25T08:01:34","guid":{"rendered":"https:\/\/fsportsnet.com\/?post_type=product&#038;p=1476"},"modified":"2023-04-25T16:09:05","modified_gmt":"2023-04-25T08:09:05","slug":"multi-sports-net-volleyball-net-tennis-net-set-badminton-net-set-for-pickleball-volleyball-soccer-tennis","status":"publish","type":"product","link":"https:\/\/fsportsnet.com\/it\/product\/multi-sports-net-volleyball-net-tennis-net-set-badminton-net-set-for-pickleball-volleyball-soccer-tennis\/","title":{"rendered":"Multi Sports Net Volleyball Net Tennis Net Set Badminton Net Set per Pickleball Volleyball Soccer Tennis"},"content":{"rendered":"<ul class=\"a-unordered-list a-vertical a-spacing-mini\">\n<li>RETE REGOLABILE PER USO MULTISPORT: Scegliete tra TRE impostazioni di altezza per diverse opzioni di gioco o di allenamento. Utilizzate la rete nella posizione pi\u00f9 bassa come barriera di sicurezza o transenna per impedire alle palle di rotolare in strada; un'ottima scelta per i genitori.<br \/>\nRETE PROGETTATA PER CAMPI DA GIOCO AL CHIUSO O ALL'APERTO (NON SONO NECESSARI PICCHETTI): Che si tratti di badminton, calcio tennis, tennis su prato o pickleball, questa rete \u00e8 un'ottima scelta per la famiglia e gli amici. Per giocare ovunque: sull'erba, in spiaggia, nel cortile di casa o nella palestra della scuola.<br \/>\nFacile da montare e smontare: l'installazione richiede meno di 5 minuti! Anche lo smontaggio della rete resistente alla ruggine \u00e8 facile e veloce. La rete \u00e8 realizzata con un filo di nylon di alta qualit\u00e0 che garantisce anni di divertimento senza la preoccupazione che la rete si strappi.<br \/>\nFACILE DA TRASPORTARE E DA RIPORRE: Il resistente set di reti sportive \u00e8 leggero, pieghevole, portatile e pratico. INCLUDE una borsa da trasporto per riporre i pali e la rete e portarli con s\u00e9 in palestra, al parco, in campeggio, ai raduni o alle feste di compleanno.<br \/>\nARTICOLI BONUS: Che razza di campo da gioco \u00e8 ufficiale senza le linee? Sono inclusi quattro paletti per il terreno e linee di confine per creare il proprio campo da gioco per le partite competitive.<\/li>\n<\/ul>","protected":false},"excerpt":{"rendered":"<p>La nostra rete sportiva \u00e8 stata progettata per essere stabile e affidabile, con un robusto telaio in acciaio che fornisce un sostegno supplementare e una maggiore durata. Sia che giochiate a casa o in viaggio, questa rete rimarr\u00e0 al suo posto, permettendovi di concentrarvi sul vostro gioco e di godervi la competizione.<\/p>","protected":false},"featured_media":1463,"template":"","meta":{"_gspb_post_css":""},"product_brand":[],"product_cat":[35],"product_tag":[],"class_list":{"0":"post-1476","1":"product","2":"type-product","3":"status-publish","4":"has-post-thumbnail","6":"product_cat-multi-sports-net","8":"first","9":"instock","10":"shipping-taxable","11":"product-type-simple"},"_links":{"self":[{"href":"https:\/\/fsportsnet.com\/it\/wp-json\/wp\/v2\/product\/1476","targetHints":{"allow":["GET"]}}],"collection":[{"href":"https:\/\/fsportsnet.com\/it\/wp-json\/wp\/v2\/product"}],"about":[{"href":"https:\/\/fsportsnet.com\/it\/wp-json\/wp\/v2\/types\/product"}],"wp:featuredmedia":[{"embeddable":true,"href":"https:\/\/fsportsnet.com\/it\/wp-json\/wp\/v2\/media\/1463"}],"wp:attachment":[{"href":"https:\/\/fsportsnet.com\/it\/wp-json\/wp\/v2\/media?parent=1476"}],"wp:term":[{"taxonomy":"product_brand","embeddable":true,"href":"https:\/\/fsportsnet.com\/it\/wp-json\/wp\/v2\/product_brand?post=1476"},{"taxonomy":"product_cat","embeddable":true,"href":"https:\/\/fsportsnet.com\/it\/wp-json\/wp\/v2\/product_cat?post=1476"},{"taxonomy":"product_tag","embeddable":true,"href":"https:\/\/fsportsnet.com\/it\/wp-json\/wp\/v2\/product_tag?post=1476"}],"curies":[{"name":"wp","href":"https:\/\/api.w.org\/{rel}","templated":true}]}}