{"id":1488,"date":"2023-04-25T16:26:08","date_gmt":"2023-04-25T08:26:08","guid":{"rendered":"https:\/\/fsportsnet.com\/?post_type=product&#038;p=1488"},"modified":"2023-04-25T16:34:18","modified_gmt":"2023-04-25T08:34:18","slug":"adjustable-height-portable-multi-sports-net-volleyball-tennis-badminton-pickleball-net","status":"publish","type":"product","link":"https:\/\/fsportsnet.com\/it\/product\/adjustable-height-portable-multi-sports-net-volleyball-tennis-badminton-pickleball-net\/","title":{"rendered":"Altezza regolabile Rete portatile multi sport Pallavolo Tennis Badminton Pickleball Net"},"content":{"rendered":"<ul class=\"a-unordered-list a-vertical a-spacing-mini\">\n<li>Rete multisport di alta qualit\u00e0: La resistente rete da tennis di Fsports \u00e8 realizzata con materiali di alta qualit\u00e0, tra cui reti in PE e robusti pali in acciaio, che la rendono ideale per l'uso interno ed esterno. Con una lunghezza di 10FT e un'altezza da 3FT a 5.2FT, questa rete sportiva \u00e8 perfetta per il tennis, il badminton, la pallavolo, il pickle ball e il calcio.<br \/>\nRete da tennis stabile e affidabile: La nostra rete sportiva \u00e8 stata progettata per essere stabile e affidabile, con un robusto telaio in acciaio che fornisce un supporto extra e una maggiore durata. Sia che giochiate a casa o in viaggio, questa rete rimarr\u00e0 al suo posto, permettendovi di concentrarvi sul vostro gioco e di godervi la competizione.<br \/>\nFacile da riporre e trasportare: Grazie alla comoda borsa per il trasporto inclusa, questa rete sportiva pu\u00f2 essere facilmente riposta e trasportata. Che siate diretti alla spiaggia o nel giardino di un amico, \u00e8 sufficiente riporre la rete nella borsa e portarla con voi. \u00c8 cos\u00ec facile!<br \/>\nPerfetta per tutte le et\u00e0: Che siate professionisti esperti o alle prime armi, la rete da tennis di Fsports \u00e8 adatta a giocatori di tutte le et\u00e0. Grazie ai materiali di alta qualit\u00e0 e alla struttura robusta, questa rete pu\u00f2 resistere anche alle partite pi\u00f9 intense e regalare ore di divertimento a tutta la famiglia.<br \/>\nRegalo ideale: questa rete sportiva \u00e8 un regalo ideale per compleanni, Natale o qualsiasi altra ricorrenza. Grazie alla sua struttura di alta qualit\u00e0 e alla versatilit\u00e0 d'uso, porter\u00e0 sicuramente gioia a chiunque ami lo sport e la vita all'aria aperta. Inoltre, grazie alla consegna rapida negli Stati Uniti e a un'azienda con sede negli Stati Uniti, potete fidarvi di noi per una consegna rapida e affidabile della vostra rete sportiva.<\/li>\n<\/ul>","protected":false},"excerpt":{"rendered":"<p>La nostra rete sportiva \u00e8 stata progettata per essere stabile e affidabile, con un robusto telaio in acciaio che fornisce un sostegno supplementare e una maggiore durata. Sia che giochiate a casa o in viaggio, questa rete rimarr\u00e0 al suo posto, permettendovi di concentrarvi sul vostro gioco e di godervi la competizione.<\/p>","protected":false},"featured_media":1481,"template":"","meta":{"_gspb_post_css":""},"product_brand":[],"product_cat":[35],"product_tag":[],"class_list":{"0":"post-1488","1":"product","2":"type-product","3":"status-publish","4":"has-post-thumbnail","6":"product_cat-multi-sports-net","8":"first","9":"instock","10":"shipping-taxable","11":"product-type-simple"},"_links":{"self":[{"href":"https:\/\/fsportsnet.com\/it\/wp-json\/wp\/v2\/product\/1488","targetHints":{"allow":["GET"]}}],"collection":[{"href":"https:\/\/fsportsnet.com\/it\/wp-json\/wp\/v2\/product"}],"about":[{"href":"https:\/\/fsportsnet.com\/it\/wp-json\/wp\/v2\/types\/product"}],"wp:featuredmedia":[{"embeddable":true,"href":"https:\/\/fsportsnet.com\/it\/wp-json\/wp\/v2\/media\/1481"}],"wp:attachment":[{"href":"https:\/\/fsportsnet.com\/it\/wp-json\/wp\/v2\/media?parent=1488"}],"wp:term":[{"taxonomy":"product_brand","embeddable":true,"href":"https:\/\/fsportsnet.com\/it\/wp-json\/wp\/v2\/product_brand?post=1488"},{"taxonomy":"product_cat","embeddable":true,"href":"https:\/\/fsportsnet.com\/it\/wp-json\/wp\/v2\/product_cat?post=1488"},{"taxonomy":"product_tag","embeddable":true,"href":"https:\/\/fsportsnet.com\/it\/wp-json\/wp\/v2\/product_tag?post=1488"}],"curies":[{"name":"wp","href":"https:\/\/api.w.org\/{rel}","templated":true}]}}